{"id":2382,"date":"2022-04-22T13:45:32","date_gmt":"2022-04-22T13:45:32","guid":{"rendered":"https:\/\/smartit.ws\/?page_id=2382"},"modified":"2022-10-18T10:45:57","modified_gmt":"2022-10-18T10:45:57","slug":"news","status":"publish","type":"page","link":"https:\/\/smartit.ws\/az\/news\/","title":{"rendered":"News"},"content":{"rendered":"<div data-elementor-type=\"wp-page\" data-elementor-id=\"2382\" class=\"elementor elementor-2382\" data-elementor-settings=\"{&quot;ha_cmc_init_switcher&quot;:&quot;no&quot;}\" data-elementor-post-type=\"page\">\n\t\t\t\t\t\t<section class=\"elementor-section elementor-top-section elementor-element elementor-element-4641f8c elementor-section-boxed elementor-section-height-default elementor-section-height-default\" data-id=\"4641f8c\" data-element_type=\"section\" data-e-type=\"section\">\n\t\t\t\t\t\t<div class=\"elementor-container elementor-column-gap-default\">\n\t\t\t\t\t<div class=\"elementor-column elementor-col-100 elementor-top-column elementor-element elementor-element-3cc211c\" data-id=\"3cc211c\" data-element_type=\"column\" data-e-type=\"column\">\n\t\t\t<div class=\"elementor-widget-wrap elementor-element-populated\">\n\t\t\t\t\t\t<div class=\"elementor-element elementor-element-65c7903 elementor-widget elementor-widget-cz_title\" data-id=\"65c7903\" data-element_type=\"widget\" data-e-type=\"widget\" data-widget_type=\"cz_title.default\">\n\t\t\t\t<div class=\"elementor-widget-container\">\n\t\t\t\t\t\t\r\n\t\t<div>\r\n\t\t\t<div class=\"cz_title clr cz_mobile_text_center cz_title_pos_inline\"><div class=\"cz_title_content\"><div class=\"cz_wpe_content\"><h3><span style=\"font-size: 38px;\"><span style=\"color: #37abda;\">X\u018fB\u018fRL\u018fR<\/span><\/span><\/h3><\/div><\/div><\/div>\r\n\t\t<\/div>\r\n\t\t\r\n\t\t\t\t\t\t<\/div>\n\t\t\t\t<\/div>\n\t\t\t\t<section class=\"elementor-section elementor-inner-section elementor-element elementor-element-f85a474 elementor-section-boxed elementor-section-height-default elementor-section-height-default\" data-id=\"f85a474\" data-element_type=\"section\" data-e-type=\"section\">\n\t\t\t\t\t\t<div class=\"elementor-container elementor-column-gap-no\">\n\t\t\t\t\t<div class=\"elementor-column elementor-col-100 elementor-inner-column elementor-element elementor-element-9bb6dc0\" data-id=\"9bb6dc0\" data-element_type=\"column\" data-e-type=\"column\">\n\t\t\t<div class=\"elementor-widget-wrap elementor-element-populated\">\n\t\t\t\t\t\t<div class=\"elementor-element elementor-element-f4a9392 elementor-widget elementor-widget-cz_title\" data-id=\"f4a9392\" data-element_type=\"widget\" data-e-type=\"widget\" data-widget_type=\"cz_title.default\">\n\t\t\t\t<div class=\"elementor-widget-container\">\n\t\t\t\t\t\t\r\n\t\t<div>\r\n\t\t\t<div class=\"cz_title clr cz_mobile_text_center cz_title_pos_inline\"><div class=\"cz_title_content\"><div class=\"cz_wpe_content\"><p><span style=\"font-size: 18px; color: #37abda;\">\u015eirk\u0259timizin \u0259n son x\u0259b\u0259rl\u0259ri<\/span><\/p><\/div><\/div><\/div>\r\n\t\t<\/div>\r\n\t\t\r\n\t\t\t\t\t\t<\/div>\n\t\t\t\t<\/div>\n\t\t\t\t<div class=\"elementor-element elementor-element-d110a47 elementor-grid-3 elementor-grid-tablet-2 elementor-grid-mobile-1 elementor-posts--thumbnail-top elementor-widget elementor-widget-posts\" data-id=\"d110a47\" data-element_type=\"widget\" data-e-type=\"widget\" data-settings=\"{&quot;classic_columns&quot;:&quot;3&quot;,&quot;classic_columns_tablet&quot;:&quot;2&quot;,&quot;classic_columns_mobile&quot;:&quot;1&quot;,&quot;classic_row_gap&quot;:{&quot;unit&quot;:&quot;px&quot;,&quot;size&quot;:35,&quot;sizes&quot;:[]},&quot;classic_row_gap_tablet&quot;:{&quot;unit&quot;:&quot;px&quot;,&quot;size&quot;:&quot;&quot;,&quot;sizes&quot;:[]},&quot;classic_row_gap_mobile&quot;:{&quot;unit&quot;:&quot;px&quot;,&quot;size&quot;:&quot;&quot;,&quot;sizes&quot;:[]}}\" data-widget_type=\"posts.classic\">\n\t\t\t\t<div class=\"elementor-widget-container\">\n\t\t\t\t\t\t\t<div class=\"elementor-posts-container elementor-posts elementor-posts--skin-classic elementor-grid\" role=\"list\">\n\t\t\t\t<article class=\"elementor-post elementor-grid-item post-4133 post type-post status-publish format-standard has-post-thumbnail hentry category-news tag-blog tag-business\" role=\"listitem\">\n\t\t\t\t<a class=\"elementor-post__thumbnail__link\" href=\"https:\/\/smartit.ws\/az\/2026\/04\/13\/smartit-10th-anniversary\/\" tabindex=\"-1\" >\n\t\t\t<div class=\"elementor-post__thumbnail\"><img fetchpriority=\"high\" decoding=\"async\" width=\"1024\" height=\"960\" src=\"https:\/\/smartit.ws\/wp-content\/uploads\/2026\/04\/photo_2026-04-13-13.54.52-2-1024x960.jpeg\" class=\"attachment-large size-large wp-image-4135\" alt=\"\" \/><\/div>\n\t\t<\/a>\n\t\t\t\t<div class=\"elementor-post__text\">\n\t\t\t\t<h3 class=\"elementor-post__title\">\n\t\t\t<a href=\"https:\/\/smartit.ws\/az\/2026\/04\/13\/smartit-10th-anniversary\/\" >\n\t\t\t\tSmartIT: \u015eirk\u0259tin 10 illiyi\t\t\t<\/a>\n\t\t<\/h3>\n\t\t\t\t<div class=\"elementor-post__meta-data\">\n\t\t\t\t\t<span class=\"elementor-post-date\">\n\t\t\tAprel 13, 2026\t\t<\/span>\n\t\t\t\t<\/div>\n\t\t\t\t<\/div>\n\t\t\t\t<\/article>\n\t\t\t\t<article class=\"elementor-post elementor-grid-item post-4112 post type-post status-publish format-standard has-post-thumbnail hentry category-news category-uncategorized tag-blog tag-business\" role=\"listitem\">\n\t\t\t\t<a class=\"elementor-post__thumbnail__link\" href=\"https:\/\/smartit.ws\/az\/2026\/04\/02\/sysadmin-day-2025-it-community-meetup-in-baku\/\" tabindex=\"-1\" >\n\t\t\t<div class=\"elementor-post__thumbnail\"><img decoding=\"async\" width=\"1024\" height=\"680\" src=\"https:\/\/smartit.ws\/wp-content\/uploads\/2026\/04\/1-3-1024x680.jpg\" class=\"attachment-large size-large wp-image-4114\" alt=\"\" \/><\/div>\n\t\t<\/a>\n\t\t\t\t<div class=\"elementor-post__text\">\n\t\t\t\t<h3 class=\"elementor-post__title\">\n\t\t\t<a href=\"https:\/\/smartit.ws\/az\/2026\/04\/02\/sysadmin-day-2025-it-community-meetup-in-baku\/\" >\n\t\t\t\tSysAdmin Day 2025: \u0130T icmas\u0131n\u0131n g\u00f6r\u00fc\u015f\u00fc\t\t\t<\/a>\n\t\t<\/h3>\n\t\t\t\t<div class=\"elementor-post__meta-data\">\n\t\t\t\t\t<span class=\"elementor-post-date\">\n\t\t\tAprel 2, 2026\t\t<\/span>\n\t\t\t\t<\/div>\n\t\t\t\t<\/div>\n\t\t\t\t<\/article>\n\t\t\t\t<article class=\"elementor-post elementor-grid-item post-4056 post type-post status-publish format-standard has-post-thumbnail hentry category-news\" role=\"listitem\">\n\t\t\t\t<a class=\"elementor-post__thumbnail__link\" href=\"https:\/\/smartit.ws\/az\/2025\/11\/27\/smartit-announces-a-new-partnership-with-invicti\/\" tabindex=\"-1\" >\n\t\t\t<div class=\"elementor-post__thumbnail\"><img decoding=\"async\" width=\"1024\" height=\"630\" src=\"https:\/\/smartit.ws\/wp-content\/uploads\/2025\/11\/fif-1024x630.png\" class=\"attachment-large size-large wp-image-4078\" alt=\"\" srcset=\"https:\/\/smartit.ws\/wp-content\/uploads\/2025\/11\/fif-1024x630.png 1024w, https:\/\/smartit.ws\/wp-content\/uploads\/2025\/11\/fif-18x10.png 18w\" sizes=\"(max-width: 1024px) 100vw, 1024px\" \/><\/div>\n\t\t<\/a>\n\t\t\t\t<div class=\"elementor-post__text\">\n\t\t\t\t<h3 class=\"elementor-post__title\">\n\t\t\t<a href=\"https:\/\/smartit.ws\/az\/2025\/11\/27\/smartit-announces-a-new-partnership-with-invicti\/\" >\n\t\t\t\tSmartIT Invicti il\u0259 yeni t\u0259r\u0259fda\u015fl\u0131q elan edir.\t\t\t<\/a>\n\t\t<\/h3>\n\t\t\t\t<div class=\"elementor-post__meta-data\">\n\t\t\t\t\t<span class=\"elementor-post-date\">\n\t\t\tNoyabr 27, 2025\t\t<\/span>\n\t\t\t\t<\/div>\n\t\t\t\t<\/div>\n\t\t\t\t<\/article>\n\t\t\t\t<article class=\"elementor-post elementor-grid-item post-3941 post type-post status-publish format-standard has-post-thumbnail hentry category-news tag-blog tag-business tag-top\" role=\"listitem\">\n\t\t\t\t<a class=\"elementor-post__thumbnail__link\" href=\"https:\/\/smartit.ws\/az\/2023\/05\/30\/smartit-and-bakotech-recently-hosted-a-ciso-meet-up-basqal-volume-3\/\" tabindex=\"-1\" >\n\t\t\t<div class=\"elementor-post__thumbnail\"><img loading=\"lazy\" decoding=\"async\" width=\"1024\" height=\"1024\" src=\"https:\/\/smartit.ws\/wp-content\/uploads\/2023\/05\/1684310445950-1024x1024.jpg\" class=\"attachment-large size-large wp-image-3944\" alt=\"\" srcset=\"https:\/\/smartit.ws\/wp-content\/uploads\/2023\/05\/1684310445950-1024x1024.jpg 1024w, https:\/\/smartit.ws\/wp-content\/uploads\/2023\/05\/1684310445950-300x300.jpg 300w, https:\/\/smartit.ws\/wp-content\/uploads\/2023\/05\/1684310445950-150x150.jpg 150w, https:\/\/smartit.ws\/wp-content\/uploads\/2023\/05\/1684310445950-768x768.jpg 768w, https:\/\/smartit.ws\/wp-content\/uploads\/2023\/05\/1684310445950-600x600.jpg 600w\" sizes=\"(max-width: 1024px) 100vw, 1024px\" \/><\/div>\n\t\t<\/a>\n\t\t\t\t<div class=\"elementor-post__text\">\n\t\t\t\t<h3 class=\"elementor-post__title\">\n\t\t\t<a href=\"https:\/\/smartit.ws\/az\/2023\/05\/30\/smartit-and-bakotech-recently-hosted-a-ciso-meet-up-basqal-volume-3\/\" >\n\t\t\t\tSmartIT v\u0259 Bakotech \u015firk\u0259tl\u0259ri bu yax\u0131nlarda CISO meet-up Basqal Volume 3 adl\u0131 t\u0259dbir ke\u00e7irmi\u015fdir.\t\t\t<\/a>\n\t\t<\/h3>\n\t\t\t\t<div class=\"elementor-post__meta-data\">\n\t\t\t\t\t<span class=\"elementor-post-date\">\n\t\t\tMay 30, 2023\t\t<\/span>\n\t\t\t\t<\/div>\n\t\t\t\t<\/div>\n\t\t\t\t<\/article>\n\t\t\t\t<article class=\"elementor-post elementor-grid-item post-3956 post type-post status-publish format-standard has-post-thumbnail hentry category-news tag-blog tag-business tag-top\" role=\"listitem\">\n\t\t\t\t<a class=\"elementor-post__thumbnail__link\" href=\"https:\/\/smartit.ws\/az\/2023\/04\/30\/smartit-achieved-palo-alto-networks-cortex-extended-managed-detection-and-response-xmdr-specialization-and-certified-professional-services-partner-cpsp-status\/\" tabindex=\"-1\" >\n\t\t\t<div class=\"elementor-post__thumbnail\"><img loading=\"lazy\" decoding=\"async\" width=\"1000\" height=\"716\" src=\"https:\/\/smartit.ws\/wp-content\/uploads\/2023\/04\/smart.png\" class=\"attachment-large size-large wp-image-3958\" alt=\"\" srcset=\"https:\/\/smartit.ws\/wp-content\/uploads\/2023\/04\/smart.png 1000w, https:\/\/smartit.ws\/wp-content\/uploads\/2023\/04\/smart-18x12.png 18w, https:\/\/smartit.ws\/wp-content\/uploads\/2023\/04\/smart-600x430.png 600w\" sizes=\"(max-width: 1000px) 100vw, 1000px\" \/><\/div>\n\t\t<\/a>\n\t\t\t\t<div class=\"elementor-post__text\">\n\t\t\t\t<h3 class=\"elementor-post__title\">\n\t\t\t<a href=\"https:\/\/smartit.ws\/az\/2023\/04\/30\/smartit-achieved-palo-alto-networks-cortex-extended-managed-detection-and-response-xmdr-specialization-and-certified-professional-services-partner-cpsp-status\/\" >\n\t\t\t\tSmartIT \u015firk\u0259ti Palo Alto Networks-d\u0259n Cortex eXtended Managed Detection and Response (XMDR) \u0130xtisasla\u015fmas\u0131 v\u0259 Sertifikatla\u015fd\u0131r\u0131lm\u0131\u015f Pe\u015f\u0259kar Xidm\u0259tl\u0259r Partnyoru (Certified Professional Services Partner, CPSP) statusunu alm\u0131\u015fd\u0131r.\t\t\t<\/a>\n\t\t<\/h3>\n\t\t\t\t<div class=\"elementor-post__meta-data\">\n\t\t\t\t\t<span class=\"elementor-post-date\">\n\t\t\tAprel 30, 2023\t\t<\/span>\n\t\t\t\t<\/div>\n\t\t\t\t<\/div>\n\t\t\t\t<\/article>\n\t\t\t\t<article class=\"elementor-post elementor-grid-item post-70 post type-post status-publish format-standard has-post-thumbnail hentry category-news tag-blog tag-business tag-top\" role=\"listitem\">\n\t\t\t\t<a class=\"elementor-post__thumbnail__link\" href=\"https:\/\/smartit.ws\/az\/2022\/09\/30\/smartit-and-bakotech-held-a-conference-called-ciso-meetup-2022\/\" tabindex=\"-1\" >\n\t\t\t<div class=\"elementor-post__thumbnail\"><img loading=\"lazy\" decoding=\"async\" width=\"1024\" height=\"768\" src=\"https:\/\/smartit.ws\/wp-content\/uploads\/2018\/06\/IMG_5287.jpeg\" class=\"attachment-large size-large wp-image-3340\" alt=\"\" srcset=\"https:\/\/smartit.ws\/wp-content\/uploads\/2018\/06\/IMG_5287.jpeg 1024w, https:\/\/smartit.ws\/wp-content\/uploads\/2018\/06\/IMG_5287-600x450.jpeg 600w\" sizes=\"(max-width: 1024px) 100vw, 1024px\" \/><\/div>\n\t\t<\/a>\n\t\t\t\t<div class=\"elementor-post__text\">\n\t\t\t\t<h3 class=\"elementor-post__title\">\n\t\t\t<a href=\"https:\/\/smartit.ws\/az\/2022\/09\/30\/smartit-and-bakotech-held-a-conference-called-ciso-meetup-2022\/\" >\n\t\t\t\t\"SmartIT\" v\u0259 \"Bakotech\" \u015firk\u0259tl\u0259ri \"CISO Meetup 2022\" adl\u0131 konfrans ke\u00e7irmi\u015fdir\t\t\t<\/a>\n\t\t<\/h3>\n\t\t\t\t<div class=\"elementor-post__meta-data\">\n\t\t\t\t\t<span class=\"elementor-post-date\">\n\t\t\tSentyabr 30, 2022\t\t<\/span>\n\t\t\t\t<\/div>\n\t\t\t\t<\/div>\n\t\t\t\t<\/article>\n\t\t\t\t<\/div>\n\t\t\n\t\t\t\t\t\t<\/div>\n\t\t\t\t<\/div>\n\t\t\t\t\t<\/div>\n\t\t<\/div>\n\t\t\t\t\t<\/div>\n\t\t<\/section>\n\t\t\t\t\t<\/div>\n\t\t<\/div>\n\t\t\t\t\t<\/div>\n\t\t<\/section>\n\t\t\t\t<section class=\"elementor-section elementor-top-section elementor-element elementor-element-72e84d8 elementor-section-boxed elementor-section-height-default elementor-section-height-default\" data-id=\"72e84d8\" data-element_type=\"section\" data-e-type=\"section\">\n\t\t\t\t\t\t<div class=\"elementor-container elementor-column-gap-default\">\n\t\t\t\t\t<div class=\"elementor-column elementor-col-100 elementor-top-column elementor-element elementor-element-8d74779\" data-id=\"8d74779\" data-element_type=\"column\" data-e-type=\"column\">\n\t\t\t<div class=\"elementor-widget-wrap elementor-element-populated\">\n\t\t\t\t\t\t<div class=\"elementor-element elementor-element-3e1f1ea elementor-widget elementor-widget-cz_gap\" data-id=\"3e1f1ea\" data-element_type=\"widget\" data-e-type=\"widget\" data-widget_type=\"cz_gap.default\">\n\t\t\t\t<div class=\"elementor-widget-container\">\n\t\t\t\t\t<div class=\"cz_gap clr\"><\/div>\t\t\t\t<\/div>\n\t\t\t\t<\/div>\n\t\t\t\t\t<\/div>\n\t\t<\/div>\n\t\t\t\t\t<\/div>\n\t\t<\/section>\n\t\t\t\t<\/div>","protected":false},"excerpt":{"rendered":"<p>NEWS The latest news and events of the company. &#8230; <a class=\"cz_readmore\" href=\"https:\/\/smartit.ws\/az\/2022\/09\/30\/smartit-and-bakotech-held-a-conference-called-ciso-meetup-2022\/\"><i class=\"fa czico-188-arrows-2\" aria-hidden=\"true\"><\/i><span>Read More<\/span><\/a><\/p>","protected":false},"author":1,"featured_media":0,"parent":0,"menu_order":0,"comment_status":"closed","ping_status":"closed","template":"","meta":{"footnotes":""},"class_list":["post-2382","page","type-page","status-publish","hentry"],"_links":{"self":[{"href":"https:\/\/smartit.ws\/az\/wp-json\/wp\/v2\/pages\/2382","targetHints":{"allow":["GET"]}}],"collection":[{"href":"https:\/\/smartit.ws\/az\/wp-json\/wp\/v2\/pages"}],"about":[{"href":"https:\/\/smartit.ws\/az\/wp-json\/wp\/v2\/types\/page"}],"author":[{"embeddable":true,"href":"https:\/\/smartit.ws\/az\/wp-json\/wp\/v2\/users\/1"}],"replies":[{"embeddable":true,"href":"https:\/\/smartit.ws\/az\/wp-json\/wp\/v2\/comments?post=2382"}],"version-history":[{"count":24,"href":"https:\/\/smartit.ws\/az\/wp-json\/wp\/v2\/pages\/2382\/revisions"}],"predecessor-version":[{"id":3696,"href":"https:\/\/smartit.ws\/az\/wp-json\/wp\/v2\/pages\/2382\/revisions\/3696"}],"wp:attachment":[{"href":"https:\/\/smartit.ws\/az\/wp-json\/wp\/v2\/media?parent=2382"}],"curies":[{"name":"wp","href":"https:\/\/api.w.org\/{rel}","templated":true}]}}