{"id":2212,"date":"2022-04-19T18:59:33","date_gmt":"2022-04-19T18:59:33","guid":{"rendered":"https:\/\/smartit.ws\/?page_id=2212"},"modified":"2022-10-18T15:29:17","modified_gmt":"2022-10-18T15:29:17","slug":"privileged-access-management-pam","status":"publish","type":"page","link":"https:\/\/smartit.ws\/az\/solutions\/access-management-solutions\/privileged-access-management-pam\/","title":{"rendered":"\u0130mtiyazl\u0131 giri\u015fl\u0259rin idar\u0259 edilm\u0259si (PAM)"},"content":{"rendered":"<div data-elementor-type=\"wp-page\" data-elementor-id=\"2212\" class=\"elementor elementor-2212\" data-elementor-settings=\"{&quot;ha_cmc_init_switcher&quot;:&quot;no&quot;}\" data-elementor-post-type=\"page\">\n\t\t\t\t\t\t<section class=\"elementor-section elementor-top-section elementor-element elementor-element-6090fb7 elementor-section-boxed elementor-section-height-default elementor-section-height-default\" data-id=\"6090fb7\" data-element_type=\"section\" data-e-type=\"section\">\n\t\t\t\t\t\t<div class=\"elementor-container elementor-column-gap-default\">\n\t\t\t\t\t<div class=\"elementor-column elementor-col-100 elementor-top-column elementor-element elementor-element-0a1f969\" data-id=\"0a1f969\" data-element_type=\"column\" data-e-type=\"column\" data-settings=\"{&quot;background_background&quot;:&quot;classic&quot;}\">\n\t\t\t<div class=\"elementor-widget-wrap elementor-element-populated\">\n\t\t\t\t\t\t<section class=\"elementor-section elementor-inner-section elementor-element elementor-element-5e8c5b1 elementor-section-boxed elementor-section-height-default elementor-section-height-default\" data-id=\"5e8c5b1\" data-element_type=\"section\" data-e-type=\"section\">\n\t\t\t\t\t\t<div class=\"elementor-container elementor-column-gap-default\">\n\t\t\t\t\t<div class=\"elementor-column elementor-col-50 elementor-inner-column elementor-element elementor-element-2580000\" data-id=\"2580000\" data-element_type=\"column\" data-e-type=\"column\">\n\t\t\t<div class=\"elementor-widget-wrap elementor-element-populated\">\n\t\t\t\t\t\t<div class=\"elementor-element elementor-element-bce1958 elementor-widget elementor-widget-image\" data-id=\"bce1958\" data-element_type=\"widget\" data-e-type=\"widget\" data-widget_type=\"image.default\">\n\t\t\t\t<div class=\"elementor-widget-container\">\n\t\t\t\t\t\t\t\t\t\t\t\t\t\t\t<img decoding=\"async\" width=\"36\" height=\"36\" src=\"https:\/\/smartit.ws\/wp-content\/uploads\/2022\/08\/Privileged-Access-Management-PAM.png\" class=\"attachment-full size-full wp-image-2823\" alt=\"\" \/>\t\t\t\t\t\t\t\t\t\t\t\t\t\t\t<\/div>\n\t\t\t\t<\/div>\n\t\t\t\t\t<\/div>\n\t\t<\/div>\n\t\t\t\t<div class=\"elementor-column elementor-col-50 elementor-inner-column elementor-element elementor-element-53c6a39\" data-id=\"53c6a39\" data-element_type=\"column\" data-e-type=\"column\">\n\t\t\t<div class=\"elementor-widget-wrap elementor-element-populated\">\n\t\t\t\t\t\t<div class=\"elementor-element elementor-element-6f2c3b0 elementor-widget elementor-widget-heading\" data-id=\"6f2c3b0\" data-element_type=\"widget\" data-e-type=\"widget\" data-widget_type=\"heading.default\">\n\t\t\t\t<div class=\"elementor-widget-container\">\n\t\t\t\t\t<h2 class=\"elementor-heading-title elementor-size-default\">\u0130mtiyazl\u0131 giri\u015fl\u0259rin idar\u0259 edilm\u0259si (PAM)<\/h2>\t\t\t\t<\/div>\n\t\t\t\t<\/div>\n\t\t\t\t\t<\/div>\n\t\t<\/div>\n\t\t\t\t\t<\/div>\n\t\t<\/section>\n\t\t\t\t<div class=\"elementor-element elementor-element-dbe1aa5 elementor-widget elementor-widget-text-editor\" data-id=\"dbe1aa5\" data-element_type=\"widget\" data-e-type=\"widget\" data-widget_type=\"text-editor.default\">\n\t\t\t\t<div class=\"elementor-widget-container\">\n\t\t\t\t\t\t\t\t\t<p>\u0130mtiyazl\u0131 giri\u015fl\u0259rin idar\u0259 edilm\u0259si (Privileged access management, PAM) \u0130T m\u00fchitind\u0259 istifad\u0259\u00e7il\u0259r, hesablar, prosesl\u0259r v\u0259 sisteml\u0259r \u00fc\u00e7\u00fcn y\u00fcks\u0259k imtiyazl\u0131 giri\u015f v\u0259 icaz\u0259l\u0259r\u0259 n\u0259zar\u0259t etm\u0259k \u00fc\u00e7\u00fcn kibert\u0259hl\u00fck\u0259sizlik strategiyalar\u0131 v\u0259 texnologiyalar\u0131ndan ibar\u0259tdir. M\u00fcvafiq s\u0259viyy\u0259d\u0259 imtiyazl\u0131 giri\u015f n\u0259zar\u0259tl\u0259rini y\u0131\u011fmaqla, PAM t\u0259\u015fkilatlara onlar\u0131n h\u00fccum s\u0259thini s\u0131xla\u015fd\u0131rma\u011fa v\u0259 xarici h\u00fccumlar, el\u0259c\u0259 d\u0259 daxili sui-istifad\u0259 v\u0259 ya s\u0259hl\u0259nkarl\u0131q n\u0259tic\u0259sind\u0259 yaranan z\u0259r\u0259rl\u0259rin qar\u015f\u0131s\u0131n\u0131 alma\u011fa v\u0259 ya \u0259n az\u0131 onlar\u0131 azaltma\u011fa k\u00f6m\u0259k edir.<\/p><p>\u0130mtiyazlar\u0131n idar\u0259 edilm\u0259si bir \u00e7ox strategiyan\u0131 \u0259hat\u0259 ets\u0259 d\u0259, \u0259sas m\u0259qs\u0259d istifad\u0259\u00e7il\u0259r, hesablar, t\u0259tbiql\u0259r, sisteml\u0259r, cihazlar (m\u0259s\u0259l\u0259n, IoT) v\u0259 hesablama prosesl\u0259ri \u00fc\u00e7\u00fcn giri\u015f h\u00fcquq v\u0259 icaz\u0259l\u0259rinin m\u0259hdudla\u015fd\u0131r\u0131lmas\u0131 kimi m\u00fc\u0259yy\u0259n edil\u0259n \u0259n az imtiyaz\u0131n t\u0259tbiqidir.<\/p><p>PAM kritik aktivl\u0259r\u0259 imtiyazl\u0131 giri\u015fi t\u0259min etm\u0259y\u0259, n\u0259zar\u0259t etm\u0259y\u0259, idar\u0259 etm\u0259y\u0259 v\u0259 monitorinq etm\u0259y\u0259 k\u00f6m\u0259k ed\u0259n h\u0259ll\u0259r sinfin\u0259 aiddir. Bu m\u0259qs\u0259dl\u0259r\u0259 nail olmaq \u00fc\u00e7\u00fcn PAM h\u0259ll\u0259ri ad\u0259t\u0259n imtiyazl\u0131 hesablar\u0131n, y\u0259ni admin hesablar\u0131n\u0131n hesab m\u0259lumatlar\u0131n\u0131 g\u00f6t\u00fcr\u00fcr v\u0259 h\u0259min m\u0259lumatlar\u0131n o\u011furlanmas\u0131 riskini azaltmaq \u00fc\u00e7\u00fcn onlar\u0131 imtiyazl\u0131 hesablar\u0131n istifad\u0259sini t\u0259crid ed\u0259n t\u0259hl\u00fck\u0259siz m\u00fchit\u0259 (saxlanca) yerl\u0259\u015fdirir. Saxlanca daxil olduqdan sonra sistem administratorlar\u0131 \u00f6z istifad\u0259\u00e7i hesablar\u0131na daxil olmaq \u00fc\u00e7\u00fcn PAM sistemind\u0259n ke\u00e7m\u0259lidirl\u0259r, bu zaman onlar autentifikasiya olunur v\u0259 giri\u015fl\u0259ri qeyd olunur. \u0130nzibat\u00e7\u0131lar n\u00f6vb\u0259ti d\u0259f\u0259 hesab m\u0259lumatlar\u0131n\u0131 istifad\u0259 etm\u0259k ist\u0259dikd\u0259 m\u0259cburi olaraq PAM sistemind\u0259n ke\u00e7m\u0259si \u00fc\u00e7\u00fcn istifad\u0259\u00e7i hesablar\u0131 h\u0259r d\u0259f\u0259 s\u0131f\u0131rlan\u0131r.<\/p><p>\u0130mtiyazl\u0131 hesablar\u0131 bir yerd\u0259 m\u0259rk\u0259zl\u0259\u015fdirm\u0259kl\u0259, PAM sisteml\u0259ri onlar \u00fc\u00e7\u00fcn y\u00fcks\u0259k s\u0259viyy\u0259d\u0259 t\u0259hl\u00fck\u0259sizliyi t\u0259min ed\u0259, onlara kimin daxil oldu\u011funa n\u0259zar\u0259t ed\u0259, b\u00fct\u00fcn giri\u015fl\u0259ri qeyd ed\u0259 v\u0259 ist\u0259nil\u0259n \u015f\u00fcbh\u0259li f\u0259aliyy\u0259t\u0259 n\u0259zar\u0259t ed\u0259 bil\u0259r.<\/p>\t\t\t\t\t\t\t\t<\/div>\n\t\t\t\t<\/div>\n\t\t\t\t\t<\/div>\n\t\t<\/div>\n\t\t\t\t\t<\/div>\n\t\t<\/section>\n\t\t\t\t<\/div>","protected":false},"excerpt":{"rendered":"<p>Privileged Access Management (PAM) Privileged access management (PAM) consists of the &#8230; <\/p>","protected":false},"author":1,"featured_media":0,"parent":1938,"menu_order":0,"comment_status":"closed","ping_status":"closed","template":"","meta":{"footnotes":""},"class_list":["post-2212","page","type-page","status-publish","hentry"],"_links":{"self":[{"href":"https:\/\/smartit.ws\/az\/wp-json\/wp\/v2\/pages\/2212","targetHints":{"allow":["GET"]}}],"collection":[{"href":"https:\/\/smartit.ws\/az\/wp-json\/wp\/v2\/pages"}],"about":[{"href":"https:\/\/smartit.ws\/az\/wp-json\/wp\/v2\/types\/page"}],"author":[{"embeddable":true,"href":"https:\/\/smartit.ws\/az\/wp-json\/wp\/v2\/users\/1"}],"replies":[{"embeddable":true,"href":"https:\/\/smartit.ws\/az\/wp-json\/wp\/v2\/comments?post=2212"}],"version-history":[{"count":3,"href":"https:\/\/smartit.ws\/az\/wp-json\/wp\/v2\/pages\/2212\/revisions"}],"predecessor-version":[{"id":3815,"href":"https:\/\/smartit.ws\/az\/wp-json\/wp\/v2\/pages\/2212\/revisions\/3815"}],"up":[{"embeddable":true,"href":"https:\/\/smartit.ws\/az\/wp-json\/wp\/v2\/pages\/1938"}],"wp:attachment":[{"href":"https:\/\/smartit.ws\/az\/wp-json\/wp\/v2\/media?parent=2212"}],"curies":[{"name":"wp","href":"https:\/\/api.w.org\/{rel}","templated":true}]}}