{"id":2210,"date":"2022-04-19T18:58:42","date_gmt":"2022-04-19T18:58:42","guid":{"rendered":"https:\/\/smartit.ws\/?page_id=2210"},"modified":"2022-10-18T15:29:07","modified_gmt":"2022-10-18T15:29:07","slug":"one-time-password-otp","status":"publish","type":"page","link":"https:\/\/smartit.ws\/az\/solutions\/access-management-solutions\/one-time-password-otp\/","title":{"rendered":"Bird\u0259f\u0259lik parollar (OTP)"},"content":{"rendered":"<div data-elementor-type=\"wp-page\" data-elementor-id=\"2210\" class=\"elementor elementor-2210\" data-elementor-settings=\"{&quot;ha_cmc_init_switcher&quot;:&quot;no&quot;}\" data-elementor-post-type=\"page\">\n\t\t\t\t\t\t<section class=\"elementor-section elementor-top-section elementor-element elementor-element-6090fb7 elementor-section-boxed elementor-section-height-default elementor-section-height-default\" data-id=\"6090fb7\" data-element_type=\"section\" data-e-type=\"section\">\n\t\t\t\t\t\t<div class=\"elementor-container elementor-column-gap-default\">\n\t\t\t\t\t<div class=\"elementor-column elementor-col-100 elementor-top-column elementor-element elementor-element-0a1f969\" data-id=\"0a1f969\" data-element_type=\"column\" data-e-type=\"column\" data-settings=\"{&quot;background_background&quot;:&quot;classic&quot;}\">\n\t\t\t<div class=\"elementor-widget-wrap elementor-element-populated\">\n\t\t\t\t\t\t<section class=\"elementor-section elementor-inner-section elementor-element elementor-element-976dcc6 elementor-section-boxed elementor-section-height-default elementor-section-height-default\" data-id=\"976dcc6\" data-element_type=\"section\" data-e-type=\"section\">\n\t\t\t\t\t\t<div class=\"elementor-container elementor-column-gap-default\">\n\t\t\t\t\t<div class=\"elementor-column elementor-col-50 elementor-inner-column elementor-element elementor-element-341702f\" data-id=\"341702f\" data-element_type=\"column\" data-e-type=\"column\">\n\t\t\t<div class=\"elementor-widget-wrap elementor-element-populated\">\n\t\t\t\t\t\t<div class=\"elementor-element elementor-element-62a9758 elementor-widget elementor-widget-image\" data-id=\"62a9758\" data-element_type=\"widget\" data-e-type=\"widget\" data-widget_type=\"image.default\">\n\t\t\t\t<div class=\"elementor-widget-container\">\n\t\t\t\t\t\t\t\t\t\t\t\t\t\t\t<img decoding=\"async\" width=\"37\" height=\"36\" src=\"https:\/\/smartit.ws\/wp-content\/uploads\/2022\/08\/One-Time-Password-OTP-1.png\" class=\"attachment-full size-full wp-image-2821\" alt=\"\" \/>\t\t\t\t\t\t\t\t\t\t\t\t\t\t\t<\/div>\n\t\t\t\t<\/div>\n\t\t\t\t\t<\/div>\n\t\t<\/div>\n\t\t\t\t<div class=\"elementor-column elementor-col-50 elementor-inner-column elementor-element elementor-element-b5840fc\" data-id=\"b5840fc\" data-element_type=\"column\" data-e-type=\"column\">\n\t\t\t<div class=\"elementor-widget-wrap elementor-element-populated\">\n\t\t\t\t\t\t<div class=\"elementor-element elementor-element-bcc1d6d elementor-widget elementor-widget-heading\" data-id=\"bcc1d6d\" data-element_type=\"widget\" data-e-type=\"widget\" data-widget_type=\"heading.default\">\n\t\t\t\t<div class=\"elementor-widget-container\">\n\t\t\t\t\t<h2 class=\"elementor-heading-title elementor-size-default\">Bird\u0259f\u0259lik parollar (OTP)<\/h2>\t\t\t\t<\/div>\n\t\t\t\t<\/div>\n\t\t\t\t\t<\/div>\n\t\t<\/div>\n\t\t\t\t\t<\/div>\n\t\t<\/section>\n\t\t\t\t<div class=\"elementor-element elementor-element-dbe1aa5 elementor-widget elementor-widget-text-editor\" data-id=\"dbe1aa5\" data-element_type=\"widget\" data-e-type=\"widget\" data-widget_type=\"text-editor.default\">\n\t\t\t\t<div class=\"elementor-widget-container\">\n\t\t\t\t\t\t\t\t\t<p>Bird\u0259f\u0259lik parollar (One Time Passwords, OTP) ad\u0259t\u0259n iki faktorlu identifikasiyan\u0131n (2FA) v\u0259 \u00e7oxfaktorlu autentifikasiyan\u0131n (MFA) bir hiss\u0259si kimi istifad\u0259 olunan autentifikasiya \u00fcsuludur v\u0259 bu ehtiyaclar\u0131 balansla\u015fd\u0131rma\u011fa k\u00f6m\u0259k edir. OTP-l\u0259r m\u00fc\u0259yy\u0259n bir m\u00fcdd\u0259t \u0259rzind\u0259 yaln\u0131z bir giri\u015f sessiyas\u0131 \u00fc\u00e7\u00fcn etibarl\u0131 olan unikal parollard\u0131r. OTP-l\u0259r t\u0259krar istifad\u0259 oluna bilm\u0259diyi \u00fc\u00e7\u00fcn onlar t\u0259krar h\u00fccumlara qar\u015f\u0131 h\u0259ssas olmamaqla \u0259n\u0259n\u0259vi (statik) parollar\u0131n bir \u00e7ox \u00e7at\u0131\u015fmazl\u0131qlar\u0131n\u0131 aradan qald\u0131r\u0131rlar.<\/p><p>OTP proqrama giri\u015fi t\u0259min etm\u0259k v\u0259 ya \u0259m\u0259liyyat\u0131 yaln\u0131z bir d\u0259f\u0259 yerin\u0259 yetirm\u0259k \u00fc\u00e7\u00fcn t\u0259hl\u00fck\u0259siz yoldur. Parol istifad\u0259 edildikd\u0259n sonra etibars\u0131z olur v\u0259 yenid\u0259n istifad\u0259 edil\u0259 bilm\u0259z. OTP m\u00fcxt\u0259lif parol \u0259sasl\u0131 h\u00fccumlardan, x\u00fcsus\u0259n d\u0259 \u201cpassword sniffing\u201d v\u0259 t\u0259krarlanan h\u00fccumlardan qorunma t\u0259min ed\u0259n t\u0259hl\u00fck\u0259sizlik texnikas\u0131d\u0131r. O, \u00e7oxsayl\u0131 giri\u015f sessiyalar\u0131 \u00fc\u00e7\u00fcn eyni qalan statik parollardan daha t\u0259kmil qoruma t\u0259min edir. OTP h\u0259r d\u0259f\u0259 istifad\u0259 edildikd\u0259 yeni v\u0259 t\u0259sad\u00fcfi parol yaradan t\u0259sad\u00fcfilik alqoritml\u0259ri vasit\u0259sil\u0259 i\u015fl\u0259yir.<\/p><p>Hacker\/cracker g\u0259l\u0259c\u0259k parolu t\u0259xmin ed\u0259 bilm\u0259m\u0259si \u00fc\u00e7\u00fcn alqoritm parol yaratmaq \u00fc\u00e7\u00fcn h\u0259mi\u015f\u0259 t\u0259sad\u00fcfi simvollardan istifad\u0259 edir. OTP parol yaratmaq \u00fc\u00e7\u00fcn bir ne\u00e7\u0259 \u00fcsuldan istifad\u0259 edir, o c\u00fcml\u0259d\u0259n:<\/p><p>- Zaman-Sinxronizasiya: Parol yaln\u0131z q\u0131sa m\u00fcdd\u0259t \u0259rzind\u0259 etibarl\u0131d\u0131r.<\/p><p>- Riyazi Alqoritm: Parol alqoritm daxilind\u0259 i\u015fl\u0259nmi\u015f t\u0259sad\u00fcfi \u0259d\u0259dl\u0259rd\u0259n istifad\u0259 etm\u0259kl\u0259 yarad\u0131l\u0131r.<\/p>\t\t\t\t\t\t\t\t<\/div>\n\t\t\t\t<\/div>\n\t\t\t\t\t<\/div>\n\t\t<\/div>\n\t\t\t\t\t<\/div>\n\t\t<\/section>\n\t\t\t\t<\/div>","protected":false},"excerpt":{"rendered":"<p>One time password (OTP) One time passwords (OTPs) are an authentication &#8230; <\/p>","protected":false},"author":1,"featured_media":0,"parent":1938,"menu_order":0,"comment_status":"closed","ping_status":"closed","template":"","meta":{"footnotes":""},"class_list":["post-2210","page","type-page","status-publish","hentry"],"_links":{"self":[{"href":"https:\/\/smartit.ws\/az\/wp-json\/wp\/v2\/pages\/2210","targetHints":{"allow":["GET"]}}],"collection":[{"href":"https:\/\/smartit.ws\/az\/wp-json\/wp\/v2\/pages"}],"about":[{"href":"https:\/\/smartit.ws\/az\/wp-json\/wp\/v2\/types\/page"}],"author":[{"embeddable":true,"href":"https:\/\/smartit.ws\/az\/wp-json\/wp\/v2\/users\/1"}],"replies":[{"embeddable":true,"href":"https:\/\/smartit.ws\/az\/wp-json\/wp\/v2\/comments?post=2210"}],"version-history":[{"count":3,"href":"https:\/\/smartit.ws\/az\/wp-json\/wp\/v2\/pages\/2210\/revisions"}],"predecessor-version":[{"id":3812,"href":"https:\/\/smartit.ws\/az\/wp-json\/wp\/v2\/pages\/2210\/revisions\/3812"}],"up":[{"embeddable":true,"href":"https:\/\/smartit.ws\/az\/wp-json\/wp\/v2\/pages\/1938"}],"wp:attachment":[{"href":"https:\/\/smartit.ws\/az\/wp-json\/wp\/v2\/media?parent=2210"}],"curies":[{"name":"wp","href":"https:\/\/api.w.org\/{rel}","templated":true}]}}