{"id":2169,"date":"2022-04-19T18:35:26","date_gmt":"2022-04-19T18:35:26","guid":{"rendered":"https:\/\/smartit.ws\/?page_id=2169"},"modified":"2023-02-22T09:30:28","modified_gmt":"2023-02-22T09:30:28","slug":"managed-detection-and-response-mdr","status":"publish","type":"page","link":"https:\/\/smartit.ws\/az\/solutions\/incident-management-solutions\/managed-detection-and-response-mdr\/","title":{"rendered":"\u0130dar\u0259 olunan a\u015fkarlama v\u0259 cavab t\u0259dbirl\u0259ri (MDR)"},"content":{"rendered":"<div data-elementor-type=\"wp-page\" data-elementor-id=\"2169\" class=\"elementor elementor-2169\" data-elementor-settings=\"{&quot;ha_cmc_init_switcher&quot;:&quot;no&quot;}\" data-elementor-post-type=\"page\">\n\t\t\t\t\t\t<section class=\"elementor-section elementor-top-section elementor-element elementor-element-6090fb7 elementor-section-boxed elementor-section-height-default elementor-section-height-default\" data-id=\"6090fb7\" data-element_type=\"section\" data-e-type=\"section\">\n\t\t\t\t\t\t<div class=\"elementor-container elementor-column-gap-default\">\n\t\t\t\t\t<div class=\"elementor-column elementor-col-100 elementor-top-column elementor-element elementor-element-0a1f969\" data-id=\"0a1f969\" data-element_type=\"column\" data-e-type=\"column\" data-settings=\"{&quot;background_background&quot;:&quot;classic&quot;}\">\n\t\t\t<div class=\"elementor-widget-wrap elementor-element-populated\">\n\t\t\t\t\t\t<section class=\"elementor-section elementor-inner-section elementor-element elementor-element-c89e991 elementor-section-boxed elementor-section-height-default elementor-section-height-default\" data-id=\"c89e991\" data-element_type=\"section\" data-e-type=\"section\">\n\t\t\t\t\t\t<div class=\"elementor-container elementor-column-gap-default\">\n\t\t\t\t\t<div class=\"elementor-column elementor-col-50 elementor-inner-column elementor-element elementor-element-57ed37f\" data-id=\"57ed37f\" data-element_type=\"column\" data-e-type=\"column\">\n\t\t\t<div class=\"elementor-widget-wrap elementor-element-populated\">\n\t\t\t\t\t\t<div class=\"elementor-element elementor-element-f9042ac elementor-widget elementor-widget-image\" data-id=\"f9042ac\" data-element_type=\"widget\" data-e-type=\"widget\" data-widget_type=\"image.default\">\n\t\t\t\t<div class=\"elementor-widget-container\">\n\t\t\t\t\t\t\t\t\t\t\t\t\t\t\t<img decoding=\"async\" width=\"36\" height=\"36\" src=\"https:\/\/smartit.ws\/wp-content\/uploads\/2022\/08\/Managed-Detection-and-Response-.png\" class=\"attachment-full size-full wp-image-2936\" alt=\"\" \/>\t\t\t\t\t\t\t\t\t\t\t\t\t\t\t<\/div>\n\t\t\t\t<\/div>\n\t\t\t\t\t<\/div>\n\t\t<\/div>\n\t\t\t\t<div class=\"elementor-column elementor-col-50 elementor-inner-column elementor-element elementor-element-d4adcef\" data-id=\"d4adcef\" data-element_type=\"column\" data-e-type=\"column\">\n\t\t\t<div class=\"elementor-widget-wrap elementor-element-populated\">\n\t\t\t\t\t\t<div class=\"elementor-element elementor-element-1af4b26 elementor-widget elementor-widget-heading\" data-id=\"1af4b26\" data-element_type=\"widget\" data-e-type=\"widget\" data-widget_type=\"heading.default\">\n\t\t\t\t<div class=\"elementor-widget-container\">\n\t\t\t\t\t<h2 class=\"elementor-heading-title elementor-size-default\">\u0130dar\u0259 olunan a\u015fkarlama v\u0259 cavab t\u0259dbirl\u0259ri (MDR)<\/h2>\t\t\t\t<\/div>\n\t\t\t\t<\/div>\n\t\t\t\t\t<\/div>\n\t\t<\/div>\n\t\t\t\t\t<\/div>\n\t\t<\/section>\n\t\t\t\t<div class=\"elementor-element elementor-element-dbe1aa5 elementor-widget elementor-widget-text-editor\" data-id=\"dbe1aa5\" data-element_type=\"widget\" data-e-type=\"widget\" data-widget_type=\"text-editor.default\">\n\t\t\t\t<div class=\"elementor-widget-container\">\n\t\t\t\t\t\t\t\t\t<p>\u0130dar\u0259 olunan a\u015fkarlama v\u0259 cavab t\u0259dbirl\u0259ri (Managed detection and response, MDR) t\u0259\u015fkilatlara \u201cthreat hunting\u201d, t\u0259hdidl\u0259rin a\u015fkar edilm\u0259si v\u0259 cavabland\u0131rmas\u0131 xidm\u0259tl\u0259rini t\u0259qdim ed\u0259n k\u0259nar bir servisdir. MDR h\u0259m\u00e7inin insan amilini d\u0259 \u00f6z\u00fcnd\u0259 c\u0259ml\u0259\u015fdirir: biz, \u00f6z MDR m\u00fc\u015ft\u0259ril\u0259rimiz\u0259 \u015f\u0259b\u0259k\u0259 monitorinqi, insidentl\u0259rin t\u0259hlili v\u0259 t\u0259hl\u00fck\u0259sizlik reaksiyas\u0131na cavabdeh olan t\u0259hl\u00fck\u0259sizlik m\u00fct\u0259x\u0259ssisl\u0259ri v\u0259 m\u00fch\u0259ndisl\u0259rd\u0259n ibar\u0259t komandalarla \u0259laq\u0259ni t\u0259min edirik.<\/p><p>MDR uy\u011funlu\u011fun t\u0259min edilm\u0259sind\u0259n daha \u00e7ox t\u0259hl\u00fck\u0259nin a\u015fkarlanmas\u0131na diqq\u0259t yetirir. Xidm\u0259tl\u0259r SmartIT-nin \u00f6z al\u0259tl\u0259ri v\u0259 texnologiyalar\u0131 toplusundan istifad\u0259 etm\u0259kl\u0259 t\u0259min edilir, lakin istifad\u0259\u00e7inin sayt\u0131nda yerl\u0259\u015fdirilir. Texnologiyalar kompleksi tez-tez host v\u0259 \u015f\u0259b\u0259k\u0259 \u0259sasl\u0131 h\u0259ll\u0259r il\u0259 inteqrasiya olunur v\u0259 SmartIT bu vasit\u0259l\u0259rin idar\u0259 edilm\u0259sin\u0259 v\u0259 monitorinqin\u0259 cavabdehdir. Al\u0259tl\u0259r \u0130nternet \u015fl\u00fczl\u0259rini qorumaq \u00fc\u00e7\u00fcn n\u0259z\u0259rd\u0259 tutulub v\u0259 h\u0259m\u00e7inin \u0259n\u0259n\u0259vi perimetr m\u00fcdafi\u0259sini ke\u00e7\u0259 bil\u0259n t\u0259hl\u00fck\u0259l\u0259ri a\u015fkarlaya bilir. \u00dcsullar f\u0259rqli ola bil\u0259r: b\u0259z\u0259n yaln\u0131z t\u0259hl\u00fck\u0259sizlik loqlar\u0131na \u0259saslan\u0131l\u0131r, b\u0259z\u0259n is\u0259 \u015f\u0259b\u0259k\u0259ni qorumaq \u00fc\u00e7\u00fcn \u015f\u0259b\u0259k\u0259 t\u0259hl\u00fck\u0259sizliyi monitorinqi v\u0259 ya son n\u00f6qt\u0259 f\u0259aliyy\u0259tind\u0259n istifad\u0259 edilir.<\/p><p>\u0130dar\u0259 olunan a\u015fkarlama v\u0259 cavab t\u0259dbirl\u0259ri \u0259sas\u0259n t\u0259hl\u00fck\u0259sizlik hadis\u0259l\u0259rinin idar\u0259 edilm\u0259sin\u0259 v\u0259 qabaqc\u0131l analitikaya \u0259saslan\u0131r.<\/p><p>MDR \u00fczr\u0259 b\u0259zi avtomatla\u015fd\u0131rma \u00fcsullar\u0131ndan istifad\u0259 edils\u0259 d\u0259, t\u0259hl\u00fck\u0259sizlik \u0259sas\u0259n \u015f\u0259b\u0259k\u0259ni gec\u0259-g\u00fcnd\u00fcz izl\u0259y\u0259n t\u0259hl\u00fck\u0259sizlik \u00fczr\u0259 analitikl\u0259rin c\u0259lb edilm\u0259si il\u0259 t\u0259min edilir. Analitikl\u0259r h\u0259m\u00e7inin, t\u0259hl\u00fck\u0259sizlik hadis\u0259l\u0259rini t\u0259hlil edir v\u0259 m\u00fc\u015ft\u0259ril\u0259ri x\u0259b\u0259rdar edir. X\u0259b\u0259rdarl\u0131q, t\u0259hl\u00fck\u0259sizlik hadis\u0259sinin ara\u015fd\u0131r\u0131lmas\u0131, insidentl\u0259rin idar\u0259 edilm\u0259si v\u0259 s. m\u0259s\u0259l\u0259l\u0259rl\u0259 ba\u011fl\u0131 portallar v\u0259 ya m\u0259lumat tablolar\u0131na m\u00fcraci\u0259td\u0259n daha \u00e7ox, analitikl\u0259rl\u0259 birba\u015fa qar\u015f\u0131l\u0131ql\u0131 \u0259laq\u0259 daha etibarl\u0131 hesab edilir.<\/p><p>Biz, hadis\u0259l\u0259rin t\u0259hlili v\u0259 uzaqdan cavab t\u0259dbirl\u0259ri d\u0259 h\u0259yata ke\u00e7iririk. Bu o dem\u0259kdir ki, h\u00fccum indikatorlar\u0131n\u0131 m\u00fc\u0259yy\u0259n etm\u0259k, z\u0259r\u0259rli proqram\u0131n bir hiss\u0259sini geri m\u00fch\u0259ndislik (reverse engineering) etm\u0259k v\u0259 ya \u201csandboxing\u201d \u00fcsullar\u0131ndan istifad\u0259 etm\u0259k laz\u0131md\u0131rsa, b\u00fct\u00fcn bunlar\u0131 SmartIT-y\u0259 etibar ed\u0259 bil\u0259rsiniz. Siz, h\u0259tta, t\u0259hl\u00fck\u0259sizlik z\u0259iflikl\u0259rini nec\u0259 aradan qald\u0131rmaq v\u0259 ya kompensasiya etm\u0259kl\u0259 ba\u011fl\u0131 da biziml\u0259 m\u0259sl\u0259h\u0259tl\u0259\u015f\u0259 bil\u0259rsiniz.<\/p>\t\t\t\t\t\t\t\t<\/div>\n\t\t\t\t<\/div>\n\t\t\t\t\t<\/div>\n\t\t<\/div>\n\t\t\t\t\t<\/div>\n\t\t<\/section>\n\t\t\t\t<\/div>","protected":false},"excerpt":{"rendered":"<p>Managed Detection and Response (MDR) Managed detection and response (MDR) is &#8230; <\/p>","protected":false},"author":1,"featured_media":0,"parent":1936,"menu_order":0,"comment_status":"closed","ping_status":"closed","template":"","meta":{"footnotes":""},"class_list":["post-2169","page","type-page","status-publish","hentry"],"_links":{"self":[{"href":"https:\/\/smartit.ws\/az\/wp-json\/wp\/v2\/pages\/2169","targetHints":{"allow":["GET"]}}],"collection":[{"href":"https:\/\/smartit.ws\/az\/wp-json\/wp\/v2\/pages"}],"about":[{"href":"https:\/\/smartit.ws\/az\/wp-json\/wp\/v2\/types\/page"}],"author":[{"embeddable":true,"href":"https:\/\/smartit.ws\/az\/wp-json\/wp\/v2\/users\/1"}],"replies":[{"embeddable":true,"href":"https:\/\/smartit.ws\/az\/wp-json\/wp\/v2\/comments?post=2169"}],"version-history":[{"count":6,"href":"https:\/\/smartit.ws\/az\/wp-json\/wp\/v2\/pages\/2169\/revisions"}],"predecessor-version":[{"id":3934,"href":"https:\/\/smartit.ws\/az\/wp-json\/wp\/v2\/pages\/2169\/revisions\/3934"}],"up":[{"embeddable":true,"href":"https:\/\/smartit.ws\/az\/wp-json\/wp\/v2\/pages\/1936"}],"wp:attachment":[{"href":"https:\/\/smartit.ws\/az\/wp-json\/wp\/v2\/media?parent=2169"}],"curies":[{"name":"wp","href":"https:\/\/api.w.org\/{rel}","templated":true}]}}