{"id":2165,"date":"2022-04-19T18:34:25","date_gmt":"2022-04-19T18:34:25","guid":{"rendered":"https:\/\/smartit.ws\/?page_id=2165"},"modified":"2022-10-18T15:18:11","modified_gmt":"2022-10-18T15:18:11","slug":"user-awareness-platform","status":"publish","type":"page","link":"https:\/\/smartit.ws\/az\/solutions\/data-security-solutions\/user-awareness-platform\/","title":{"rendered":"\u0130stifad\u0259\u00e7i t\u0259hl\u00fck\u0259sizliyi m\u0259lumatl\u0131l\u0131\u011f\u0131 platformalar\u0131"},"content":{"rendered":"<div data-elementor-type=\"wp-page\" data-elementor-id=\"2165\" class=\"elementor elementor-2165\" data-elementor-settings=\"{&quot;ha_cmc_init_switcher&quot;:&quot;no&quot;}\" data-elementor-post-type=\"page\">\n\t\t\t\t\t\t<section class=\"elementor-section elementor-top-section elementor-element elementor-element-6090fb7 elementor-section-boxed elementor-section-height-default elementor-section-height-default\" data-id=\"6090fb7\" data-element_type=\"section\" data-e-type=\"section\">\n\t\t\t\t\t\t<div class=\"elementor-container elementor-column-gap-default\">\n\t\t\t\t\t<div class=\"elementor-column elementor-col-100 elementor-top-column elementor-element elementor-element-0a1f969\" data-id=\"0a1f969\" data-element_type=\"column\" data-e-type=\"column\" data-settings=\"{&quot;background_background&quot;:&quot;classic&quot;}\">\n\t\t\t<div class=\"elementor-widget-wrap elementor-element-populated\">\n\t\t\t\t\t\t<section class=\"elementor-section elementor-inner-section elementor-element elementor-element-936edb9 elementor-section-boxed elementor-section-height-default elementor-section-height-default\" data-id=\"936edb9\" data-element_type=\"section\" data-e-type=\"section\">\n\t\t\t\t\t\t<div class=\"elementor-container elementor-column-gap-default\">\n\t\t\t\t\t<div class=\"elementor-column elementor-col-50 elementor-inner-column elementor-element elementor-element-15e9faf\" data-id=\"15e9faf\" data-element_type=\"column\" data-e-type=\"column\">\n\t\t\t<div class=\"elementor-widget-wrap elementor-element-populated\">\n\t\t\t\t\t\t<div class=\"elementor-element elementor-element-a960b85 elementor-widget elementor-widget-image\" data-id=\"a960b85\" data-element_type=\"widget\" data-e-type=\"widget\" data-widget_type=\"image.default\">\n\t\t\t\t<div class=\"elementor-widget-container\">\n\t\t\t\t\t\t\t\t\t\t\t\t\t\t\t<img decoding=\"async\" width=\"37\" height=\"36\" src=\"https:\/\/smartit.ws\/wp-content\/uploads\/2022\/08\/User-Awareness-Platform.png\" class=\"attachment-full size-full wp-image-2887\" alt=\"\" \/>\t\t\t\t\t\t\t\t\t\t\t\t\t\t\t<\/div>\n\t\t\t\t<\/div>\n\t\t\t\t\t<\/div>\n\t\t<\/div>\n\t\t\t\t<div class=\"elementor-column elementor-col-50 elementor-inner-column elementor-element elementor-element-1478155\" data-id=\"1478155\" data-element_type=\"column\" data-e-type=\"column\">\n\t\t\t<div class=\"elementor-widget-wrap elementor-element-populated\">\n\t\t\t\t\t\t<div class=\"elementor-element elementor-element-3273431 elementor-widget elementor-widget-heading\" data-id=\"3273431\" data-element_type=\"widget\" data-e-type=\"widget\" data-widget_type=\"heading.default\">\n\t\t\t\t<div class=\"elementor-widget-container\">\n\t\t\t\t\t<h2 class=\"elementor-heading-title elementor-size-default\">\u0130stifad\u0259\u00e7i t\u0259hl\u00fck\u0259sizliyi m\u0259lumatl\u0131l\u0131\u011f\u0131 platformalar\u0131<\/h2>\t\t\t\t<\/div>\n\t\t\t\t<\/div>\n\t\t\t\t\t<\/div>\n\t\t<\/div>\n\t\t\t\t\t<\/div>\n\t\t<\/section>\n\t\t\t\t<div class=\"elementor-element elementor-element-dbe1aa5 elementor-widget elementor-widget-text-editor\" data-id=\"dbe1aa5\" data-element_type=\"widget\" data-e-type=\"widget\" data-widget_type=\"text-editor.default\">\n\t\t\t\t<div class=\"elementor-widget-container\">\n\t\t\t\t\t\t\t\t\t<p>\u0130stifad\u0259\u00e7i t\u0259hl\u00fck\u0259sizliyi m\u0259lumatl\u0131l\u0131\u011f\u0131, ad\u0259t\u0259n t\u0259\u015fkilatlar\u0131n t\u0259hl\u00fck\u0259sizlik siyas\u0259tinin t\u0259rkib hiss\u0259si olaraq \u201cphishing\u201d v\u0259 dig\u0259r sosial m\u00fch\u0259ndislik h\u00fccumlar\u0131 da daxil olmaqla kibercinay\u0259tl\u0259rd\u0259n qoruma\u011fa k\u00f6m\u0259k etm\u0259k \u00fc\u00e7\u00fcn i\u015f\u00e7il\u0259rin maarifl\u0259ndirilm\u0259si v\u0259 s\u0131naqdan ke\u00e7irilm\u0259sini \u00f6z\u00fcnd\u0259 c\u0259ml\u0259\u015fdirir. T\u0259hl\u00fck\u0259sizlik m\u0259lumatl\u0131l\u0131\u011f\u0131na son istifad\u0259\u00e7i t\u0259hl\u00fck\u0259sizliyin \u0259n yax\u015f\u0131 t\u0259cr\u00fcb\u0259l\u0259ri v\u0259 t\u0259\u015fkilatlar\u0131n h\u0259r g\u00fcn \u00fczl\u0259\u015fdiyi kibert\u0259hl\u00fck\u0259l\u0259r\u0259 dair m\u0259lumatl\u0131l\u0131q v\u0259 anlay\u0131\u015f s\u0259viyy\u0259si daxildir.<\/p><p>Kibert\u0259hl\u00fck\u0259l\u0259rin h\u0259cmi getdikc\u0259 geni\u015fl\u0259ndikc\u0259 v\u0259 yeni t\u0259hdidl\u0259r diqq\u0259t m\u0259rk\u0259zin\u0259 d\u00fc\u015fd\u00fckc\u0259, m\u00fcvafiq olaraq kiberh\u00fccumlar\u0131n 90%-d\u0259n \u00e7oxunun arxas\u0131nda insan s\u0259hvi \u00fczr\u0259 edil\u0259n h\u00fccumlar dayan\u0131r. Effektiv t\u0259hl\u00fck\u0259sizlik maarifl\u0259ndirilm\u0259si platformas\u0131 il\u0259 t\u0259\u015fkilat\u0131n\u0131z\u0131n kiber risk\u0131l\u0259rini azaldaraq, \u0259m\u0259kda\u015flar\u0131n\u0131z\u0131 kiberh\u00fccumlara qar\u015f\u0131 ilk m\u00fcdafi\u0259 x\u0259ttin\u0259 \u00e7evir\u0259 bil\u0259rsiniz. Bu g\u00fcn\u00fcn m\u00fcr\u0259kk\u0259b t\u0259hl\u00fck\u0259l\u0259ri fonunda h\u0259r bir i\u015f\u00e7i e-po\u00e7t t\u0259hl\u00fck\u0259sizliyin\u0259 cavabdeh olmal\u0131d\u0131r. Bir i\u015f\u00e7inin yaln\u0131z bir s\u0259hvi, h\u0259r hans\u0131 bir e-po\u00e7tda nam\u0259lum ke\u00e7id\u0259 klikl\u0259m\u0259kl\u0259 f\u0131r\u0131ldaq\u00e7\u0131l\u0131q, m\u0259lumatlar\u0131n s\u0131zmas\u0131 v\u0259 ya pozulmas\u0131 il\u0259 b\u00f6y\u00fck x\u0259rcl\u0259r\u0259 g\u0259tir\u0259 bil\u0259r v\u0259 \u015firk\u0259tinizin n\u00fcfuzuna x\u0259l\u0259l g\u0259tir\u0259 bil\u0259r.<\/p><p>\u0130stifad\u0259\u00e7inin t\u0259hl\u00fck\u0259sizliyi il\u0259 ba\u011fl\u0131 maarifl\u0259ndirm\u0259 t\u0259liml\u0259ri t\u0259\u015fkilat\u0131n\u0131zdak\u0131 h\u0259r bir i\u015f\u00e7iy\u0259 \u201cphishing\u201d, z\u0259r\u0259rli proqram, \u201cransomware\u201d v\u0259 \u201cspyware\u201d d\u0259 daxil olmaqla kritik m\u0259lumat v\u0259 sisteml\u0259r\u0259 ziyan vura bil\u0259c\u0259k potensial t\u0259hl\u00fck\u0259l\u0259ri tan\u0131ma\u011fa, onlardan yay\u0131nma\u011fa v\u0259 bu bar\u0259d\u0259 m\u0259lumat verm\u0259y\u0259 k\u00f6m\u0259k edir. T\u0259limin bir hiss\u0259si olaraq, m\u0259lumatl\u0131l\u0131q d\u0259r\u0259c\u0259sini yoxlamaq v\u0259 g\u00fccl\u0259ndirm\u0259k \u00fc\u00e7\u00fcn saxta \u201cphishing\u201d v\u0259 dig\u0259r h\u00fccum simulyasiyalar\u0131ndan istifad\u0259 olunur.<\/p>\t\t\t\t\t\t\t\t<\/div>\n\t\t\t\t<\/div>\n\t\t\t\t\t<\/div>\n\t\t<\/div>\n\t\t\t\t\t<\/div>\n\t\t<\/section>\n\t\t\t\t<\/div>","protected":false},"excerpt":{"rendered":"<p>User Awareness Platform User security awareness, typically a component of a &#8230; <\/p>","protected":false},"author":1,"featured_media":0,"parent":1932,"menu_order":0,"comment_status":"closed","ping_status":"closed","template":"","meta":{"footnotes":""},"class_list":["post-2165","page","type-page","status-publish","hentry"],"_links":{"self":[{"href":"https:\/\/smartit.ws\/az\/wp-json\/wp\/v2\/pages\/2165","targetHints":{"allow":["GET"]}}],"collection":[{"href":"https:\/\/smartit.ws\/az\/wp-json\/wp\/v2\/pages"}],"about":[{"href":"https:\/\/smartit.ws\/az\/wp-json\/wp\/v2\/types\/page"}],"author":[{"embeddable":true,"href":"https:\/\/smartit.ws\/az\/wp-json\/wp\/v2\/users\/1"}],"replies":[{"embeddable":true,"href":"https:\/\/smartit.ws\/az\/wp-json\/wp\/v2\/comments?post=2165"}],"version-history":[{"count":3,"href":"https:\/\/smartit.ws\/az\/wp-json\/wp\/v2\/pages\/2165\/revisions"}],"predecessor-version":[{"id":3773,"href":"https:\/\/smartit.ws\/az\/wp-json\/wp\/v2\/pages\/2165\/revisions\/3773"}],"up":[{"embeddable":true,"href":"https:\/\/smartit.ws\/az\/wp-json\/wp\/v2\/pages\/1932"}],"wp:attachment":[{"href":"https:\/\/smartit.ws\/az\/wp-json\/wp\/v2\/media?parent=2165"}],"curies":[{"name":"wp","href":"https:\/\/api.w.org\/{rel}","templated":true}]}}