{"id":2163,"date":"2022-04-19T18:33:42","date_gmt":"2022-04-19T18:33:42","guid":{"rendered":"https:\/\/smartit.ws\/?page_id=2163"},"modified":"2022-10-18T15:27:19","modified_gmt":"2022-10-18T15:27:19","slug":"security-orchestration-automation-and-response-soar","status":"publish","type":"page","link":"https:\/\/smartit.ws\/az\/solutions\/incident-management-solutions\/security-orchestration-automation-and-response-soar\/","title":{"rendered":"Orkestrasiya, avtomatla\u015fd\u0131rma v\u0259 cavab t\u0259dbirl\u0259ri (SOAR)"},"content":{"rendered":"<div data-elementor-type=\"wp-page\" data-elementor-id=\"2163\" class=\"elementor elementor-2163\" data-elementor-settings=\"{&quot;ha_cmc_init_switcher&quot;:&quot;no&quot;}\" data-elementor-post-type=\"page\">\n\t\t\t\t\t\t<section class=\"elementor-section elementor-top-section elementor-element elementor-element-6090fb7 elementor-section-boxed elementor-section-height-default elementor-section-height-default\" data-id=\"6090fb7\" data-element_type=\"section\" data-e-type=\"section\">\n\t\t\t\t\t\t<div class=\"elementor-container elementor-column-gap-default\">\n\t\t\t\t\t<div class=\"elementor-column elementor-col-100 elementor-top-column elementor-element elementor-element-0a1f969\" data-id=\"0a1f969\" data-element_type=\"column\" data-e-type=\"column\" data-settings=\"{&quot;background_background&quot;:&quot;classic&quot;}\">\n\t\t\t<div class=\"elementor-widget-wrap elementor-element-populated\">\n\t\t\t\t\t\t<section class=\"elementor-section elementor-inner-section elementor-element elementor-element-c16971a elementor-section-boxed elementor-section-height-default elementor-section-height-default\" data-id=\"c16971a\" data-element_type=\"section\" data-e-type=\"section\">\n\t\t\t\t\t\t<div class=\"elementor-container elementor-column-gap-default\">\n\t\t\t\t\t<div class=\"elementor-column elementor-col-50 elementor-inner-column elementor-element elementor-element-2faed6b\" data-id=\"2faed6b\" data-element_type=\"column\" data-e-type=\"column\">\n\t\t\t<div class=\"elementor-widget-wrap elementor-element-populated\">\n\t\t\t\t\t\t<div class=\"elementor-element elementor-element-b767ecb elementor-widget elementor-widget-image\" data-id=\"b767ecb\" data-element_type=\"widget\" data-e-type=\"widget\" data-widget_type=\"image.default\">\n\t\t\t\t<div class=\"elementor-widget-container\">\n\t\t\t\t\t\t\t\t\t\t\t\t\t\t\t<img decoding=\"async\" width=\"37\" height=\"36\" src=\"https:\/\/smartit.ws\/wp-content\/uploads\/2022\/08\/Security-Orchestration-Automation-and-Response.png\" class=\"attachment-full size-full wp-image-2928\" alt=\"\" \/>\t\t\t\t\t\t\t\t\t\t\t\t\t\t\t<\/div>\n\t\t\t\t<\/div>\n\t\t\t\t\t<\/div>\n\t\t<\/div>\n\t\t\t\t<div class=\"elementor-column elementor-col-50 elementor-inner-column elementor-element elementor-element-c57b98b\" data-id=\"c57b98b\" data-element_type=\"column\" data-e-type=\"column\">\n\t\t\t<div class=\"elementor-widget-wrap elementor-element-populated\">\n\t\t\t\t\t\t<div class=\"elementor-element elementor-element-95aae1c elementor-widget elementor-widget-heading\" data-id=\"95aae1c\" data-element_type=\"widget\" data-e-type=\"widget\" data-widget_type=\"heading.default\">\n\t\t\t\t<div class=\"elementor-widget-container\">\n\t\t\t\t\t<h2 class=\"elementor-heading-title elementor-size-default\">Orkestrasiya, avtomatla\u015fd\u0131rma v\u0259 cavab t\u0259dbirl\u0259ri (SOAR)<\/h2>\t\t\t\t<\/div>\n\t\t\t\t<\/div>\n\t\t\t\t\t<\/div>\n\t\t<\/div>\n\t\t\t\t\t<\/div>\n\t\t<\/section>\n\t\t\t\t<div class=\"elementor-element elementor-element-dbe1aa5 elementor-widget elementor-widget-text-editor\" data-id=\"dbe1aa5\" data-element_type=\"widget\" data-e-type=\"widget\" data-widget_type=\"text-editor.default\">\n\t\t\t\t<div class=\"elementor-widget-container\">\n\t\t\t\t\t\t\t\t\t<p>Security Orchestration, Automation and Response (SOAR) \u015firk\u0259tl\u0259r\u0259 v\u0259 t\u0259\u015fkilatlara t\u0259hl\u00fck\u0259sizlik t\u0259hdidl\u0259ri il\u0259 m\u00fcbariz\u0259 aparma\u011fa k\u00f6m\u0259k ed\u0259n \u0130T \u00fczr\u0259 h\u0259ll\u0259r kompleksidir. Fiziki v\u0259 r\u0259q\u0259msal t\u0259hl\u00fck\u0259sizlik al\u0259tl\u0259ri toplusunda SOAR optimal t\u0259hl\u00fck\u0259sizlik reaksiyas\u0131 \u00fc\u00e7\u00fcn arxitektura t\u0259qdim edir. M\u0259s\u0259l\u0259n, SOAR resurs kompleksi sad\u0259 perimetr t\u0259hl\u00fck\u0259sizliyind\u0259n k\u0259narda yeni v\u0259 daha m\u00fcr\u0259kk\u0259b prosesl\u0259ri t\u0259\u015fkil ed\u0259n firewall v\u0259 ya perimetr t\u0259hl\u00fck\u0259sizlik avadanl\u0131\u011f\u0131n\u0131n \u00fcst\u00fcnd\u0259 i\u015fl\u0259y\u0259n yeni n\u00f6v proqram paketl\u0259rini \u00f6z\u00fcn\u0259 daxil ed\u0259 bil\u0259r.<\/p><p>SOAR qura\u015fd\u0131rmas\u0131 t\u0259hdid v\u0259 z\u0259ifliyin idar\u0259 edilm\u0259sind\u0259, h\u0259m\u00e7inin t\u0259hl\u00fck\u0259sizlik insidentl\u0259rin\u0259 cavab verm\u0259kd\u0259 k\u00f6m\u0259k ed\u0259 bil\u0259r. B\u0259zi ba\u015fqa al\u0259tl\u0259r d\u0259 avtomatla\u015fd\u0131r\u0131lm\u0131\u015f resurslar t\u0259klif edir. SOAR, SIEM v\u0259 ya t\u0259hl\u00fck\u0259sizlik m\u0259lumat\u0131 v\u0259 hadis\u0259l\u0259rin idar\u0259 edilm\u0259si il\u0259 ziddiyy\u0259t t\u0259\u015fkil ed\u0259 bil\u0259r, \u00e7\u00fcnki SOAR, SIEM modell\u0259ri vasit\u0259sil\u0259 m\u00fcmk\u00fcn olan\u0131 geni\u015fl\u0259ndirm\u0259k \u00fc\u00e7\u00fcn t\u0259tbiq edilir. Yen\u0259 d\u0259, SOAR geni\u015f avtomatla\u015fd\u0131rma v\u0259 koordinasiya strategiyalar\u0131 t\u0259min etm\u0259kl\u0259 m\u00f6vcud t\u0259hl\u00fck\u0259sizlik modell\u0259rini t\u0259kmill\u0259\u015fdir\u0259 bil\u0259r. Ola bil\u0259r ki, t\u0259\u015fkilatda bir-biri il\u0259 \u0259laq\u0259li olmayan bir ne\u00e7\u0259 m\u00fcst\u0259qil t\u0259hl\u00fck\u0259sizlik h\u0259ll\u0259ri vard\u0131r, bununla b\u0259rab\u0259r, monitorinq, inteqrasiya olunmu\u015f t\u0259hl\u00fck\u0259l\u0259rin a\u015fkarlanmas\u0131 v\u0259 insidentl\u0259r\u0259 cavab verm\u0259si v\u0259 dig\u0259r funksiyalarla SOAR arxitekturas\u0131 sistemi qorunmaq \u00fc\u00e7\u00fcn f\u0259al i\u015fl\u0259yir.<\/p>\t\t\t\t\t\t\t\t<\/div>\n\t\t\t\t<\/div>\n\t\t\t\t\t<\/div>\n\t\t<\/div>\n\t\t\t\t\t<\/div>\n\t\t<\/section>\n\t\t\t\t<\/div>","protected":false},"excerpt":{"rendered":"<p>Security Orchestration, Automation and Response (SOAR) Security Orchestration, Automation and Response &#8230; <\/p>","protected":false},"author":1,"featured_media":0,"parent":1936,"menu_order":0,"comment_status":"closed","ping_status":"closed","template":"","meta":{"footnotes":""},"class_list":["post-2163","page","type-page","status-publish","hentry"],"_links":{"self":[{"href":"https:\/\/smartit.ws\/az\/wp-json\/wp\/v2\/pages\/2163","targetHints":{"allow":["GET"]}}],"collection":[{"href":"https:\/\/smartit.ws\/az\/wp-json\/wp\/v2\/pages"}],"about":[{"href":"https:\/\/smartit.ws\/az\/wp-json\/wp\/v2\/types\/page"}],"author":[{"embeddable":true,"href":"https:\/\/smartit.ws\/az\/wp-json\/wp\/v2\/users\/1"}],"replies":[{"embeddable":true,"href":"https:\/\/smartit.ws\/az\/wp-json\/wp\/v2\/comments?post=2163"}],"version-history":[{"count":3,"href":"https:\/\/smartit.ws\/az\/wp-json\/wp\/v2\/pages\/2163\/revisions"}],"predecessor-version":[{"id":3803,"href":"https:\/\/smartit.ws\/az\/wp-json\/wp\/v2\/pages\/2163\/revisions\/3803"}],"up":[{"embeddable":true,"href":"https:\/\/smartit.ws\/az\/wp-json\/wp\/v2\/pages\/1936"}],"wp:attachment":[{"href":"https:\/\/smartit.ws\/az\/wp-json\/wp\/v2\/media?parent=2163"}],"curies":[{"name":"wp","href":"https:\/\/api.w.org\/{rel}","templated":true}]}}