{"id":2161,"date":"2022-04-19T18:33:04","date_gmt":"2022-04-19T18:33:04","guid":{"rendered":"https:\/\/smartit.ws\/?page_id=2161"},"modified":"2024-04-01T13:46:06","modified_gmt":"2024-04-01T13:46:06","slug":"security-information-and-event-management","status":"publish","type":"page","link":"https:\/\/smartit.ws\/az\/solutions\/incident-management-solutions\/security-information-and-event-management\/","title":{"rendered":"T\u0259hl\u00fck\u0259sizlik m\u0259lumatlar\u0131n\u0131n v\u0259 hadis\u0259l\u0259rin idar\u0259 edilm\u0259si (SIEM)"},"content":{"rendered":"<div data-elementor-type=\"wp-page\" data-elementor-id=\"2161\" class=\"elementor elementor-2161\" data-elementor-settings=\"{&quot;ha_cmc_init_switcher&quot;:&quot;no&quot;}\" data-elementor-post-type=\"page\">\n\t\t\t\t\t\t<section class=\"elementor-section elementor-top-section elementor-element elementor-element-6090fb7 elementor-section-boxed elementor-section-height-default elementor-section-height-default\" data-id=\"6090fb7\" data-element_type=\"section\" data-e-type=\"section\">\n\t\t\t\t\t\t<div class=\"elementor-container elementor-column-gap-default\">\n\t\t\t\t\t<div class=\"elementor-column elementor-col-100 elementor-top-column elementor-element elementor-element-0a1f969\" data-id=\"0a1f969\" data-element_type=\"column\" data-e-type=\"column\" data-settings=\"{&quot;background_background&quot;:&quot;classic&quot;}\">\n\t\t\t<div class=\"elementor-widget-wrap elementor-element-populated\">\n\t\t\t\t\t\t<section class=\"elementor-section elementor-inner-section elementor-element elementor-element-431ecf8 elementor-section-boxed elementor-section-height-default elementor-section-height-default\" data-id=\"431ecf8\" data-element_type=\"section\" data-e-type=\"section\">\n\t\t\t\t\t\t<div class=\"elementor-container elementor-column-gap-default\">\n\t\t\t\t\t<div class=\"elementor-column elementor-col-50 elementor-inner-column elementor-element elementor-element-c6737d9\" data-id=\"c6737d9\" data-element_type=\"column\" data-e-type=\"column\">\n\t\t\t<div class=\"elementor-widget-wrap elementor-element-populated\">\n\t\t\t\t\t\t<div class=\"elementor-element elementor-element-4ce95b9 elementor-widget elementor-widget-image\" data-id=\"4ce95b9\" data-element_type=\"widget\" data-e-type=\"widget\" data-widget_type=\"image.default\">\n\t\t\t\t<div class=\"elementor-widget-container\">\n\t\t\t\t\t\t\t\t\t\t\t\t\t\t\t<img decoding=\"async\" width=\"36\" height=\"36\" src=\"https:\/\/smartit.ws\/wp-content\/uploads\/2022\/08\/Security-Event-and-Incident-Management.png\" class=\"attachment-full size-full wp-image-2924\" alt=\"\" \/>\t\t\t\t\t\t\t\t\t\t\t\t\t\t\t<\/div>\n\t\t\t\t<\/div>\n\t\t\t\t\t<\/div>\n\t\t<\/div>\n\t\t\t\t<div class=\"elementor-column elementor-col-50 elementor-inner-column elementor-element elementor-element-e979ccc\" data-id=\"e979ccc\" data-element_type=\"column\" data-e-type=\"column\">\n\t\t\t<div class=\"elementor-widget-wrap elementor-element-populated\">\n\t\t\t\t\t\t<div class=\"elementor-element elementor-element-283b511 elementor-widget elementor-widget-heading\" data-id=\"283b511\" data-element_type=\"widget\" data-e-type=\"widget\" data-widget_type=\"heading.default\">\n\t\t\t\t<div class=\"elementor-widget-container\">\n\t\t\t\t\t<h2 class=\"elementor-heading-title elementor-size-default\">T\u0259hl\u00fck\u0259sizlik m\u0259lumatlar\u0131n\u0131n v\u0259 hadis\u0259l\u0259rin idar\u0259 edilm\u0259si (SIEM)<\/h2>\t\t\t\t<\/div>\n\t\t\t\t<\/div>\n\t\t\t\t\t<\/div>\n\t\t<\/div>\n\t\t\t\t\t<\/div>\n\t\t<\/section>\n\t\t\t\t<div class=\"elementor-element elementor-element-dbe1aa5 elementor-widget elementor-widget-text-editor\" data-id=\"dbe1aa5\" data-element_type=\"widget\" data-e-type=\"widget\" data-widget_type=\"text-editor.default\">\n\t\t\t\t<div class=\"elementor-widget-container\">\n\t\t\t\t\t\t\t\t\t<p>T\u0259hl\u00fck\u0259sizlik m\u0259lumatlar\u0131n\u0131n v\u0259 hadis\u0259l\u0259rin idar\u0259 edilm\u0259si (SIEM) real vaxtda \u0130T m\u00fchitind\u0259 t\u0259hl\u00fck\u0259sizlik hadis\u0259l\u0259rinin v\u0259 ya insidentl\u0259rinin m\u00fc\u0259yy\u0259n edilm\u0259si, monitorinqi, qeyd\u0259 al\u0131nmas\u0131 v\u0259 t\u0259hlili prosesidir. O, \u0130T infrastrukturunun t\u0259hl\u00fck\u0259sizlik ssenarisinin h\u0259rt\u0259r\u0259fli v\u0259 m\u0259rk\u0259zl\u0259\u015fdirilmi\u015f g\u00f6r\u00fcn\u00fc\u015f\u00fcn\u00fc t\u0259min edir. T\u0259hl\u00fck\u0259sizlik insidentinin v\u0259 hadis\u0259l\u0259rin idar\u0259 edilm\u0259si (SIEM) t\u0259hl\u00fck\u0259sizlik m\u0259lumat\u0131 hadis\u0259sinin idar\u0259 edilm\u0259si kimi d\u0259 tan\u0131n\u0131r.<\/p><p>SIEM proqram t\u0259minat\u0131, sisteml\u0259r, cihazlar v\u0259 ya bu elementl\u0259rin b\u0259zi kombinasiyas\u0131 vasit\u0259sil\u0259 h\u0259yata ke\u00e7irilir. \u00dcmumiyy\u0259tl\u0259, SIEM sisteminin alt\u0131 \u0259sas atributu var:<\/p><p>- Saxlama: Daha dol\u011fun q\u0259rarlar q\u0259bul etm\u0259k \u00fc\u00e7\u00fcn m\u0259lumatlar\u0131n uzun m\u00fcdd\u0259t saxlanmas\u0131.<\/p><p>- \u0130dar\u0259 panell\u0259ri: N\u00fcmun\u0259l\u0259ri v\u0259 ya h\u0259d\u0259f f\u0259aliyy\u0259tini v\u0259 ya normal n\u00fcmun\u0259y\u0259 uy\u011fun g\u0259lm\u0259y\u0259n m\u0259lumatlar\u0131 tan\u0131maq c\u0259hdind\u0259 m\u0259lumatlar\u0131 t\u0259hlil etm\u0259k (v\u0259 vizualla\u015fd\u0131rmaq) \u00fc\u00e7\u00fcn istifad\u0259 olunur.<\/p><p>- Korrelyasiya: M\u0259lumatlar\u0131 anla\u015f\u0131lan, ox\u015far v\u0259 \u00fcmumi x\u00fcsusiyy\u0259tl\u0259ri payla\u015fan paketl\u0259r\u0259 ay\u0131r\u0131r. M\u0259qs\u0259d m\u0259lumatlar\u0131 faydal\u0131 m\u0259lumata \u00e7evirm\u0259kdir.<\/p><p>- X\u0259b\u0259rdarl\u0131q: X\u0259b\u0259rdarl\u0131qlar v\u0259 ya potensial t\u0259hl\u00fck\u0259sizlik probleml\u0259ri kimi m\u00fc\u0259yy\u0259n cavablara s\u0259b\u0259b olan m\u0259lumatlar topland\u0131qda v\u0259 ya m\u00fc\u0259yy\u0259n edildikd\u0259 SIEM al\u0259tl\u0259ri idar\u0259 panelin\u0259 g\u00f6nd\u0259ril\u0259n bildiri\u015fl\u0259r, avtomatla\u015fd\u0131r\u0131lm\u0131\u015f e-po\u00e7t v\u0259 ya m\u0259tn mesaj\u0131 kimi istifad\u0259\u00e7il\u0259ri x\u0259b\u0259rdar etm\u0259k \u00fc\u00e7\u00fcn m\u00fc\u0259yy\u0259n protokollar\u0131 aktivl\u0259\u015fdir\u0259 bil\u0259r.<\/p><p>- M\u0259lumatlar\u0131n Aqreqasiyas\u0131: SIEM t\u0259tbiq edildikd\u0259n sonra serverl\u0259r, \u015f\u0259b\u0259k\u0259l\u0259r, veril\u0259nl\u0259r bazalar\u0131, proqram t\u0259minat\u0131 v\u0259 e-po\u00e7t sisteml\u0259ri daxil olmaqla ist\u0259nil\u0259n sayda m\u0259nb\u0259d\u0259n m\u0259lumat toplana bil\u0259r. Aqreqator h\u0259m\u00e7inin m\u0259lumatlar\u0131n \u0259laq\u0259l\u0259ndirilm\u0259si v\u0259 ya saxlanmas\u0131 \u00fc\u00e7\u00fcn g\u00f6nd\u0259rilm\u0259zd\u0259n \u0259vv\u0259l birl\u0259\u015fdirici resurs rolunu oynay\u0131r.<\/p><p>- Uy\u011funluq: SIEM-d\u0259 t\u0259\u015fkilat, standart v\u0259 ya h\u00f6kum\u0259t orqanlar\u0131n\u0131n t\u0259l\u0259bl\u0259rin\u0259 uy\u011funluq \u00fc\u00e7\u00fcn laz\u0131m olan m\u0259lumatlar\u0131 avtomatik toplayan protokollar yarad\u0131la bil\u0259r.<\/p>\t\t\t\t\t\t\t\t<\/div>\n\t\t\t\t<\/div>\n\t\t\t\t\t<\/div>\n\t\t<\/div>\n\t\t\t\t\t<\/div>\n\t\t<\/section>\n\t\t\t\t<\/div>","protected":false},"excerpt":{"rendered":"<p>Security Information and Event Management Security incident and event management (SIEM) &#8230; <\/p>","protected":false},"author":1,"featured_media":0,"parent":1936,"menu_order":0,"comment_status":"closed","ping_status":"closed","template":"","meta":{"footnotes":""},"class_list":["post-2161","page","type-page","status-publish","hentry"],"_links":{"self":[{"href":"https:\/\/smartit.ws\/az\/wp-json\/wp\/v2\/pages\/2161","targetHints":{"allow":["GET"]}}],"collection":[{"href":"https:\/\/smartit.ws\/az\/wp-json\/wp\/v2\/pages"}],"about":[{"href":"https:\/\/smartit.ws\/az\/wp-json\/wp\/v2\/types\/page"}],"author":[{"embeddable":true,"href":"https:\/\/smartit.ws\/az\/wp-json\/wp\/v2\/users\/1"}],"replies":[{"embeddable":true,"href":"https:\/\/smartit.ws\/az\/wp-json\/wp\/v2\/comments?post=2161"}],"version-history":[{"count":11,"href":"https:\/\/smartit.ws\/az\/wp-json\/wp\/v2\/pages\/2161\/revisions"}],"predecessor-version":[{"id":3982,"href":"https:\/\/smartit.ws\/az\/wp-json\/wp\/v2\/pages\/2161\/revisions\/3982"}],"up":[{"embeddable":true,"href":"https:\/\/smartit.ws\/az\/wp-json\/wp\/v2\/pages\/1936"}],"wp:attachment":[{"href":"https:\/\/smartit.ws\/az\/wp-json\/wp\/v2\/media?parent=2161"}],"curies":[{"name":"wp","href":"https:\/\/api.w.org\/{rel}","templated":true}]}}