{"id":2159,"date":"2022-04-19T18:32:06","date_gmt":"2022-04-19T18:32:06","guid":{"rendered":"https:\/\/smartit.ws\/?page_id=2159"},"modified":"2022-10-18T15:25:28","modified_gmt":"2022-10-18T15:25:28","slug":"change-auditor","status":"publish","type":"page","link":"https:\/\/smartit.ws\/az\/solutions\/incident-management-solutions\/change-auditor\/","title":{"rendered":"D\u0259yi\u015fiklikl\u0259rin auditi"},"content":{"rendered":"<div data-elementor-type=\"wp-page\" data-elementor-id=\"2159\" class=\"elementor elementor-2159\" data-elementor-settings=\"{&quot;ha_cmc_init_switcher&quot;:&quot;no&quot;}\" data-elementor-post-type=\"page\">\n\t\t\t\t\t\t<section class=\"elementor-section elementor-top-section elementor-element elementor-element-6090fb7 elementor-section-boxed elementor-section-height-default elementor-section-height-default\" data-id=\"6090fb7\" data-element_type=\"section\" data-e-type=\"section\">\n\t\t\t\t\t\t<div class=\"elementor-container elementor-column-gap-default\">\n\t\t\t\t\t<div class=\"elementor-column elementor-col-100 elementor-top-column elementor-element elementor-element-0a1f969\" data-id=\"0a1f969\" data-element_type=\"column\" data-e-type=\"column\" data-settings=\"{&quot;background_background&quot;:&quot;classic&quot;}\">\n\t\t\t<div class=\"elementor-widget-wrap elementor-element-populated\">\n\t\t\t\t\t\t<section class=\"elementor-section elementor-inner-section elementor-element elementor-element-bb66eb4 elementor-section-boxed elementor-section-height-default elementor-section-height-default\" data-id=\"bb66eb4\" data-element_type=\"section\" data-e-type=\"section\">\n\t\t\t\t\t\t<div class=\"elementor-container elementor-column-gap-default\">\n\t\t\t\t\t<div class=\"elementor-column elementor-col-50 elementor-inner-column elementor-element elementor-element-fdde230\" data-id=\"fdde230\" data-element_type=\"column\" data-e-type=\"column\">\n\t\t\t<div class=\"elementor-widget-wrap elementor-element-populated\">\n\t\t\t\t\t\t<div class=\"elementor-element elementor-element-a4c525c elementor-widget elementor-widget-image\" data-id=\"a4c525c\" data-element_type=\"widget\" data-e-type=\"widget\" data-widget_type=\"image.default\">\n\t\t\t\t<div class=\"elementor-widget-container\">\n\t\t\t\t\t\t\t\t\t\t\t\t\t\t\t<img decoding=\"async\" width=\"37\" height=\"36\" src=\"https:\/\/smartit.ws\/wp-content\/uploads\/2022\/08\/Change-Auditor.png\" class=\"attachment-full size-full wp-image-2920\" alt=\"\" \/>\t\t\t\t\t\t\t\t\t\t\t\t\t\t\t<\/div>\n\t\t\t\t<\/div>\n\t\t\t\t\t<\/div>\n\t\t<\/div>\n\t\t\t\t<div class=\"elementor-column elementor-col-50 elementor-inner-column elementor-element elementor-element-038efcb\" data-id=\"038efcb\" data-element_type=\"column\" data-e-type=\"column\">\n\t\t\t<div class=\"elementor-widget-wrap elementor-element-populated\">\n\t\t\t\t\t\t<div class=\"elementor-element elementor-element-8514784 elementor-widget elementor-widget-heading\" data-id=\"8514784\" data-element_type=\"widget\" data-e-type=\"widget\" data-widget_type=\"heading.default\">\n\t\t\t\t<div class=\"elementor-widget-container\">\n\t\t\t\t\t<h2 class=\"elementor-heading-title elementor-size-default\">D\u0259yi\u015fiklikl\u0259rin auditi<\/h2>\t\t\t\t<\/div>\n\t\t\t\t<\/div>\n\t\t\t\t\t<\/div>\n\t\t<\/div>\n\t\t\t\t\t<\/div>\n\t\t<\/section>\n\t\t\t\t<div class=\"elementor-element elementor-element-dbe1aa5 elementor-widget elementor-widget-text-editor\" data-id=\"dbe1aa5\" data-element_type=\"widget\" data-e-type=\"widget\" data-widget_type=\"text-editor.default\">\n\t\t\t\t<div class=\"elementor-widget-container\">\n\t\t\t\t\t\t\t\t\t<p>Hadis\u0259l\u0259rin qeydiyyat\u0131 v\u0259 d\u0259yi\u015fiklikl\u0259rin hesabat\u0131 prosesi yerli audit al\u0259tl\u0259rind\u0259n istifad\u0259 etm\u0259kl\u0259 \u00e7\u0259tin v\u0259 vaxt aparan olur. M\u0259rk\u0259zi konsol olmad\u0131\u011f\u0131 \u00fc\u00e7\u00fcn h\u0259r bir server \u00fc\u00e7\u00fcn proses t\u0259krarlan\u0131r v\u0259 n\u0259tic\u0259d\u0259 b\u00f6y\u00fck h\u0259cmd\u0259 m\u0259lumat v\u0259 says\u0131z-hesabs\u0131z hesabatlar \u0259ld\u0259 edilir. Bu o dem\u0259kdir ki, uy\u011funlu\u011fu s\u00fcbut etm\u0259k v\u0259 ya hadis\u0259l\u0259r\u0259 tez reaksiya verm\u0259k daimi bir problemdir. Hadis\u0259l\u0259r bar\u0259d\u0259 t\u0259f\u0259rr\u00fcatlar kifay\u0259t deyildir v\u0259 onlar\u0131 \u015f\u0259rh etm\u0259k \u00e7\u0259tindir, bu s\u0259b\u0259bd\u0259n, m\u0259lumat t\u0259hl\u00fck\u0259sizliyiniz d\u0259 risk alt\u0131ndad\u0131r. N\u0259tic\u0259d\u0259, \u00e7ox gec olana q\u0259d\u0259r probleml\u0259rd\u0259n x\u0259b\u0259rsiz ola bil\u0259rsiniz. Yerli qeydl\u0259r silin\u0259 bildiyi v\u0259 ya yenid\u0259n yaz\u0131la bildiyi \u00fc\u00e7\u00fcn, ilk n\u00f6vb\u0259d\u0259 audit t\u0259l\u0259bl\u0259rin\u0259 zidd olaraq, jurnal m\u0259lumatlar\u0131n\u0131n b\u00fct\u00f6vl\u00fcy\u00fc pozula bil\u0259r.<\/p><p>D\u0259yi\u015fiklik Auditoru (Change Auditor) al\u0259ti real vaxt rejimind\u0259 b\u00fct\u00fcn d\u0259yi\u015fiklikl\u0259ri izl\u0259m\u0259k, yoxlamaq, hesabat verm\u0259k v\u0259 x\u0259b\u0259rdarl\u0131q etm\u0259kl\u0259 fayllar\u0131n v\u0259 qovluqlar\u0131n t\u0259hl\u00fck\u0259sizliyin\u0259, uy\u011funlu\u011funa v\u0259 b\u00fct\u00f6vl\u00fcy\u00fcn\u0259 n\u0259zar\u0259ti t\u0259min etm\u0259y\u0259 k\u00f6m\u0259k edir. D\u0259yi\u015fiklik Auditoru il\u0259 idar\u0259\u00e7il\u0259r m\u00fcr\u0259kk\u0259blik v\u0259 nam\u0259lum t\u0259hl\u00fck\u0259sizlik narahatl\u0131qlar\u0131ndan qorxmadan hadis\u0259l\u0259ri v\u0259 d\u0259yi\u015fiklikl\u0259ri izl\u0259y\u0259, hesabat ver\u0259 v\u0259 t\u0259hlil ed\u0259 bil\u0259r. Kimin n\u0259 vaxt, harada, hans\u0131 i\u015f stansiyas\u0131ndan hans\u0131 d\u0259yi\u015fikliyi etdiyi v\u0259 bu d\u0259yi\u015fikliy\u0259 aid b\u00fct\u00fcn hadis\u0259l\u0259r d\u0259rhal bilin\u0259c\u0259k. Daha sonra avtomatik olaraq a\u011f\u0131ll\u0131, d\u0259rin ekspertiza yarada v\u0259 g\u00fcnd\u0259lik d\u0259yi\u015fiklikl\u0259rl\u0259 ba\u011fl\u0131 riskl\u0259ri azalda bil\u0259rsiniz.<\/p><p>SIEM proqram t\u0259minat\u0131, sisteml\u0259r, cihazlar v\u0259 ya bu elementl\u0259rin b\u0259zi kombinasiyas\u0131 vasit\u0259sil\u0259 h\u0259yata ke\u00e7irilir. \u00dcmumiyy\u0259tl\u0259, SIEM sisteminin alt\u0131 \u0259sas atributu var:<\/p><p>- Saxlama: Daha dol\u011fun q\u0259rarlar q\u0259bul etm\u0259k \u00fc\u00e7\u00fcn m\u0259lumatlar\u0131n uzun m\u00fcdd\u0259t saxlanmas\u0131.<\/p><p>- \u0130dar\u0259 panell\u0259ri: N\u00fcmun\u0259l\u0259ri v\u0259 ya h\u0259d\u0259f f\u0259aliyy\u0259tini v\u0259 ya normal n\u00fcmun\u0259y\u0259 uy\u011fun g\u0259lm\u0259y\u0259n m\u0259lumatlar\u0131 tan\u0131maq c\u0259hdind\u0259 m\u0259lumatlar\u0131 t\u0259hlil etm\u0259k (v\u0259 vizualla\u015fd\u0131rmaq) \u00fc\u00e7\u00fcn istifad\u0259 olunur.<\/p><p>- Korrelyasiya: M\u0259lumatlar\u0131 anla\u015f\u0131lan, ox\u015far v\u0259 \u00fcmumi x\u00fcsusiyy\u0259tl\u0259ri payla\u015fan paketl\u0259r\u0259 ay\u0131r\u0131r. M\u0259qs\u0259d m\u0259lumatlar\u0131 faydal\u0131 m\u0259lumata \u00e7evirm\u0259kdir.<\/p><p>- X\u0259b\u0259rdarl\u0131q: X\u0259b\u0259rdarl\u0131qlar v\u0259 ya potensial t\u0259hl\u00fck\u0259sizlik probleml\u0259ri kimi m\u00fc\u0259yy\u0259n cavablara s\u0259b\u0259b olan m\u0259lumatlar topland\u0131qda v\u0259 ya m\u00fc\u0259yy\u0259n edildikd\u0259 SIEM al\u0259tl\u0259ri idar\u0259 panelin\u0259 g\u00f6nd\u0259ril\u0259n bildiri\u015fl\u0259r, avtomatla\u015fd\u0131r\u0131lm\u0131\u015f e-po\u00e7t v\u0259 ya m\u0259tn mesaj\u0131 kimi istifad\u0259\u00e7il\u0259ri x\u0259b\u0259rdar etm\u0259k \u00fc\u00e7\u00fcn m\u00fc\u0259yy\u0259n protokollar\u0131 aktivl\u0259\u015fdir\u0259 bil\u0259r.<\/p><p>- M\u0259lumatlar\u0131n Aqreqasiyas\u0131: SIEM t\u0259tbiq edildikd\u0259n sonra serverl\u0259r, \u015f\u0259b\u0259k\u0259l\u0259r, veril\u0259nl\u0259r bazalar\u0131, proqram t\u0259minat\u0131 v\u0259 e-po\u00e7t sisteml\u0259ri daxil olmaqla ist\u0259nil\u0259n sayda m\u0259nb\u0259d\u0259n m\u0259lumat toplana bil\u0259r. Aqreqator h\u0259m\u00e7inin m\u0259lumatlar\u0131n \u0259laq\u0259l\u0259ndirilm\u0259si v\u0259 ya saxlanmas\u0131 \u00fc\u00e7\u00fcn g\u00f6nd\u0259rilm\u0259zd\u0259n \u0259vv\u0259l birl\u0259\u015fdirici resurs rolunu oynay\u0131r.<\/p><p>- Uy\u011funluq: SIEM-d\u0259 t\u0259\u015fkilat, standart v\u0259 ya h\u00f6kum\u0259t orqanlar\u0131n\u0131n t\u0259l\u0259bl\u0259rin\u0259 uy\u011funluq \u00fc\u00e7\u00fcn laz\u0131m olan m\u0259lumatlar\u0131 avtomatik toplayan protokollar yarad\u0131la bil\u0259r.<\/p>\t\t\t\t\t\t\t\t<\/div>\n\t\t\t\t<\/div>\n\t\t\t\t\t<\/div>\n\t\t<\/div>\n\t\t\t\t\t<\/div>\n\t\t<\/section>\n\t\t\t\t<\/div>","protected":false},"excerpt":{"rendered":"<p>Change Auditor Event logging and change reporting is cumbersome and time-consuming &#8230; <\/p>","protected":false},"author":1,"featured_media":0,"parent":1936,"menu_order":0,"comment_status":"closed","ping_status":"closed","template":"","meta":{"footnotes":""},"class_list":["post-2159","page","type-page","status-publish","hentry"],"_links":{"self":[{"href":"https:\/\/smartit.ws\/az\/wp-json\/wp\/v2\/pages\/2159","targetHints":{"allow":["GET"]}}],"collection":[{"href":"https:\/\/smartit.ws\/az\/wp-json\/wp\/v2\/pages"}],"about":[{"href":"https:\/\/smartit.ws\/az\/wp-json\/wp\/v2\/types\/page"}],"author":[{"embeddable":true,"href":"https:\/\/smartit.ws\/az\/wp-json\/wp\/v2\/users\/1"}],"replies":[{"embeddable":true,"href":"https:\/\/smartit.ws\/az\/wp-json\/wp\/v2\/comments?post=2159"}],"version-history":[{"count":3,"href":"https:\/\/smartit.ws\/az\/wp-json\/wp\/v2\/pages\/2159\/revisions"}],"predecessor-version":[{"id":3797,"href":"https:\/\/smartit.ws\/az\/wp-json\/wp\/v2\/pages\/2159\/revisions\/3797"}],"up":[{"embeddable":true,"href":"https:\/\/smartit.ws\/az\/wp-json\/wp\/v2\/pages\/1936"}],"wp:attachment":[{"href":"https:\/\/smartit.ws\/az\/wp-json\/wp\/v2\/media?parent=2159"}],"curies":[{"name":"wp","href":"https:\/\/api.w.org\/{rel}","templated":true}]}}