{"id":2109,"date":"2022-04-19T18:02:53","date_gmt":"2022-04-19T18:02:53","guid":{"rendered":"https:\/\/smartit.ws\/?page_id=2109"},"modified":"2022-10-18T15:18:21","modified_gmt":"2022-10-18T15:18:21","slug":"insider-threat-management","status":"publish","type":"page","link":"https:\/\/smartit.ws\/az\/solutions\/data-security-solutions\/insider-threat-management\/","title":{"rendered":"Daxili t\u0259hl\u00fck\u0259l\u0259rin idar\u0259 edilm\u0259si"},"content":{"rendered":"<div data-elementor-type=\"wp-page\" data-elementor-id=\"2109\" class=\"elementor elementor-2109\" data-elementor-settings=\"{&quot;ha_cmc_init_switcher&quot;:&quot;no&quot;}\" data-elementor-post-type=\"page\">\n\t\t\t\t\t\t<section class=\"elementor-section elementor-top-section elementor-element elementor-element-6090fb7 elementor-section-boxed elementor-section-height-default elementor-section-height-default\" data-id=\"6090fb7\" data-element_type=\"section\" data-e-type=\"section\">\n\t\t\t\t\t\t<div class=\"elementor-container elementor-column-gap-default\">\n\t\t\t\t\t<div class=\"elementor-column elementor-col-100 elementor-top-column elementor-element elementor-element-0a1f969\" data-id=\"0a1f969\" data-element_type=\"column\" data-e-type=\"column\" data-settings=\"{&quot;background_background&quot;:&quot;classic&quot;}\">\n\t\t\t<div class=\"elementor-widget-wrap elementor-element-populated\">\n\t\t\t\t\t\t<section class=\"elementor-section elementor-inner-section elementor-element elementor-element-87a1f3f elementor-section-boxed elementor-section-height-default elementor-section-height-default\" data-id=\"87a1f3f\" data-element_type=\"section\" data-e-type=\"section\">\n\t\t\t\t\t\t<div class=\"elementor-container elementor-column-gap-default\">\n\t\t\t\t\t<div class=\"elementor-column elementor-col-50 elementor-inner-column elementor-element elementor-element-2527316\" data-id=\"2527316\" data-element_type=\"column\" data-e-type=\"column\">\n\t\t\t<div class=\"elementor-widget-wrap elementor-element-populated\">\n\t\t\t\t\t\t<div class=\"elementor-element elementor-element-bd37cc3 elementor-widget elementor-widget-image\" data-id=\"bd37cc3\" data-element_type=\"widget\" data-e-type=\"widget\" data-widget_type=\"image.default\">\n\t\t\t\t<div class=\"elementor-widget-container\">\n\t\t\t\t\t\t\t\t\t\t\t\t\t\t\t<img decoding=\"async\" width=\"37\" height=\"36\" src=\"https:\/\/smartit.ws\/wp-content\/uploads\/2022\/08\/Insider-Threat-Management.png\" class=\"attachment-full size-full wp-image-2883\" alt=\"\" \/>\t\t\t\t\t\t\t\t\t\t\t\t\t\t\t<\/div>\n\t\t\t\t<\/div>\n\t\t\t\t\t<\/div>\n\t\t<\/div>\n\t\t\t\t<div class=\"elementor-column elementor-col-50 elementor-inner-column elementor-element elementor-element-66ff01f\" data-id=\"66ff01f\" data-element_type=\"column\" data-e-type=\"column\">\n\t\t\t<div class=\"elementor-widget-wrap elementor-element-populated\">\n\t\t\t\t\t\t<div class=\"elementor-element elementor-element-8488e0b elementor-widget elementor-widget-heading\" data-id=\"8488e0b\" data-element_type=\"widget\" data-e-type=\"widget\" data-widget_type=\"heading.default\">\n\t\t\t\t<div class=\"elementor-widget-container\">\n\t\t\t\t\t<h2 class=\"elementor-heading-title elementor-size-default\">Daxili t\u0259hl\u00fck\u0259l\u0259rin idar\u0259 edilm\u0259si<\/h2>\t\t\t\t<\/div>\n\t\t\t\t<\/div>\n\t\t\t\t\t<\/div>\n\t\t<\/div>\n\t\t\t\t\t<\/div>\n\t\t<\/section>\n\t\t\t\t<div class=\"elementor-element elementor-element-dbe1aa5 elementor-widget elementor-widget-text-editor\" data-id=\"dbe1aa5\" data-element_type=\"widget\" data-e-type=\"widget\" data-widget_type=\"text-editor.default\">\n\t\t\t\t<div class=\"elementor-widget-container\">\n\t\t\t\t\t\t\t\t\t<p>Daxili t\u0259hl\u00fck\u0259l\u0259rin idar\u0259 edilm\u0259si (Insider threat management) t\u0259\u015fkilat\u0131n m\u0259lumatlar\u0131n\u0131 o\u011furluq, f\u0131r\u0131ldaq\u00e7\u0131l\u0131q v\u0259 z\u0259r\u0259r kimi daxili t\u0259hdidl\u0259rd\u0259n qorumaq \u00fc\u00e7\u00fcn i\u015f\u00e7il\u0259r, k\u0259nar vendorlar v\u0259 podrat\u00e7\u0131lar \u00fczr\u0259 m\u00fcbariz\u0259, a\u015fkarlanma v\u0259 monitorinq prosesidir.<\/p><p>\u0130nsayder t\u0259hl\u00fck\u0259si t\u0259\u015fkilat\u0131n t\u0259hl\u00fck\u0259sizlik t\u0259cr\u00fcb\u0259l\u0259ri, veril\u0259nl\u0259ri v\u0259 komp\u00fcter sisteml\u0259ri il\u0259 ba\u011fl\u0131 daxili m\u0259lumata malik olan i\u015f\u00e7il\u0259r, ke\u00e7mi\u015f i\u015f\u00e7il\u0259r, podrat\u00e7\u0131lar v\u0259 ya i\u015f yolda\u015flar\u0131 kimi t\u0259\u015fkilat daxilind\u0259ki insanlardan g\u0259l\u0259n t\u0259\u015fkilata qar\u015f\u0131 z\u0259r\u0259rli, ehtiyats\u0131z v\u0259 ya s\u0259hl\u0259nkar t\u0259hdiddir. T\u0259hdid f\u0131r\u0131ldaq\u00e7\u0131l\u0131q, m\u0259xfi v\u0259 ya kommersiya bax\u0131m\u0131ndan qiym\u0259tli m\u0259lumatlar\u0131n o\u011furlanmas\u0131 v\u0259 ya komp\u00fcter sisteml\u0259rinin t\u0259xribat\u0131 ola bil\u0259r.<\/p><p>Daxili t\u0259hl\u00fck\u0259nin a\u015fkarlanmas\u0131 x\u00fcsusil\u0259 \u00e7\u0259tin v\u0259 \u0259n t\u0259hl\u00fck\u0259li ola bil\u0259r, \u00e7\u00fcnki parolla qorunan istifad\u0259\u00e7il\u0259r b\u00fct\u00fcn sistem \u00fc\u00e7\u00fcn m\u0259lumatlar\u0131 asanl\u0131qla yenid\u0259n konfiqurasiya ed\u0259 bil\u0259rl\u0259r. Insider t\u0259hl\u00fck\u0259sinin qar\u015f\u0131s\u0131n\u0131n al\u0131nmas\u0131 proqramlar\u0131 parolla qorunan istifad\u0259\u00e7i hesablar\u0131ndan yaranan qeyri-adi v\u0259 ya z\u0259r\u0259rli davran\u0131\u015f \u00fc\u00e7\u00fcn sisteml\u0259ri izl\u0259m\u0259k \u00fc\u00e7\u00fcn n\u0259z\u0259rd\u0259 tutulmu\u015fdur.<\/p>\t\t\t\t\t\t\t\t<\/div>\n\t\t\t\t<\/div>\n\t\t\t\t\t<\/div>\n\t\t<\/div>\n\t\t\t\t\t<\/div>\n\t\t<\/section>\n\t\t\t\t<\/div>","protected":false},"excerpt":{"rendered":"<p>Insider Threat Management Insider threat management is the process of preventing, &#8230; <\/p>","protected":false},"author":1,"featured_media":0,"parent":1932,"menu_order":0,"comment_status":"closed","ping_status":"closed","template":"","meta":{"footnotes":""},"class_list":["post-2109","page","type-page","status-publish","hentry"],"_links":{"self":[{"href":"https:\/\/smartit.ws\/az\/wp-json\/wp\/v2\/pages\/2109","targetHints":{"allow":["GET"]}}],"collection":[{"href":"https:\/\/smartit.ws\/az\/wp-json\/wp\/v2\/pages"}],"about":[{"href":"https:\/\/smartit.ws\/az\/wp-json\/wp\/v2\/types\/page"}],"author":[{"embeddable":true,"href":"https:\/\/smartit.ws\/az\/wp-json\/wp\/v2\/users\/1"}],"replies":[{"embeddable":true,"href":"https:\/\/smartit.ws\/az\/wp-json\/wp\/v2\/comments?post=2109"}],"version-history":[{"count":3,"href":"https:\/\/smartit.ws\/az\/wp-json\/wp\/v2\/pages\/2109\/revisions"}],"predecessor-version":[{"id":3776,"href":"https:\/\/smartit.ws\/az\/wp-json\/wp\/v2\/pages\/2109\/revisions\/3776"}],"up":[{"embeddable":true,"href":"https:\/\/smartit.ws\/az\/wp-json\/wp\/v2\/pages\/1932"}],"wp:attachment":[{"href":"https:\/\/smartit.ws\/az\/wp-json\/wp\/v2\/media?parent=2109"}],"curies":[{"name":"wp","href":"https:\/\/api.w.org\/{rel}","templated":true}]}}