{"id":2107,"date":"2022-04-19T18:02:19","date_gmt":"2022-04-19T18:02:19","guid":{"rendered":"https:\/\/smartit.ws\/?page_id=2107"},"modified":"2022-10-18T15:20:33","modified_gmt":"2022-10-18T15:20:33","slug":"data-loss-leakage-prevention-dlp","status":"publish","type":"page","link":"https:\/\/smartit.ws\/az\/solutions\/data-security-solutions\/data-loss-leakage-prevention-dlp\/","title":{"rendered":"M\u0259lumat itkisinin qar\u015f\u0131s\u0131n\u0131n al\u0131nmas\u0131 (DLP)"},"content":{"rendered":"<div data-elementor-type=\"wp-page\" data-elementor-id=\"2107\" class=\"elementor elementor-2107\" data-elementor-settings=\"{&quot;ha_cmc_init_switcher&quot;:&quot;no&quot;}\" data-elementor-post-type=\"page\">\n\t\t\t\t\t\t<section class=\"elementor-section elementor-top-section elementor-element elementor-element-6090fb7 elementor-section-boxed elementor-section-height-default elementor-section-height-default\" data-id=\"6090fb7\" data-element_type=\"section\" data-e-type=\"section\">\n\t\t\t\t\t\t<div class=\"elementor-container elementor-column-gap-default\">\n\t\t\t\t\t<div class=\"elementor-column elementor-col-100 elementor-top-column elementor-element elementor-element-0a1f969\" data-id=\"0a1f969\" data-element_type=\"column\" data-e-type=\"column\" data-settings=\"{&quot;background_background&quot;:&quot;classic&quot;}\">\n\t\t\t<div class=\"elementor-widget-wrap elementor-element-populated\">\n\t\t\t\t\t\t<section class=\"elementor-section elementor-inner-section elementor-element elementor-element-bd1e3e4 elementor-section-boxed elementor-section-height-default elementor-section-height-default\" data-id=\"bd1e3e4\" data-element_type=\"section\" data-e-type=\"section\">\n\t\t\t\t\t\t<div class=\"elementor-container elementor-column-gap-default\">\n\t\t\t\t\t<div class=\"elementor-column elementor-col-50 elementor-inner-column elementor-element elementor-element-7bc2fcc\" data-id=\"7bc2fcc\" data-element_type=\"column\" data-e-type=\"column\">\n\t\t\t<div class=\"elementor-widget-wrap elementor-element-populated\">\n\t\t\t\t\t\t<div class=\"elementor-element elementor-element-f1ec166 elementor-widget elementor-widget-image\" data-id=\"f1ec166\" data-element_type=\"widget\" data-e-type=\"widget\" data-widget_type=\"image.default\">\n\t\t\t\t<div class=\"elementor-widget-container\">\n\t\t\t\t\t\t\t\t\t\t\t\t\t\t\t<img decoding=\"async\" width=\"37\" height=\"36\" src=\"https:\/\/smartit.ws\/wp-content\/uploads\/2022\/08\/Data-Leakage-Prevention.png\" class=\"attachment-full size-full wp-image-2875\" alt=\"\" \/>\t\t\t\t\t\t\t\t\t\t\t\t\t\t\t<\/div>\n\t\t\t\t<\/div>\n\t\t\t\t\t<\/div>\n\t\t<\/div>\n\t\t\t\t<div class=\"elementor-column elementor-col-50 elementor-inner-column elementor-element elementor-element-a0ebc85\" data-id=\"a0ebc85\" data-element_type=\"column\" data-e-type=\"column\">\n\t\t\t<div class=\"elementor-widget-wrap elementor-element-populated\">\n\t\t\t\t\t\t<div class=\"elementor-element elementor-element-b803bbd elementor-widget elementor-widget-heading\" data-id=\"b803bbd\" data-element_type=\"widget\" data-e-type=\"widget\" data-widget_type=\"heading.default\">\n\t\t\t\t<div class=\"elementor-widget-container\">\n\t\t\t\t\t<h2 class=\"elementor-heading-title elementor-size-default\">M\u0259lumat itkisinin qar\u015f\u0131s\u0131n\u0131n al\u0131nmas\u0131 (DLP)<\/h2>\t\t\t\t<\/div>\n\t\t\t\t<\/div>\n\t\t\t\t\t<\/div>\n\t\t<\/div>\n\t\t\t\t\t<\/div>\n\t\t<\/section>\n\t\t\t\t<div class=\"elementor-element elementor-element-dbe1aa5 elementor-widget elementor-widget-text-editor\" data-id=\"dbe1aa5\" data-element_type=\"widget\" data-e-type=\"widget\" data-widget_type=\"text-editor.default\">\n\t\t\t\t<div class=\"elementor-widget-container\">\n\t\t\t\t\t\t\t\t\t<p>M\u0259lumat itkisinin (s\u0131zmas\u0131n\u0131n) qar\u015f\u0131s\u0131n\u0131n al\u0131nmas\u0131 (DLP) h\u0259ssas m\u0259lumatlar\u0131n itirilm\u0259m\u0259sini, sui-istifad\u0259 edilm\u0259m\u0259sini v\u0259 ya icaz\u0259siz istifad\u0259\u00e7il\u0259r t\u0259r\u0259find\u0259n \u0259ld\u0259 edilm\u0259m\u0259sini t\u0259min etm\u0259k \u00fc\u00e7\u00fcn istifad\u0259 olunan al\u0259tl\u0259r v\u0259 prosesl\u0259r toplusudur. DLP proqram\u0131 m\u0259xfi v\u0259 biznes \u00fc\u00e7\u00fcn kritik m\u0259lumatlar\u0131 t\u0259snif edir v\u0259 ad\u0259t\u0259n HIPAA, PCI-DSS v\u0259 ya GDPR kimi t\u0259nziml\u0259yici standartlara uy\u011funluq h\u0259yata ke\u00e7ir\u0259n t\u0259\u015fkilatlar t\u0259r\u0259find\u0259n \u0259vv\u0259lc\u0259d\u0259n t\u0259yin edilmi\u015f qaydalar paketi daxilind\u0259 m\u00fc\u0259yy\u0259n edilmi\u015f siyas\u0259tl\u0259rin pozulmas\u0131 hallar\u0131n\u0131 a\u015fkarlay\u0131r. Bu pozuntular m\u00fc\u0259yy\u0259n edildikd\u0259n sonra, DLP son istifad\u0259\u00e7il\u0259rin t\u0259\u015fkilat\u0131 risk\u0259 atacaq m\u0259lumatlar\u0131 t\u0259sad\u00fcf\u0259n v\u0259 ya z\u0259r\u0259rli \u015f\u0259kild\u0259 payla\u015fmas\u0131n\u0131n qar\u015f\u0131s\u0131n\u0131 almaq \u00fc\u00e7\u00fcn x\u0259b\u0259rdarl\u0131qlar, \u015fifr\u0259l\u0259m\u0259 v\u0259 dig\u0259r qoruyucu t\u0259dbirl\u0259r h\u0259yata ke\u00e7irir.<\/p><p>DLP termini \u015f\u0259b\u0259k\u0259 inzibat\u00e7\u0131s\u0131na istifad\u0259\u00e7il\u0259rin \u00f6t\u00fcr\u0259 bil\u0259c\u0259yi m\u0259lumatlar\u0131 idar\u0259 etm\u0259y\u0259 k\u00f6m\u0259k ed\u0259n proqram m\u0259hsullar\u0131n\u0131 t\u0259svir edir. DLP m\u0259hsullar\u0131 icaz\u0259siz istifad\u0259\u00e7il\u0259rin t\u0259\u015fkilat\u0131 risk alt\u0131nda saxlayacaq m\u0259lumatlar\u0131 t\u0259sad\u00fcf\u0259n v\u0259 ya z\u0259r\u0259rli \u015f\u0259kild\u0259 payla\u015fa bilm\u0259m\u0259si \u00fc\u00e7\u00fcn m\u0259xfi v\u0259 kritik m\u0259lumatlar\u0131 t\u0259snif etm\u0259k v\u0259 qorumaq \u00fc\u00e7\u00fcn biznes qaydalar\u0131ndan istifad\u0259 edir. M\u0259s\u0259l\u0259n, \u0259g\u0259r i\u015f\u00e7i biznes\u0259 aid m\u0259ktublar\u0131 korporativ domend\u0259n k\u0259nar e-po\u00e7ta y\u00f6nl\u0259ndirm\u0259y\u0259 v\u0259 ya korporativ fayl\u0131 Dropbox kimi bulud xidm\u0259tin\u0259 y\u00fckl\u0259m\u0259y\u0259 c\u0259hd ed\u0259rs\u0259, i\u015f\u00e7iy\u0259 bunlar\u0131 etm\u0259y\u0259 icaz\u0259 verilm\u0259y\u0259c\u0259k.<\/p><p>DLP proqram t\u0259minat\u0131 v\u0259 al\u0259tl\u0259ri son n\u00f6qt\u0259 f\u0259aliyy\u0259tl\u0259rini izl\u0259yir v\u0259 idar\u0259 edir, korporativ \u015f\u0259b\u0259k\u0259l\u0259rd\u0259 m\u0259lumat ax\u0131nlar\u0131n\u0131 filtrl\u0259yir v\u0259 \u201cdata in rest\u201d, \u201cdata in motion\u201d v\u0259 \u201cdata in use\u201d v\u0259ziyy\u0259tind\u0259 olan m\u0259lumatlar\u0131 qorumaq \u00fc\u00e7\u00fcn buludda m\u0259lumatlara n\u0259zar\u0259t edir. DLP h\u0259m\u00e7inin uy\u011funluq v\u0259 audit t\u0259l\u0259bl\u0259rin\u0259 cavab verm\u0259k v\u0259 forenzika v\u0259 insidentl\u0259r\u0259 reaksiya \u00fc\u00e7\u00fcn z\u0259iflik v\u0259 anomaliya sah\u0259l\u0259rini m\u00fc\u0259yy\u0259n etm\u0259k \u00fc\u00e7\u00fcn hesabatlar t\u0259qdim edir.<\/p>\t\t\t\t\t\t\t\t<\/div>\n\t\t\t\t<\/div>\n\t\t\t\t\t<\/div>\n\t\t<\/div>\n\t\t\t\t\t<\/div>\n\t\t<\/section>\n\t\t\t\t<\/div>","protected":false},"excerpt":{"rendered":"<p>Data Leakage Prevention (DLP) Data loss (leakage) prevention (DLP) is a &#8230; <\/p>","protected":false},"author":1,"featured_media":0,"parent":1932,"menu_order":0,"comment_status":"closed","ping_status":"closed","template":"","meta":{"footnotes":""},"class_list":["post-2107","page","type-page","status-publish","hentry"],"_links":{"self":[{"href":"https:\/\/smartit.ws\/az\/wp-json\/wp\/v2\/pages\/2107","targetHints":{"allow":["GET"]}}],"collection":[{"href":"https:\/\/smartit.ws\/az\/wp-json\/wp\/v2\/pages"}],"about":[{"href":"https:\/\/smartit.ws\/az\/wp-json\/wp\/v2\/types\/page"}],"author":[{"embeddable":true,"href":"https:\/\/smartit.ws\/az\/wp-json\/wp\/v2\/users\/1"}],"replies":[{"embeddable":true,"href":"https:\/\/smartit.ws\/az\/wp-json\/wp\/v2\/comments?post=2107"}],"version-history":[{"count":3,"href":"https:\/\/smartit.ws\/az\/wp-json\/wp\/v2\/pages\/2107\/revisions"}],"predecessor-version":[{"id":3782,"href":"https:\/\/smartit.ws\/az\/wp-json\/wp\/v2\/pages\/2107\/revisions\/3782"}],"up":[{"embeddable":true,"href":"https:\/\/smartit.ws\/az\/wp-json\/wp\/v2\/pages\/1932"}],"wp:attachment":[{"href":"https:\/\/smartit.ws\/az\/wp-json\/wp\/v2\/media?parent=2107"}],"curies":[{"name":"wp","href":"https:\/\/api.w.org\/{rel}","templated":true}]}}