{"id":2104,"date":"2022-04-19T18:00:48","date_gmt":"2022-04-19T18:00:48","guid":{"rendered":"https:\/\/smartit.ws\/?page_id=2104"},"modified":"2022-10-18T15:18:32","modified_gmt":"2022-10-18T15:18:32","slug":"database-activity-monitor-dam-masking","status":"publish","type":"page","link":"https:\/\/smartit.ws\/az\/solutions\/data-security-solutions\/database-activity-monitor-dam-masking\/","title":{"rendered":"Veril\u0259nl\u0259r Bazas\u0131n\u0131n F\u0259aliyy\u0259tinin Monitorinqi (DAM)"},"content":{"rendered":"<div data-elementor-type=\"wp-page\" data-elementor-id=\"2104\" class=\"elementor elementor-2104\" data-elementor-settings=\"{&quot;ha_cmc_init_switcher&quot;:&quot;no&quot;}\" data-elementor-post-type=\"page\">\n\t\t\t\t\t\t<section class=\"elementor-section elementor-top-section elementor-element elementor-element-6090fb7 elementor-section-boxed elementor-section-height-default elementor-section-height-default\" data-id=\"6090fb7\" data-element_type=\"section\" data-e-type=\"section\">\n\t\t\t\t\t\t<div class=\"elementor-container elementor-column-gap-default\">\n\t\t\t\t\t<div class=\"elementor-column elementor-col-100 elementor-top-column elementor-element elementor-element-0a1f969\" data-id=\"0a1f969\" data-element_type=\"column\" data-e-type=\"column\" data-settings=\"{&quot;background_background&quot;:&quot;classic&quot;}\">\n\t\t\t<div class=\"elementor-widget-wrap elementor-element-populated\">\n\t\t\t\t\t\t<section class=\"elementor-section elementor-inner-section elementor-element elementor-element-91de90b elementor-section-boxed elementor-section-height-default elementor-section-height-default\" data-id=\"91de90b\" data-element_type=\"section\" data-e-type=\"section\">\n\t\t\t\t\t\t<div class=\"elementor-container elementor-column-gap-default\">\n\t\t\t\t\t<div class=\"elementor-column elementor-col-50 elementor-inner-column elementor-element elementor-element-831bfb7\" data-id=\"831bfb7\" data-element_type=\"column\" data-e-type=\"column\">\n\t\t\t<div class=\"elementor-widget-wrap elementor-element-populated\">\n\t\t\t\t\t\t<div class=\"elementor-element elementor-element-8f03633 elementor-widget elementor-widget-image\" data-id=\"8f03633\" data-element_type=\"widget\" data-e-type=\"widget\" data-widget_type=\"image.default\">\n\t\t\t\t<div class=\"elementor-widget-container\">\n\t\t\t\t\t\t\t\t\t\t\t\t\t\t\t<img decoding=\"async\" width=\"36\" height=\"36\" src=\"https:\/\/smartit.ws\/wp-content\/uploads\/2022\/08\/Database-Activity-Monitor.png\" class=\"attachment-full size-full wp-image-2888\" alt=\"\" \/>\t\t\t\t\t\t\t\t\t\t\t\t\t\t\t<\/div>\n\t\t\t\t<\/div>\n\t\t\t\t\t<\/div>\n\t\t<\/div>\n\t\t\t\t<div class=\"elementor-column elementor-col-50 elementor-inner-column elementor-element elementor-element-ca110d8\" data-id=\"ca110d8\" data-element_type=\"column\" data-e-type=\"column\">\n\t\t\t<div class=\"elementor-widget-wrap elementor-element-populated\">\n\t\t\t\t\t\t<div class=\"elementor-element elementor-element-31fcfce elementor-widget elementor-widget-heading\" data-id=\"31fcfce\" data-element_type=\"widget\" data-e-type=\"widget\" data-widget_type=\"heading.default\">\n\t\t\t\t<div class=\"elementor-widget-container\">\n\t\t\t\t\t<h2 class=\"elementor-heading-title elementor-size-default\">Veril\u0259nl\u0259r Bazas\u0131n\u0131n F\u0259aliyy\u0259tinin Monitorinqi (DAM)<\/h2>\t\t\t\t<\/div>\n\t\t\t\t<\/div>\n\t\t\t\t\t<\/div>\n\t\t<\/div>\n\t\t\t\t\t<\/div>\n\t\t<\/section>\n\t\t\t\t<div class=\"elementor-element elementor-element-dbe1aa5 elementor-widget elementor-widget-text-editor\" data-id=\"dbe1aa5\" data-element_type=\"widget\" data-e-type=\"widget\" data-widget_type=\"text-editor.default\">\n\t\t\t\t<div class=\"elementor-widget-container\">\n\t\t\t\t\t\t\t\t\t<p>XDR bir ne\u00e7\u0259 t\u0259hl\u00fck\u0259sizlik m\u0259hsulunu vahid t\u0259hl\u00fck\u0259sizlik \u0259m\u0259liyyatlar\u0131 sistemin\u0259 inteqrasiya ed\u0259n SaaS-\u0259sasl\u0131 t\u0259hl\u00fck\u0259sizlik t\u0259hdidinin a\u015fkarlanmas\u0131 v\u0259 insidentl\u0259r\u0259 cavab \u00fc\u00e7\u00fcn n\u0259z\u0259rd\u0259 tutulmu\u015f bir vasit\u0259sidir. XDR real vaxt rejimind\u0259 t\u0259hl\u00fck\u0259nin a\u015fkarlanmas\u0131, t\u0259hqiqat\u0131, cavab t\u0259dbirl\u0259ri v\u0259 ovlanmas\u0131n\u0131 optimalla\u015fd\u0131ran EDR (Endpoint Detection and Response) h\u0259ll\u0259rinin t\u0259kam\u00fcl\u00fcd\u00fcr. XDR t\u0259hl\u00fck\u0259sizlikl\u0259 \u0259laq\u0259li son n\u00f6qt\u0259 a\u015fkarlamalar\u0131n\u0131 \u015f\u0259b\u0259k\u0259 t\u0259hlili v\u0259 g\u00f6r\u00fcnm\u0259 (Network Analysis and Visibility, NAV), e-po\u00e7t t\u0259hl\u00fck\u0259sizliyi, identifikasiya v\u0259 giri\u015fl\u0259rin idar\u0259 edilm\u0259si, bulud t\u0259hl\u00fck\u0259sizliyi v\u0259 s. kimi t\u0259hl\u00fck\u0259sizlik v\u0259 biznes al\u0259tl\u0259rini telemetriya \u00fczr\u0259 birl\u0259\u015fdirir. Bu, t\u0259hl\u00fck\u0259sizlik qruplar\u0131na \u00e7eviklik, geni\u015fl\u0259nm\u0259 v\u0259 avtomatla\u015fd\u0131rma imkanlar\u0131 t\u0259qdim etm\u0259k \u00fc\u00e7\u00fcn b\u00f6y\u00fck m\u0259lumat infrastrukturu \u00fcz\u0259rind\u0259 qurulmu\u015f bulud \u0259sasl\u0131 platformad\u0131r.<\/p><p>Bu al\u0259tl\u0259r h\u0259m\u00e7inin qeyri-adi v\u0259 icaz\u0259siz olan daxili v\u0259 ya xarici f\u0259aliyy\u0259tl\u0259ri a\u015fkarlama\u011fa k\u00f6m\u0259k edir, eyni zamanda, m\u00f6vcud t\u0259hl\u00fck\u0259sizlik al\u0259tl\u0259ri v\u0259 siyas\u0259tl\u0259rinin effektivliyini qiym\u0259tl\u0259ndirir. Bununla, sistem administratorlar\u0131 h\u0259ssas m\u0259lumatlar\u0131n m\u00fcdaxil\u0259l\u0259rd\u0259n qorunma v\u0259 m\u00fchafiz\u0259sini t\u0259kmill\u0259\u015fdir\u0259 bilirl\u0259r. DAM al\u0259tl\u0259ri m\u00fcst\u0259qil konfiqurasiyalar v\u0259 ya veril\u0259nl\u0259r bazas\u0131 serverl\u0259rin\u0259 y\u00fckl\u0259nmi\u015f proqram modullar\u0131 kimi h\u0259yata ke\u00e7irilir. \u0130st\u0259nil\u0259n halda, onlar sisteml\u0259rin i\u015fin\u0259 m\u00fcdaxil\u0259 etm\u0259d\u0259n \u0259l\u0259 ke\u00e7irm\u0259k, qeydl\u0259ri saxlamaq, t\u0259hlil etm\u0259k v\u0259 siyas\u0259t pozuntular\u0131 bar\u0259d\u0259 x\u0259b\u0259rdarl\u0131q etm\u0259kl\u0259 real vaxt rejimind\u0259 monitorinq v\u0259 m\u0259lumat t\u0259hl\u00fck\u0259sizliyini t\u0259min edirl\u0259r.<\/p><p>Veril\u0259nl\u0259r bazas\u0131 f\u0259aliyy\u0259tinin monitorinqi \u015f\u0259b\u0259k\u0259 \u201csniffing\u201d-i, \u201cmemory scarping\u201d, sistem c\u0259dv\u0259ll\u0259rinin v\u0259 veril\u0259nl\u0259r bazas\u0131 audit jurnallar\u0131n\u0131n oxunmas\u0131 kimi bir ne\u00e7\u0259 texnikan\u0131 birl\u0259\u015fdirm\u0259kl\u0259 h\u0259yata ke\u00e7irilir. \u0130stifad\u0259 olunan \u00fcsullardan as\u0131l\u0131 olmayaraq, DAM al\u0259tl\u0259ri veril\u0259nl\u0259r bazas\u0131ndak\u0131 b\u00fct\u00fcn f\u0259aliyy\u0259tl\u0259rin d\u0259qiq t\u0259svirini t\u0259min etm\u0259k \u00fc\u00e7\u00fcn veril\u0259nl\u0259rin korrelyasiyas\u0131n\u0131 t\u0259min edir. Bu al\u0259tl\u0259r h\u0259m\u00e7inin m\u00fcvafiq imtiyazl\u0131 \u015f\u0259xsl\u0259r\u0259 t\u0259hdid v\u0259 h\u00fccumlar\u0131 a\u015fkar etm\u0259y\u0259, m\u00fc\u0259yy\u0259n etm\u0259y\u0259 v\u0259 qabaqlay\u0131c\u0131 t\u0259dbirl\u0259r g\u00f6rm\u0259y\u0259, m\u0259lumatlar\u0131n pozulmas\u0131 ba\u015f verdikd\u0259 d\u0259lill\u0259r t\u0259qdim etm\u0259y\u0259 imkan verir. DAM al\u0259tl\u0259rinin konfiqurasiyas\u0131ndan as\u0131l\u0131 olaraq, inzibat\u00e7\u0131 v\u0259 ya auditor m\u0259lumatlar\u0131 yenid\u0259n qura v\u0259 ya \u0259vv\u0259lki v\u0259ziyy\u0259tin\u0259 qaytara bil\u0259r.<\/p><p>DAM al\u0259tl\u0259ri h\u0259m\u00e7inin \u0259m\u0259liyyatlar\u0131n monitorinqin\u0259, m\u0259lumatlar\u0131n maskalanmas\u0131na, m\u0259lumatlar\u0131n qorunmas\u0131na v\u0259 uy\u011funlu\u011fa n\u0259zar\u0259t etm\u0259y\u0259 imkan verir. Onlar m\u0259lumatlara nec\u0259 v\u0259 kim t\u0259r\u0259find\u0259n bax\u0131ld\u0131\u011f\u0131, o c\u00fcml\u0259d\u0259n inzibat\u00e7\u0131lar v\u0259 bir \u00e7ox platformalar haqq\u0131nda m\u0259lumat verir.<\/p>\t\t\t\t\t\t\t\t<\/div>\n\t\t\t\t<\/div>\n\t\t\t\t\t<\/div>\n\t\t<\/div>\n\t\t\t\t\t<\/div>\n\t\t<\/section>\n\t\t\t\t<\/div>","protected":false},"excerpt":{"rendered":"<p>Database Activity Monitor (DAM) Database activity monitoring (DAM) is the process &#8230; <\/p>","protected":false},"author":1,"featured_media":0,"parent":1932,"menu_order":0,"comment_status":"closed","ping_status":"closed","template":"","meta":{"footnotes":""},"class_list":["post-2104","page","type-page","status-publish","hentry"],"_links":{"self":[{"href":"https:\/\/smartit.ws\/az\/wp-json\/wp\/v2\/pages\/2104","targetHints":{"allow":["GET"]}}],"collection":[{"href":"https:\/\/smartit.ws\/az\/wp-json\/wp\/v2\/pages"}],"about":[{"href":"https:\/\/smartit.ws\/az\/wp-json\/wp\/v2\/types\/page"}],"author":[{"embeddable":true,"href":"https:\/\/smartit.ws\/az\/wp-json\/wp\/v2\/users\/1"}],"replies":[{"embeddable":true,"href":"https:\/\/smartit.ws\/az\/wp-json\/wp\/v2\/comments?post=2104"}],"version-history":[{"count":3,"href":"https:\/\/smartit.ws\/az\/wp-json\/wp\/v2\/pages\/2104\/revisions"}],"predecessor-version":[{"id":3779,"href":"https:\/\/smartit.ws\/az\/wp-json\/wp\/v2\/pages\/2104\/revisions\/3779"}],"up":[{"embeddable":true,"href":"https:\/\/smartit.ws\/az\/wp-json\/wp\/v2\/pages\/1932"}],"wp:attachment":[{"href":"https:\/\/smartit.ws\/az\/wp-json\/wp\/v2\/media?parent=2104"}],"curies":[{"name":"wp","href":"https:\/\/api.w.org\/{rel}","templated":true}]}}