{"id":2088,"date":"2022-04-19T17:51:48","date_gmt":"2022-04-19T17:51:48","guid":{"rendered":"https:\/\/smartit.ws\/?page_id=2088"},"modified":"2022-10-18T15:15:08","modified_gmt":"2022-10-18T15:15:08","slug":"extended-detection-and-response","status":"publish","type":"page","link":"https:\/\/smartit.ws\/az\/solutions\/endpoint-security-solutions\/extended-detection-and-response\/","title":{"rendered":"Geni\u015fl\u0259ndirilmi\u015f a\u015fkarlama v\u0259 cavab t\u0259dbirl\u0259ri (XDR)"},"content":{"rendered":"<div data-elementor-type=\"wp-page\" data-elementor-id=\"2088\" class=\"elementor elementor-2088\" data-elementor-settings=\"{&quot;ha_cmc_init_switcher&quot;:&quot;no&quot;}\" data-elementor-post-type=\"page\">\n\t\t\t\t\t\t<section class=\"elementor-section elementor-top-section elementor-element elementor-element-6090fb7 elementor-section-boxed elementor-section-height-default elementor-section-height-default\" data-id=\"6090fb7\" data-element_type=\"section\" data-e-type=\"section\">\n\t\t\t\t\t\t<div class=\"elementor-container elementor-column-gap-default\">\n\t\t\t\t\t<div class=\"elementor-column elementor-col-100 elementor-top-column elementor-element elementor-element-0a1f969\" data-id=\"0a1f969\" data-element_type=\"column\" data-e-type=\"column\" data-settings=\"{&quot;background_background&quot;:&quot;classic&quot;}\">\n\t\t\t<div class=\"elementor-widget-wrap elementor-element-populated\">\n\t\t\t\t\t\t<section class=\"elementor-section elementor-inner-section elementor-element elementor-element-32ea844 elementor-section-boxed elementor-section-height-default elementor-section-height-default\" data-id=\"32ea844\" data-element_type=\"section\" data-e-type=\"section\">\n\t\t\t\t\t\t<div class=\"elementor-container elementor-column-gap-default\">\n\t\t\t\t\t<div class=\"elementor-column elementor-col-50 elementor-inner-column elementor-element elementor-element-fda1f06\" data-id=\"fda1f06\" data-element_type=\"column\" data-e-type=\"column\">\n\t\t\t<div class=\"elementor-widget-wrap elementor-element-populated\">\n\t\t\t\t\t\t<div class=\"elementor-element elementor-element-aece9ec elementor-widget elementor-widget-image\" data-id=\"aece9ec\" data-element_type=\"widget\" data-e-type=\"widget\" data-widget_type=\"image.default\">\n\t\t\t\t<div class=\"elementor-widget-container\">\n\t\t\t\t\t\t\t\t\t\t\t\t\t\t\t<img decoding=\"async\" width=\"37\" height=\"36\" src=\"https:\/\/smartit.ws\/wp-content\/uploads\/2022\/08\/Extended-Detection-and-Response.png\" class=\"attachment-full size-full wp-image-2867\" alt=\"\" \/>\t\t\t\t\t\t\t\t\t\t\t\t\t\t\t<\/div>\n\t\t\t\t<\/div>\n\t\t\t\t\t<\/div>\n\t\t<\/div>\n\t\t\t\t<div class=\"elementor-column elementor-col-50 elementor-inner-column elementor-element elementor-element-c5317f2\" data-id=\"c5317f2\" data-element_type=\"column\" data-e-type=\"column\">\n\t\t\t<div class=\"elementor-widget-wrap elementor-element-populated\">\n\t\t\t\t\t\t<div class=\"elementor-element elementor-element-18dec6e elementor-widget elementor-widget-heading\" data-id=\"18dec6e\" data-element_type=\"widget\" data-e-type=\"widget\" data-widget_type=\"heading.default\">\n\t\t\t\t<div class=\"elementor-widget-container\">\n\t\t\t\t\t<h2 class=\"elementor-heading-title elementor-size-default\">Geni\u015fl\u0259ndirilmi\u015f a\u015fkarlama v\u0259 cavab t\u0259dbirl\u0259ri (XDR)<\/h2>\t\t\t\t<\/div>\n\t\t\t\t<\/div>\n\t\t\t\t\t<\/div>\n\t\t<\/div>\n\t\t\t\t\t<\/div>\n\t\t<\/section>\n\t\t\t\t<div class=\"elementor-element elementor-element-dbe1aa5 elementor-widget elementor-widget-text-editor\" data-id=\"dbe1aa5\" data-element_type=\"widget\" data-e-type=\"widget\" data-widget_type=\"text-editor.default\">\n\t\t\t\t<div class=\"elementor-widget-container\">\n\t\t\t\t\t\t\t\t\t<p>Geni\u015fl\u0259ndirilmi\u015f a\u015fkarlama v\u0259 cavab t\u0259dbirl\u0259ri (Extended detection and response, XDR) kiberh\u00fccumlardan, icaz\u0259siz giri\u015fl\u0259rd\u0259n v\u0259 sui-istifad\u0259d\u0259n h\u0259rt\u0259r\u0259fli qorunma t\u0259min ed\u0259n t\u0259hdidl\u0259rin a\u015fkarlanmas\u0131 v\u0259 reaksiyas\u0131na yeni yana\u015fmad\u0131r. 2018-ci ild\u0259n XDR b\u00fct\u00fcn m\u0259lumat m\u0259nb\u0259l\u0259rind\u0259 a\u015fkarlama v\u0259 cavabland\u0131rma \u00fczr\u0259 \u0259n\u0259n\u0259vi t\u0259hl\u00fck\u0259sizlik h\u0259ll\u0259rini \u00fcst\u0259l\u0259yir. O, son n\u00f6qt\u0259, \u015f\u0259b\u0259k\u0259 v\u0259 bulud m\u0259lumatlar\u0131 daxil olmaqla, b\u00fct\u00fcn m\u0259lumatlarda geni\u015f g\u00f6r\u00fcnm\u0259 t\u0259min edir, eyni zamanda g\u00fcn\u00fcm\u00fcz\u00fcn getdikc\u0259 daha t\u0259kmill\u0259\u015f\u0259n t\u0259hdidl\u0259rini t\u0259hlil etm\u0259k \u00fc\u00e7\u00fcn analitika v\u0259 avtomatla\u015fd\u0131rma t\u0259tbiq edir. XDR il\u0259 kibert\u0259hl\u00fck\u0259sizlik komandalar\u0131 a\u015fa\u011f\u0131dak\u0131 \u00fcst\u00fcnl\u00fckl\u0259ri \u0259ld\u0259 edir:<\/p><p>- Gizli v\u0259 m\u00fcr\u0259kk\u0259b t\u0259hdidl\u0259ri f\u0259al v\u0259 tez m\u00fc\u0259yy\u0259n edir;<\/p><p>- T\u0259\u015fkilat daxilind\u0259 ist\u0259nil\u0259n m\u0259nb\u0259 v\u0259 ya m\u0259kan \u00fczr\u0259 t\u0259hdidl\u0259ri izl\u0259yir;<\/p><p>- Texniki vasit\u0259l\u0259rd\u0259n istifad\u0259 ed\u0259n insanlar\u0131n m\u0259hsuldarl\u0131\u011f\u0131n\u0131 art\u0131r\u0131r;<\/p><p>- T\u0259hl\u00fck\u0259sizlik investisiyalar\u0131 bax\u0131m\u0131ndan daha \u00e7ox faydal\u0131d\u0131r;<\/p><p>- Ara\u015fd\u0131rmalar\u0131 daha s\u0259m\u0259r\u0259li \u015f\u0259kild\u0259 h\u0259yata ke\u00e7irir.<\/p><p>XDR bir ne\u00e7\u0259 t\u0259hl\u00fck\u0259sizlik m\u0259hsulunu vahid t\u0259hl\u00fck\u0259sizlik \u0259m\u0259liyyatlar\u0131 sistemin\u0259 inteqrasiya ed\u0259n SaaS-\u0259sasl\u0131 t\u0259hl\u00fck\u0259sizlik t\u0259hdidinin a\u015fkarlanmas\u0131 v\u0259 insidentl\u0259r\u0259 cavab \u00fc\u00e7\u00fcn n\u0259z\u0259rd\u0259 tutulmu\u015f bir vasit\u0259sidir. XDR real vaxt rejimind\u0259 t\u0259hl\u00fck\u0259nin a\u015fkarlanmas\u0131, t\u0259hqiqat\u0131, cavab t\u0259dbirl\u0259ri v\u0259 ovlanmas\u0131n\u0131 optimalla\u015fd\u0131ran EDR (Endpoint Detection and Response) h\u0259ll\u0259rinin t\u0259kam\u00fcl\u00fcd\u00fcr. XDR t\u0259hl\u00fck\u0259sizlikl\u0259 \u0259laq\u0259li son n\u00f6qt\u0259 a\u015fkarlamalar\u0131n\u0131 \u015f\u0259b\u0259k\u0259 t\u0259hlili v\u0259 g\u00f6r\u00fcnm\u0259 (Network Analysis and Visibility, NAV), e-po\u00e7t t\u0259hl\u00fck\u0259sizliyi, identifikasiya v\u0259 giri\u015fl\u0259rin idar\u0259 edilm\u0259si, bulud t\u0259hl\u00fck\u0259sizliyi v\u0259 s. kimi t\u0259hl\u00fck\u0259sizlik v\u0259 biznes al\u0259tl\u0259rini telemetriya \u00fczr\u0259 birl\u0259\u015fdirir. Bu, t\u0259hl\u00fck\u0259sizlik qruplar\u0131na \u00e7eviklik, geni\u015fl\u0259nm\u0259 v\u0259 avtomatla\u015fd\u0131rma imkanlar\u0131 t\u0259qdim etm\u0259k \u00fc\u00e7\u00fcn b\u00f6y\u00fck m\u0259lumat infrastrukturu \u00fcz\u0259rind\u0259 qurulmu\u015f bulud \u0259sasl\u0131 platformad\u0131r.<\/p>\t\t\t\t\t\t\t\t<\/div>\n\t\t\t\t<\/div>\n\t\t\t\t\t<\/div>\n\t\t<\/div>\n\t\t\t\t\t<\/div>\n\t\t<\/section>\n\t\t\t\t<\/div>","protected":false},"excerpt":{"rendered":"<p>Extended Detection and Response (XDR) Extended detection and response (XDR) is &#8230; <\/p>","protected":false},"author":1,"featured_media":0,"parent":1930,"menu_order":0,"comment_status":"closed","ping_status":"closed","template":"","meta":{"footnotes":""},"class_list":["post-2088","page","type-page","status-publish","hentry"],"_links":{"self":[{"href":"https:\/\/smartit.ws\/az\/wp-json\/wp\/v2\/pages\/2088","targetHints":{"allow":["GET"]}}],"collection":[{"href":"https:\/\/smartit.ws\/az\/wp-json\/wp\/v2\/pages"}],"about":[{"href":"https:\/\/smartit.ws\/az\/wp-json\/wp\/v2\/types\/page"}],"author":[{"embeddable":true,"href":"https:\/\/smartit.ws\/az\/wp-json\/wp\/v2\/users\/1"}],"replies":[{"embeddable":true,"href":"https:\/\/smartit.ws\/az\/wp-json\/wp\/v2\/comments?post=2088"}],"version-history":[{"count":3,"href":"https:\/\/smartit.ws\/az\/wp-json\/wp\/v2\/pages\/2088\/revisions"}],"predecessor-version":[{"id":3767,"href":"https:\/\/smartit.ws\/az\/wp-json\/wp\/v2\/pages\/2088\/revisions\/3767"}],"up":[{"embeddable":true,"href":"https:\/\/smartit.ws\/az\/wp-json\/wp\/v2\/pages\/1930"}],"wp:attachment":[{"href":"https:\/\/smartit.ws\/az\/wp-json\/wp\/v2\/media?parent=2088"}],"curies":[{"name":"wp","href":"https:\/\/api.w.org\/{rel}","templated":true}]}}