{"id":2083,"date":"2022-04-19T17:47:42","date_gmt":"2022-04-19T17:47:42","guid":{"rendered":"https:\/\/smartit.ws\/?page_id=2083"},"modified":"2022-10-18T15:15:01","modified_gmt":"2022-10-18T15:15:01","slug":"endpoint-protection-platform","status":"publish","type":"page","link":"https:\/\/smartit.ws\/az\/solutions\/endpoint-security-solutions\/endpoint-protection-platform\/","title":{"rendered":"Son n\u00f6qt\u0259 t\u0259hl\u00fck\u0259sizliyi (EPP)"},"content":{"rendered":"<div data-elementor-type=\"wp-page\" data-elementor-id=\"2083\" class=\"elementor elementor-2083\" data-elementor-settings=\"{&quot;ha_cmc_init_switcher&quot;:&quot;no&quot;}\" data-elementor-post-type=\"page\">\n\t\t\t\t\t\t<section class=\"elementor-section elementor-top-section elementor-element elementor-element-6090fb7 elementor-section-boxed elementor-section-height-default elementor-section-height-default\" data-id=\"6090fb7\" data-element_type=\"section\" data-e-type=\"section\">\n\t\t\t\t\t\t<div class=\"elementor-container elementor-column-gap-default\">\n\t\t\t\t\t<div class=\"elementor-column elementor-col-100 elementor-top-column elementor-element elementor-element-0a1f969\" data-id=\"0a1f969\" data-element_type=\"column\" data-e-type=\"column\" data-settings=\"{&quot;background_background&quot;:&quot;classic&quot;}\">\n\t\t\t<div class=\"elementor-widget-wrap elementor-element-populated\">\n\t\t\t\t\t\t<section class=\"elementor-section elementor-inner-section elementor-element elementor-element-078a7a8 elementor-section-boxed elementor-section-height-default elementor-section-height-default\" data-id=\"078a7a8\" data-element_type=\"section\" data-e-type=\"section\">\n\t\t\t\t\t\t<div class=\"elementor-container elementor-column-gap-default\">\n\t\t\t\t\t<div class=\"elementor-column elementor-col-50 elementor-inner-column elementor-element elementor-element-3c8a4d4\" data-id=\"3c8a4d4\" data-element_type=\"column\" data-e-type=\"column\">\n\t\t\t<div class=\"elementor-widget-wrap elementor-element-populated\">\n\t\t\t\t\t\t<div class=\"elementor-element elementor-element-dc0899c elementor-widget elementor-widget-image\" data-id=\"dc0899c\" data-element_type=\"widget\" data-e-type=\"widget\" data-widget_type=\"image.default\">\n\t\t\t\t<div class=\"elementor-widget-container\">\n\t\t\t\t\t\t\t\t\t\t\t\t\t\t\t<img decoding=\"async\" width=\"36\" height=\"36\" src=\"https:\/\/smartit.ws\/wp-content\/uploads\/2022\/08\/Endpoint-Protection-Platform.png\" class=\"attachment-full size-full wp-image-2863\" alt=\"\" \/>\t\t\t\t\t\t\t\t\t\t\t\t\t\t\t<\/div>\n\t\t\t\t<\/div>\n\t\t\t\t\t<\/div>\n\t\t<\/div>\n\t\t\t\t<div class=\"elementor-column elementor-col-50 elementor-inner-column elementor-element elementor-element-35f313a\" data-id=\"35f313a\" data-element_type=\"column\" data-e-type=\"column\">\n\t\t\t<div class=\"elementor-widget-wrap elementor-element-populated\">\n\t\t\t\t\t\t<div class=\"elementor-element elementor-element-7a84bd2 elementor-widget elementor-widget-heading\" data-id=\"7a84bd2\" data-element_type=\"widget\" data-e-type=\"widget\" data-widget_type=\"heading.default\">\n\t\t\t\t<div class=\"elementor-widget-container\">\n\t\t\t\t\t<h2 class=\"elementor-heading-title elementor-size-default\">Son n\u00f6qt\u0259 t\u0259hl\u00fck\u0259sizliyi (EPP)<\/h2>\t\t\t\t<\/div>\n\t\t\t\t<\/div>\n\t\t\t\t\t<\/div>\n\t\t<\/div>\n\t\t\t\t\t<\/div>\n\t\t<\/section>\n\t\t\t\t<div class=\"elementor-element elementor-element-dbe1aa5 elementor-widget elementor-widget-text-editor\" data-id=\"dbe1aa5\" data-element_type=\"widget\" data-e-type=\"widget\" data-widget_type=\"text-editor.default\">\n\t\t\t\t<div class=\"elementor-widget-container\">\n\t\t\t\t\t\t\t\t\t<p>Son n\u00f6qt\u0259 m\u00fchafiz\u0259 platformas\u0131 v\u0259 ya EPP (Endpoint Protection Platform), inteqrasiya olunmu\u015f m\u0259lumat \u015fifr\u0259l\u0259m\u0259si, m\u00fcdaxil\u0259l\u0259rin qar\u015f\u0131s\u0131n\u0131n al\u0131nmas\u0131, f\u0259rdi firewall, port v\u0259 cihaz n\u0259zar\u0259ti v\u0259 z\u0259r\u0259rli proqram \u0259leyhin\u0259 imkanlardan istifad\u0259 etm\u0259kl\u0259 son n\u00f6qt\u0259 t\u0259hl\u00fck\u0259sizliyini t\u0259min edir.<\/p><p>EPP h\u0259ll\u0259ri baza s\u0259viyy\u0259sind\u0259 geni\u015f spektrli t\u0259hl\u00fck\u0259sizlik imkanlar\u0131ndan istifad\u0259 edir:<\/p><p>- Fayl \u0259sasl\u0131 z\u0259r\u0259rli proqramlar\u0131n qar\u015f\u0131s\u0131n\u0131n al\u0131nmas\u0131;<\/p><p>- H\u00fccum g\u00f6st\u0259ricil\u0259rind\u0259n (IOCs) davran\u0131\u015f t\u0259hlilin\u0259 q\u0259d\u0259r m\u00fcxt\u0259lif \u00fcsullardan istifad\u0259 etm\u0259kl\u0259 \u015f\u00fcbh\u0259li f\u0259aliyy\u0259tin a\u015fkarlanmas\u0131;<\/p><p>- Dinamik hadis\u0259l\u0259ri v\u0259 x\u0259b\u0259rdarl\u0131qlar\u0131 idar\u0259 etm\u0259k \u00fc\u00e7\u00fcn t\u0259hqiqat v\u0259 b\u0259rpa vasit\u0259l\u0259ri.<\/p><p>Son n\u00f6qt\u0259 m\u00fchafiz\u0259 platformalar\u0131 son n\u00f6qt\u0259 t\u0259hl\u00fck\u0259sizliyinin \u0259n son t\u0259kam\u00fcl\u00fcd\u00fcr. Onlar \u0259n\u0259n\u0259vi son n\u00f6qt\u0259 t\u0259hl\u00fck\u0259sizliyini ke\u00e7\u0259 bil\u0259n t\u0259cav\u00fczkarlar\u0131 m\u00fc\u0259yy\u0259n etm\u0259k, h\u0259m\u00e7inin m\u00fcr\u0259kk\u0259b t\u0259hl\u00fck\u0259sizlik kompleksl\u0259rini birl\u0259\u015fdirm\u0259y\u0259 k\u00f6m\u0259k etm\u0259k \u00fc\u00e7\u00fcn haz\u0131rlanm\u0131\u015fd\u0131r. EPP h\u0259ll\u0259ri son n\u00f6qt\u0259 m\u0259lumatlar\u0131n\u0131n b\u00f6y\u00fck hiss\u0259sini toplamaqla pozuntular\u0131n qar\u015f\u0131s\u0131n\u0131 al\u0131r v\u0259 s\u00fcni intellekt (AI), davran\u0131\u015f analizi, t\u0259hl\u00fck\u0259 k\u0259\u015ffiyyat\u0131 v\u0259 insan t\u0259hdid ov\u00e7ular\u0131 daxil olmaqla \u0259n yax\u015f\u0131 al\u0259tl\u0259ri t\u0259tbiq edir.<\/p>\t\t\t\t\t\t\t\t<\/div>\n\t\t\t\t<\/div>\n\t\t\t\t\t<\/div>\n\t\t<\/div>\n\t\t\t\t\t<\/div>\n\t\t<\/section>\n\t\t\t\t<\/div>","protected":false},"excerpt":{"rendered":"<p>Endpoint Protection Platform An endpoint protection platform, or EPP, provides an &#8230; <\/p>","protected":false},"author":1,"featured_media":0,"parent":1930,"menu_order":0,"comment_status":"closed","ping_status":"closed","template":"","meta":{"footnotes":""},"class_list":["post-2083","page","type-page","status-publish","hentry"],"_links":{"self":[{"href":"https:\/\/smartit.ws\/az\/wp-json\/wp\/v2\/pages\/2083","targetHints":{"allow":["GET"]}}],"collection":[{"href":"https:\/\/smartit.ws\/az\/wp-json\/wp\/v2\/pages"}],"about":[{"href":"https:\/\/smartit.ws\/az\/wp-json\/wp\/v2\/types\/page"}],"author":[{"embeddable":true,"href":"https:\/\/smartit.ws\/az\/wp-json\/wp\/v2\/users\/1"}],"replies":[{"embeddable":true,"href":"https:\/\/smartit.ws\/az\/wp-json\/wp\/v2\/comments?post=2083"}],"version-history":[{"count":3,"href":"https:\/\/smartit.ws\/az\/wp-json\/wp\/v2\/pages\/2083\/revisions"}],"predecessor-version":[{"id":3764,"href":"https:\/\/smartit.ws\/az\/wp-json\/wp\/v2\/pages\/2083\/revisions\/3764"}],"up":[{"embeddable":true,"href":"https:\/\/smartit.ws\/az\/wp-json\/wp\/v2\/pages\/1930"}],"wp:attachment":[{"href":"https:\/\/smartit.ws\/az\/wp-json\/wp\/v2\/media?parent=2083"}],"curies":[{"name":"wp","href":"https:\/\/api.w.org\/{rel}","templated":true}]}}