{"id":1938,"date":"2022-04-18T19:27:11","date_gmt":"2022-04-18T19:27:11","guid":{"rendered":"https:\/\/smartit.ws\/?page_id=1938"},"modified":"2022-10-18T09:38:37","modified_gmt":"2022-10-18T09:38:37","slug":"access-management-solutions","status":"publish","type":"page","link":"https:\/\/smartit.ws\/az\/solutions\/access-management-solutions\/","title":{"rendered":"Giri\u015fl\u0259rin idar\u0259 edilm\u0259si \u00fczr\u0259 h\u0259ll\u0259r"},"content":{"rendered":"<div data-elementor-type=\"wp-page\" data-elementor-id=\"1938\" class=\"elementor elementor-1938\" data-elementor-settings=\"{&quot;ha_cmc_init_switcher&quot;:&quot;no&quot;}\" data-elementor-post-type=\"page\">\n\t\t\t\t\t\t<section class=\"elementor-section elementor-top-section elementor-element elementor-element-10f7494 elementor-section-boxed elementor-section-height-default elementor-section-height-default\" data-id=\"10f7494\" data-element_type=\"section\" data-e-type=\"section\">\n\t\t\t\t\t\t<div class=\"elementor-container elementor-column-gap-default\">\n\t\t\t\t\t<div class=\"elementor-column elementor-col-50 elementor-top-column elementor-element elementor-element-d984031\" data-id=\"d984031\" data-element_type=\"column\" data-e-type=\"column\" data-settings=\"{&quot;background_background&quot;:&quot;classic&quot;}\">\n\t\t\t<div class=\"elementor-widget-wrap elementor-element-populated\">\n\t\t\t\t\t\t<div class=\"elementor-element elementor-element-95abc04 elementor-widget elementor-widget-cz_title\" data-id=\"95abc04\" data-element_type=\"widget\" data-e-type=\"widget\" data-widget_type=\"cz_title.default\">\n\t\t\t\t<div class=\"elementor-widget-container\">\n\t\t\t\t\t\t\r\n\t\t<div>\r\n\t\t\t<div class=\"cz_title clr cz_mobile_text_center cz_title_pos_inline\"><div class=\"cz_title_content\"><div class=\"cz_wpe_content\"><h2>Giri\u015fl\u0259rin idar\u0259 edilm\u0259si \u00fczr\u0259 h\u0259ll\u0259r<\/h2><\/div><\/div><\/div>\r\n\t\t<\/div>\r\n\t\t\r\n\t\t\t\t\t\t<\/div>\n\t\t\t\t<\/div>\n\t\t\t\t\t<\/div>\n\t\t<\/div>\n\t\t\t\t<div class=\"elementor-column elementor-col-50 elementor-top-column elementor-element elementor-element-51e77d5\" data-id=\"51e77d5\" data-element_type=\"column\" data-e-type=\"column\" data-settings=\"{&quot;background_background&quot;:&quot;classic&quot;}\">\n\t\t\t<div class=\"elementor-widget-wrap elementor-element-populated\">\n\t\t\t\t\t\t<div class=\"elementor-element elementor-element-ea9c205 elementor-widget elementor-widget-cz_stylish_list\" data-id=\"ea9c205\" data-element_type=\"widget\" data-e-type=\"widget\" data-widget_type=\"cz_stylish_list.default\">\n\t\t\t\t<div class=\"elementor-widget-container\">\n\t\t\t\t\t<ul class=\"cz_stylish_list clr center_on_mobile cz_sl_icon_hover_blur\"><li class=\"elementor-repeater-item-11e7155 clr\"><a href=\"https:\/\/smartit.ws\/az\/services\/access-management-solutions\/one-time-password-otp\/\"><div class=\"cz_sl_icon cz_sl_image\"><i class=\"mr10\"><img decoding=\"async\" width=\"37\" height=\"36\" src=\"https:\/\/smartit.ws\/wp-content\/uploads\/2022\/08\/One-Time-Password-OTP-1.png\" class=\"attachment-full size-full wp-image-2821\" alt=\"\" \/><\/i><\/div><div><span>Bird\u0259f\u0259lik parollar (OTP)<\/span><\/div><\/a><\/li><li class=\"elementor-repeater-item-0ec6998 clr\"><a href=\"https:\/\/smartit.ws\/az\/services\/access-management-solutions\/privileged-access-management-pam\/\"><div class=\"cz_sl_icon cz_sl_image\"><i class=\"mr10\"><img decoding=\"async\" width=\"36\" height=\"36\" src=\"https:\/\/smartit.ws\/wp-content\/uploads\/2022\/08\/Privileged-Access-Management-PAM.png\" class=\"attachment-full size-full wp-image-2823\" alt=\"\" \/><\/i><\/div><div><span>\u0130mtiyazl\u0131 giri\u015fl\u0259rin idar\u0259 edilm\u0259si (PAM)<\/span><\/div><\/a><\/li><\/ul>\t\t\t\t<\/div>\n\t\t\t\t<\/div>\n\t\t\t\t\t<\/div>\n\t\t<\/div>\n\t\t\t\t\t<\/div>\n\t\t<\/section>\n\t\t\t\t<\/div>","protected":false},"excerpt":{"rendered":"<p>Access management solutions One time password (OTP) Privileged Access Management (PAM) &#8230; <\/p>","protected":false},"author":1,"featured_media":0,"parent":11,"menu_order":0,"comment_status":"closed","ping_status":"closed","template":"","meta":{"footnotes":""},"class_list":["post-1938","page","type-page","status-publish","hentry"],"_links":{"self":[{"href":"https:\/\/smartit.ws\/az\/wp-json\/wp\/v2\/pages\/1938","targetHints":{"allow":["GET"]}}],"collection":[{"href":"https:\/\/smartit.ws\/az\/wp-json\/wp\/v2\/pages"}],"about":[{"href":"https:\/\/smartit.ws\/az\/wp-json\/wp\/v2\/types\/page"}],"author":[{"embeddable":true,"href":"https:\/\/smartit.ws\/az\/wp-json\/wp\/v2\/users\/1"}],"replies":[{"embeddable":true,"href":"https:\/\/smartit.ws\/az\/wp-json\/wp\/v2\/comments?post=1938"}],"version-history":[{"count":6,"href":"https:\/\/smartit.ws\/az\/wp-json\/wp\/v2\/pages\/1938\/revisions"}],"predecessor-version":[{"id":3674,"href":"https:\/\/smartit.ws\/az\/wp-json\/wp\/v2\/pages\/1938\/revisions\/3674"}],"up":[{"embeddable":true,"href":"https:\/\/smartit.ws\/az\/wp-json\/wp\/v2\/pages\/11"}],"wp:attachment":[{"href":"https:\/\/smartit.ws\/az\/wp-json\/wp\/v2\/media?parent=1938"}],"curies":[{"name":"wp","href":"https:\/\/api.w.org\/{rel}","templated":true}]}}