{"id":1932,"date":"2022-04-18T19:25:30","date_gmt":"2022-04-18T19:25:30","guid":{"rendered":"https:\/\/smartit.ws\/?page_id=1932"},"modified":"2022-10-18T09:34:44","modified_gmt":"2022-10-18T09:34:44","slug":"data-security-solutions","status":"publish","type":"page","link":"https:\/\/smartit.ws\/az\/solutions\/data-security-solutions\/","title":{"rendered":"M\u0259lumat t\u0259hl\u00fck\u0259sizliyi \u00fczr\u0259 h\u0259ll\u0259r"},"content":{"rendered":"<div data-elementor-type=\"wp-page\" data-elementor-id=\"1932\" class=\"elementor elementor-1932\" data-elementor-settings=\"{&quot;ha_cmc_init_switcher&quot;:&quot;no&quot;}\" data-elementor-post-type=\"page\">\n\t\t\t\t\t\t<section class=\"elementor-section elementor-top-section elementor-element elementor-element-ba32976 elementor-section-boxed elementor-section-height-default elementor-section-height-default\" data-id=\"ba32976\" data-element_type=\"section\" data-e-type=\"section\">\n\t\t\t\t\t\t<div class=\"elementor-container elementor-column-gap-default\">\n\t\t\t\t\t<div class=\"elementor-column elementor-col-50 elementor-top-column elementor-element elementor-element-8ca5880\" data-id=\"8ca5880\" data-element_type=\"column\" data-e-type=\"column\" data-settings=\"{&quot;background_background&quot;:&quot;classic&quot;}\">\n\t\t\t<div class=\"elementor-widget-wrap elementor-element-populated\">\n\t\t\t\t\t\t<div class=\"elementor-element elementor-element-daf10ad elementor-widget elementor-widget-cz_title\" data-id=\"daf10ad\" data-element_type=\"widget\" data-e-type=\"widget\" data-widget_type=\"cz_title.default\">\n\t\t\t\t<div class=\"elementor-widget-container\">\n\t\t\t\t\t\t\r\n\t\t<div>\r\n\t\t\t<div class=\"cz_title clr cz_mobile_text_center cz_title_pos_inline\"><div class=\"cz_title_content\"><div class=\"cz_wpe_content\"><h2>Data security<br \/>solutions<\/h2><\/div><\/div><\/div>\r\n\t\t<\/div>\r\n\t\t\r\n\t\t\t\t\t\t<\/div>\n\t\t\t\t<\/div>\n\t\t\t\t\t<\/div>\n\t\t<\/div>\n\t\t\t\t<div class=\"elementor-column elementor-col-50 elementor-top-column elementor-element elementor-element-811866c\" data-id=\"811866c\" data-element_type=\"column\" data-e-type=\"column\" data-settings=\"{&quot;background_background&quot;:&quot;classic&quot;}\">\n\t\t\t<div class=\"elementor-widget-wrap elementor-element-populated\">\n\t\t\t\t\t\t<div class=\"elementor-element elementor-element-cabdbb2 elementor-widget elementor-widget-cz_stylish_list\" data-id=\"cabdbb2\" data-element_type=\"widget\" data-e-type=\"widget\" data-widget_type=\"cz_stylish_list.default\">\n\t\t\t\t<div class=\"elementor-widget-container\">\n\t\t\t\t\t<ul class=\"cz_stylish_list clr center_on_mobile cz_sl_icon_hover_blur\"><li class=\"elementor-repeater-item-11e7155 clr\"><a href=\"https:\/\/smartit.ws\/az\/services\/data-security-solutions\/database-activity-monitor-dam-masking\/\"><div class=\"cz_sl_icon cz_sl_image\"><i class=\"mr10\"><img decoding=\"async\" width=\"36\" height=\"36\" src=\"https:\/\/smartit.ws\/wp-content\/uploads\/2022\/08\/Database-Activity-Monitor.png\" class=\"attachment-full size-full wp-image-2888\" alt=\"\" \/><\/i><\/div><div><span>Veril\u0259nl\u0259r Bazas\u0131n\u0131n F\u0259aliyy\u0259tinin Monitorinqi (DAM)<\/span><\/div><\/a><\/li><li class=\"elementor-repeater-item-0ec6998 clr\"><a href=\"https:\/\/smartit.ws\/az\/services\/data-security-solutions\/data-loss-leakage-prevention-dlp\/\"><div class=\"cz_sl_icon cz_sl_image\"><i class=\"mr10\"><img decoding=\"async\" width=\"37\" height=\"36\" src=\"https:\/\/smartit.ws\/wp-content\/uploads\/2022\/08\/Data-Leakage-Prevention.png\" class=\"attachment-full size-full wp-image-2875\" alt=\"\" \/><\/i><\/div><div><span>M\u0259lumat itkisinin qar\u015f\u0131s\u0131n\u0131n al\u0131nmas\u0131 (DLP)<\/span><\/div><\/a><\/li><li class=\"elementor-repeater-item-593286d clr\"><a href=\"https:\/\/smartit.ws\/az\/services\/data-security-solutions\/insider-threat-management\/\"><div class=\"cz_sl_icon cz_sl_image\"><i class=\"mr10\"><img decoding=\"async\" width=\"37\" height=\"36\" src=\"https:\/\/smartit.ws\/wp-content\/uploads\/2022\/08\/Insider-Threat-Management.png\" class=\"attachment-full size-full wp-image-2883\" alt=\"\" \/><\/i><\/div><div><span>Daxili t\u0259hl\u00fck\u0259l\u0259rin idar\u0259 edilm\u0259si<\/span><\/div><\/a><\/li><li class=\"elementor-repeater-item-ff16a23 clr\"><a href=\"https:\/\/smartit.ws\/az\/solutions\/data-security-solutions\/user-awareness-platform\/\"><div class=\"cz_sl_icon cz_sl_image\"><i class=\"mr10\"><img loading=\"lazy\" decoding=\"async\" width=\"37\" height=\"36\" src=\"https:\/\/smartit.ws\/wp-content\/uploads\/2022\/08\/User-Awareness-Platform.png\" class=\"attachment-full size-full wp-image-2887\" alt=\"\" \/><\/i><\/div><div><span>\u0130stifad\u0259\u00e7i t\u0259hl\u00fck\u0259sizliyi m\u0259lumatl\u0131l\u0131\u011f\u0131 platformalar\u0131<\/span><\/div><\/a><\/li><\/ul>\t\t\t\t<\/div>\n\t\t\t\t<\/div>\n\t\t\t\t\t<\/div>\n\t\t<\/div>\n\t\t\t\t\t<\/div>\n\t\t<\/section>\n\t\t\t\t<\/div>","protected":false},"excerpt":{"rendered":"<p>Data securitysolutions Database Activity Monitor (DAM) Data Leakage Prevention (DLP) Insider &#8230; <\/p>","protected":false},"author":1,"featured_media":0,"parent":11,"menu_order":0,"comment_status":"closed","ping_status":"closed","template":"","meta":{"footnotes":""},"class_list":["post-1932","page","type-page","status-publish","hentry"],"_links":{"self":[{"href":"https:\/\/smartit.ws\/az\/wp-json\/wp\/v2\/pages\/1932","targetHints":{"allow":["GET"]}}],"collection":[{"href":"https:\/\/smartit.ws\/az\/wp-json\/wp\/v2\/pages"}],"about":[{"href":"https:\/\/smartit.ws\/az\/wp-json\/wp\/v2\/types\/page"}],"author":[{"embeddable":true,"href":"https:\/\/smartit.ws\/az\/wp-json\/wp\/v2\/users\/1"}],"replies":[{"embeddable":true,"href":"https:\/\/smartit.ws\/az\/wp-json\/wp\/v2\/comments?post=1932"}],"version-history":[{"count":6,"href":"https:\/\/smartit.ws\/az\/wp-json\/wp\/v2\/pages\/1932\/revisions"}],"predecessor-version":[{"id":3665,"href":"https:\/\/smartit.ws\/az\/wp-json\/wp\/v2\/pages\/1932\/revisions\/3665"}],"up":[{"embeddable":true,"href":"https:\/\/smartit.ws\/az\/wp-json\/wp\/v2\/pages\/11"}],"wp:attachment":[{"href":"https:\/\/smartit.ws\/az\/wp-json\/wp\/v2\/media?parent=1932"}],"curies":[{"name":"wp","href":"https:\/\/api.w.org\/{rel}","templated":true}]}}