{"id":1858,"date":"2022-04-18T17:04:28","date_gmt":"2022-04-18T17:04:28","guid":{"rendered":"https:\/\/smartit.ws\/?page_id=1858"},"modified":"2022-10-18T15:06:29","modified_gmt":"2022-10-18T15:06:29","slug":"sandbox","status":"publish","type":"page","link":"https:\/\/smartit.ws\/az\/solutions\/perimeter-security-solutions\/sandbox\/","title":{"rendered":"Sandbox"},"content":{"rendered":"<div data-elementor-type=\"wp-page\" data-elementor-id=\"1858\" class=\"elementor elementor-1858\" data-elementor-settings=\"{&quot;ha_cmc_init_switcher&quot;:&quot;no&quot;}\" data-elementor-post-type=\"page\">\n\t\t\t\t\t\t<section class=\"elementor-section elementor-top-section elementor-element elementor-element-6090fb7 elementor-section-boxed elementor-section-height-default elementor-section-height-default\" data-id=\"6090fb7\" data-element_type=\"section\" data-e-type=\"section\">\n\t\t\t\t\t\t<div class=\"elementor-container elementor-column-gap-default\">\n\t\t\t\t\t<div class=\"elementor-column elementor-col-100 elementor-top-column elementor-element elementor-element-0a1f969\" data-id=\"0a1f969\" data-element_type=\"column\" data-e-type=\"column\" data-settings=\"{&quot;background_background&quot;:&quot;classic&quot;}\">\n\t\t\t<div class=\"elementor-widget-wrap elementor-element-populated\">\n\t\t\t\t\t\t<section class=\"elementor-section elementor-inner-section elementor-element elementor-element-39bb6ba elementor-section-boxed elementor-section-height-default elementor-section-height-default\" data-id=\"39bb6ba\" data-element_type=\"section\" data-e-type=\"section\">\n\t\t\t\t\t\t<div class=\"elementor-container elementor-column-gap-default\">\n\t\t\t\t\t<div class=\"elementor-column elementor-col-50 elementor-inner-column elementor-element elementor-element-a861a1d\" data-id=\"a861a1d\" data-element_type=\"column\" data-e-type=\"column\">\n\t\t\t<div class=\"elementor-widget-wrap elementor-element-populated\">\n\t\t\t\t\t\t<div class=\"elementor-element elementor-element-09cbed3 elementor-widget elementor-widget-image\" data-id=\"09cbed3\" data-element_type=\"widget\" data-e-type=\"widget\" data-widget_type=\"image.default\">\n\t\t\t\t<div class=\"elementor-widget-container\">\n\t\t\t\t\t\t\t\t\t\t\t\t\t\t\t<img decoding=\"async\" width=\"37\" height=\"36\" src=\"https:\/\/smartit.ws\/wp-content\/uploads\/2022\/08\/Sandbox.png\" class=\"attachment-full size-full wp-image-2854\" alt=\"\" \/>\t\t\t\t\t\t\t\t\t\t\t\t\t\t\t<\/div>\n\t\t\t\t<\/div>\n\t\t\t\t\t<\/div>\n\t\t<\/div>\n\t\t\t\t<div class=\"elementor-column elementor-col-50 elementor-inner-column elementor-element elementor-element-22fd910\" data-id=\"22fd910\" data-element_type=\"column\" data-e-type=\"column\">\n\t\t\t<div class=\"elementor-widget-wrap elementor-element-populated\">\n\t\t\t\t\t\t<div class=\"elementor-element elementor-element-1798507 elementor-widget elementor-widget-heading\" data-id=\"1798507\" data-element_type=\"widget\" data-e-type=\"widget\" data-widget_type=\"heading.default\">\n\t\t\t\t<div class=\"elementor-widget-container\">\n\t\t\t\t\t<h2 class=\"elementor-heading-title elementor-size-default\">Sandbox<\/h2>\t\t\t\t<\/div>\n\t\t\t\t<\/div>\n\t\t\t\t\t<\/div>\n\t\t<\/div>\n\t\t\t\t\t<\/div>\n\t\t<\/section>\n\t\t\t\t<div class=\"elementor-element elementor-element-dbe1aa5 elementor-widget elementor-widget-text-editor\" data-id=\"dbe1aa5\" data-element_type=\"widget\" data-e-type=\"widget\" data-widget_type=\"text-editor.default\">\n\t\t\t\t<div class=\"elementor-widget-container\">\n\t\t\t\t\t\t\t\t\t<p>Sandbox h\u0259ll\u0259ri \u015f\u0259b\u0259k\u0259d\u0259 t\u0259crid olunmu\u015f v\u0259 son istifad\u0259\u00e7i \u0259m\u0259liyyat m\u00fchitl\u0259rini t\u0259qlid ed\u0259n bir m\u00fchitdir. Sandbox-lar \u0259sas cihaz v\u0259 ya \u015f\u0259b\u0259k\u0259y\u0259 z\u0259r\u0259r vurmadan \u015f\u00fcbh\u0259li kodu t\u0259hl\u00fck\u0259siz \u015f\u0259kild\u0259 icra etm\u0259k \u00fc\u00e7\u00fcn istifad\u0259 olunur.<\/p><p>Sandbox-dan istifad\u0259 yeni t\u0259hl\u00fck\u0259sizlik t\u0259hdidl\u0259rind\u0259n \u2013 \u201czero-day\u201d (\u0259vv\u0259ll\u0259r g\u00f6r\u00fcnm\u0259mi\u015f) z\u0259r\u0259rli proqramlara v\u0259 gizli h\u00fccumlara qar\u015f\u0131 f\u0259rqli bir m\u00fcdafi\u0259 s\u0259viyy\u0259si t\u0259min edir. Sandbox-da ba\u015f ver\u0259nl\u0259r is\u0259 oradaca qal\u0131r - sistem nasazl\u0131qlar\u0131n\u0131n v\u0259 proqram t\u0259minat\u0131 z\u0259iflikl\u0259rinin yay\u0131lmas\u0131n\u0131n qar\u015f\u0131s\u0131n\u0131 al\u0131r.<\/p><p>Sandbox m\u00fchitl\u0259ri yeni v\u0259 qabaqc\u0131l davaml\u0131 t\u0259hdidl\u0259r\u0259 (Advanced Persistent Threat, APT) qar\u015f\u0131 \u015f\u0259b\u0259k\u0259 t\u0259hl\u00fck\u0259sizliyi m\u00fcdafi\u0259sinin proaktiv t\u0259b\u0259q\u0259sini t\u0259min edir. APT-l\u0259r \u00e7ox vaxt t\u0259\u015fkilatlara h\u00fccum h\u0259yata ke\u00e7irm\u0259y\u0259 v\u0259 m\u0259lumatlar\u0131n o\u011furlanmas\u0131na y\u00f6n\u0259lmi\u015f x\u00fcsusi haz\u0131rlanm\u0131\u015f, h\u0259d\u0259fl\u0259nmi\u015f h\u00fccumlard\u0131r. Onlar a\u015fkarlanmadan yay\u0131nmaq \u00fc\u00e7\u00fcn n\u0259z\u0259rd\u0259 tutulmu\u015fdur v\u0259 ad\u0259t\u0259n daha sad\u0259 a\u015fkarlama metodlar\u0131ndan yan ke\u00e7irl\u0259r.<\/p><p>Sandbox testi, kodun davran\u0131\u015f\u0131n\u0131 v\u0259 \u00e7\u0131x\u0131\u015f f\u0259aliyy\u0259tini m\u00fc\u015fahid\u0259 etm\u0259k \u00fc\u00e7\u00fcn t\u0259hl\u00fck\u0259siz v\u0259 t\u0259crid olunmu\u015f m\u00fchitd\u0259 kodu icra etm\u0259kl\u0259 v\u0259 ya \u201cpartlatmaqla\u201d z\u0259r\u0259rli proqram t\u0259minat\u0131n\u0131 proaktiv \u015f\u0259kild\u0259 a\u015fkarlay\u0131r. \u018fn\u0259n\u0259vi t\u0259hl\u00fck\u0259sizlik t\u0259dbirl\u0259ri reaktivdir v\u0259 imza a\u015fkarlanmas\u0131na (signature detection) \u0259saslan\u0131r \u2013 bu, z\u0259r\u0259rli proqramlar\u0131n m\u0259lum hiss\u0259l\u0259rind\u0259 m\u00fc\u0259yy\u0259n edilmi\u015f n\u00fcmun\u0259l\u0259ri axtarmaqla i\u015fl\u0259yir.<\/p><p>\u201cDevelopment testing\u201d m\u00fchiti kimi, Sandbox ist\u0259nil\u0259n proqram\u0131 \u201cproduction\u201d m\u00fchitin\u0259 yerl\u0259\u015fdirm\u0259zd\u0259n v\u0259 ya \u201cproduction\u201d resurslar\u0131na giri\u015f verm\u0259d\u0259n \u0259vv\u0259l t\u0259hl\u00fck\u0259siz resursda i\u015fl\u0259tm\u0259k \u00fc\u00e7\u00fcn istifad\u0259 edil\u0259 bil\u0259r. Sandbox t\u0259\u015fkilatlara z\u0259r\u0259rli proqramlar v\u0259 ya planla\u015fd\u0131r\u0131lmam\u0131\u015f proqram q\u00fcsurlar\u0131 il\u0259 ba\u011fl\u0131 potensial probleml\u0259r yarada bil\u0259c\u0259k proqramlar\u0131 i\u015f\u0259 salmadan v\u0259 biznes \u00fc\u00e7\u00fcn kritik resurslar\u0131 z\u0259d\u0259l\u0259m\u0259d\u0259n idar\u0259 etm\u0259y\u0259 imkan verir.<\/p><p>Sandbox nam\u0259lum elektron m\u0259ktublar v\u0259 qo\u015fmalar \u00fc\u00e7\u00fcn karantin kimi d\u0259 istifad\u0259 olunur. E-po\u00e7t filtrl\u0259ri potensial z\u0259r\u0259rli e-po\u00e7t mesajlar\u0131n\u0131 v\u0259 qo\u015fmalar\u0131 a\u015fkar edir, lakin yanl\u0131\u015f i\u015fl\u0259m\u0259l\u0259ri (false positives) a\u015fkar etm\u0259k \u00fc\u00e7\u00fcn inzibat\u00e7\u0131ya daha t\u0259hl\u00fck\u0259siz platforma laz\u0131md\u0131r. Z\u0259r\u0259rli s\u0259n\u0259dl\u0259rd\u0259 Microsoft Office kimi populyar produktivlik proqramlar\u0131nda q\u00fcsurlardan istifad\u0259 ed\u0259n makroslar ola bil\u0259r. \u0130nzibat\u00e7\u0131 qo\u015fmalar\u0131 a\u00e7maq v\u0259 t\u0259hl\u00fck\u0259siz olub-olmad\u0131\u011f\u0131n\u0131 g\u00f6rm\u0259kd\u0259n \u00f6tr\u00fc makroslara baxmaq \u00fc\u00e7\u00fcn Sandbox virtual ma\u015f\u0131n\u0131ndan istifad\u0259 ed\u0259 bil\u0259r.<\/p><p>\u0130xtisasla\u015fm\u0131\u015f kibert\u0259hl\u00fck\u0259sizlik \u0259m\u0259kda\u015flar\u0131 olmayan t\u0259\u015fkilatlar \u00fc\u00e7\u00fcn Sandbox ist\u0259nil\u0259n i\u015f\u00e7i t\u0259r\u0259find\u0259n \u015f\u00fcbh\u0259li proqramlar\u0131 t\u0259crid etm\u0259k \u00fc\u00e7\u00fcn istifad\u0259 edil\u0259 bil\u0259r. Sandbox i\u015f\u00e7il\u0259r\u0259 sisteml\u0259ri yeni t\u0259hl\u00fck\u0259l\u0259r\u0259 m\u0259ruz qoymadan nam\u0259lum kodu i\u015fl\u0259tm\u0259y\u0259 imkan verir.<\/p>\t\t\t\t\t\t\t\t<\/div>\n\t\t\t\t<\/div>\n\t\t\t\t\t<\/div>\n\t\t<\/div>\n\t\t\t\t\t<\/div>\n\t\t<\/section>\n\t\t\t\t<\/div>","protected":false},"excerpt":{"rendered":"<p>Sandbox A sandbox is an isolated environment on a network that &#8230; <\/p>","protected":false},"author":1,"featured_media":0,"parent":1839,"menu_order":0,"comment_status":"closed","ping_status":"closed","template":"","meta":{"footnotes":""},"class_list":["post-1858","page","type-page","status-publish","hentry"],"_links":{"self":[{"href":"https:\/\/smartit.ws\/az\/wp-json\/wp\/v2\/pages\/1858","targetHints":{"allow":["GET"]}}],"collection":[{"href":"https:\/\/smartit.ws\/az\/wp-json\/wp\/v2\/pages"}],"about":[{"href":"https:\/\/smartit.ws\/az\/wp-json\/wp\/v2\/types\/page"}],"author":[{"embeddable":true,"href":"https:\/\/smartit.ws\/az\/wp-json\/wp\/v2\/users\/1"}],"replies":[{"embeddable":true,"href":"https:\/\/smartit.ws\/az\/wp-json\/wp\/v2\/comments?post=1858"}],"version-history":[{"count":6,"href":"https:\/\/smartit.ws\/az\/wp-json\/wp\/v2\/pages\/1858\/revisions"}],"predecessor-version":[{"id":3746,"href":"https:\/\/smartit.ws\/az\/wp-json\/wp\/v2\/pages\/1858\/revisions\/3746"}],"up":[{"embeddable":true,"href":"https:\/\/smartit.ws\/az\/wp-json\/wp\/v2\/pages\/1839"}],"wp:attachment":[{"href":"https:\/\/smartit.ws\/az\/wp-json\/wp\/v2\/media?parent=1858"}],"curies":[{"name":"wp","href":"https:\/\/api.w.org\/{rel}","templated":true}]}}