{"id":1856,"date":"2022-04-18T17:04:06","date_gmt":"2022-04-18T17:04:06","guid":{"rendered":"https:\/\/smartit.ws\/?page_id=1856"},"modified":"2022-10-18T15:07:08","modified_gmt":"2022-10-18T15:07:08","slug":"web-application-firewall-waf","status":"publish","type":"page","link":"https:\/\/smartit.ws\/az\/solutions\/perimeter-security-solutions\/web-application-firewall-waf\/","title":{"rendered":"Veb t\u0259tbiql\u0259r \u00fc\u00e7\u00fcn \u015f\u0259b\u0259k\u0259l\u0259raras\u0131 ekranlar (WAF)"},"content":{"rendered":"<div data-elementor-type=\"wp-page\" data-elementor-id=\"1856\" class=\"elementor elementor-1856\" data-elementor-settings=\"{&quot;ha_cmc_init_switcher&quot;:&quot;no&quot;}\" data-elementor-post-type=\"page\">\n\t\t\t\t\t\t<section class=\"elementor-section elementor-top-section elementor-element elementor-element-6090fb7 elementor-section-boxed elementor-section-height-default elementor-section-height-default\" data-id=\"6090fb7\" data-element_type=\"section\" data-e-type=\"section\">\n\t\t\t\t\t\t<div class=\"elementor-container elementor-column-gap-default\">\n\t\t\t\t\t<div class=\"elementor-column elementor-col-100 elementor-top-column elementor-element elementor-element-0a1f969\" data-id=\"0a1f969\" data-element_type=\"column\" data-e-type=\"column\" data-settings=\"{&quot;background_background&quot;:&quot;classic&quot;}\">\n\t\t\t<div class=\"elementor-widget-wrap elementor-element-populated\">\n\t\t\t\t\t\t<section class=\"elementor-section elementor-inner-section elementor-element elementor-element-4c61c55 elementor-section-boxed elementor-section-height-default elementor-section-height-default\" data-id=\"4c61c55\" data-element_type=\"section\" data-e-type=\"section\">\n\t\t\t\t\t\t<div class=\"elementor-container elementor-column-gap-default\">\n\t\t\t\t\t<div class=\"elementor-column elementor-col-50 elementor-inner-column elementor-element elementor-element-9fb3677\" data-id=\"9fb3677\" data-element_type=\"column\" data-e-type=\"column\">\n\t\t\t<div class=\"elementor-widget-wrap elementor-element-populated\">\n\t\t\t\t\t\t<div class=\"elementor-element elementor-element-83ba78a elementor-widget elementor-widget-image\" data-id=\"83ba78a\" data-element_type=\"widget\" data-e-type=\"widget\" data-widget_type=\"image.default\">\n\t\t\t\t<div class=\"elementor-widget-container\">\n\t\t\t\t\t\t\t\t\t\t\t\t\t\t\t<img decoding=\"async\" width=\"37\" height=\"36\" src=\"https:\/\/smartit.ws\/wp-content\/uploads\/2022\/08\/Web-Application-Firewall.png\" class=\"attachment-full size-full wp-image-2850\" alt=\"\" \/>\t\t\t\t\t\t\t\t\t\t\t\t\t\t\t<\/div>\n\t\t\t\t<\/div>\n\t\t\t\t\t<\/div>\n\t\t<\/div>\n\t\t\t\t<div class=\"elementor-column elementor-col-50 elementor-inner-column elementor-element elementor-element-38065c4\" data-id=\"38065c4\" data-element_type=\"column\" data-e-type=\"column\">\n\t\t\t<div class=\"elementor-widget-wrap elementor-element-populated\">\n\t\t\t\t\t\t<div class=\"elementor-element elementor-element-81a7c27 elementor-widget elementor-widget-heading\" data-id=\"81a7c27\" data-element_type=\"widget\" data-e-type=\"widget\" data-widget_type=\"heading.default\">\n\t\t\t\t<div class=\"elementor-widget-container\">\n\t\t\t\t\t<h2 class=\"elementor-heading-title elementor-size-default\">Veb t\u0259tbiql\u0259r \u00fc\u00e7\u00fcn \u015f\u0259b\u0259k\u0259l\u0259raras\u0131 ekranlar (WAF)<\/h2>\t\t\t\t<\/div>\n\t\t\t\t<\/div>\n\t\t\t\t\t<\/div>\n\t\t<\/div>\n\t\t\t\t\t<\/div>\n\t\t<\/section>\n\t\t\t\t<div class=\"elementor-element elementor-element-dbe1aa5 elementor-widget elementor-widget-text-editor\" data-id=\"dbe1aa5\" data-element_type=\"widget\" data-e-type=\"widget\" data-widget_type=\"text-editor.default\">\n\t\t\t\t<div class=\"elementor-widget-container\">\n\t\t\t\t\t\t\t\t\t<p>Veb t\u0259tbiql\u0259ri \u00fc\u00e7\u00fcn n\u0259z\u0259rd\u0259 tutulmu\u015f \u015f\u0259b\u0259k\u0259l\u0259raras\u0131 ekranlar (web application firewall, WAF) veb t\u0259tbiq serverl\u0259rini v\u0259 infrastrukturunu \u0130nternet v\u0259 xarici \u015f\u0259b\u0259k\u0259l\u0259rd\u0259n qaynaqlanan h\u00fccum v\u0259 t\u0259hl\u00fck\u0259l\u0259rd\u0259n qoruyur. WAF, \u0259vv\u0259lc\u0259d\u0259n m\u00fc\u0259yy\u0259n edilmi\u015f qaydalardan istifad\u0259 ed\u0259r\u0259k HTTP sor\u011fular\u0131n\u0131 v\u0259 sessiyalar\u0131n\u0131 q\u0259bul etm\u0259k v\u0259 r\u0259dd etm\u0259k \u00fc\u00e7\u00fcn f\u0259rdil\u0259\u015fdiril\u0259 bil\u0259n x\u00fcsusi qurulmu\u015f bir firewall-d\u0131r.<\/p><p>WAF veb t\u0259tbiql\u0259ri \u201ccross-site scripting\u201d (XSS), SQL inyeksiyas\u0131 (SQL \u0130njection) v\u0259 cookie z\u0259h\u0259rl\u0259nm\u0259si kimi m\u00fcxt\u0259lif t\u0259tbiq s\u0259viyy\u0259li h\u00fccumlardan qoruyur. T\u0259tbiql\u0259r\u0259 edil\u0259n h\u00fccumlar pozuntular\u0131n \u0259sas s\u0259b\u0259bidir - onlar d\u0259y\u0259rli m\u0259lumatlar\u0131n\u0131za giri\u015f qap\u0131s\u0131d\u0131r. D\u00fczg\u00fcn qura\u015fd\u0131r\u0131lm\u0131\u015f WAF il\u0259 siz sisteml\u0259riniz\u0259 t\u0259hl\u00fck\u0259 yaradaraq h\u0259min m\u0259lumatlara giri\u015f \u0259ld\u0259 etm\u0259k m\u0259qs\u0259di da\u015f\u0131yan h\u00fccumlar\u0131 blok ed\u0259 bil\u0259rsiniz.<\/p><p>WAF ad\u0259t\u0259n veb serverl\u0259rl\u0259 \u0130nternet \u015f\u0259b\u0259k\u0259si aras\u0131nda yerl\u0259\u015fdirilir. Bu, ad\u0259t\u0259n istehsal\u00e7\u0131 t\u0259r\u0259find\u0259n \u0259vv\u0259lc\u0259d\u0259n qura\u015fd\u0131r\u0131lm\u0131\u015f t\u0259hl\u00fck\u0259sizlik proqram\u0131na malik m\u00fcst\u0259qil bir cihaz formas\u0131nda olur. WAF veb t\u0259tbiql\u0259r\u0259 daxil olan v\u0259 \u015f\u0259b\u0259k\u0259 xaricin\u0259 ged\u0259n b\u00fct\u00fcn traffiki filtrl\u0259yir. WAF v\u0259lum z\u0259r\u0259rli HTTP-\u0259sasl\u0131 h\u00fccumlara uy\u011fun konfiqurasiya edildikd\u0259n sonra bu c\u00fcr traffiki v\u0259 sor\u011fular\u0131 skan edir v\u0259 dayand\u0131r\u0131r.<\/p>\t\t\t\t\t\t\t\t<\/div>\n\t\t\t\t<\/div>\n\t\t\t\t\t<\/div>\n\t\t<\/div>\n\t\t\t\t\t<\/div>\n\t\t<\/section>\n\t\t\t\t<\/div>","protected":false},"excerpt":{"rendered":"<p>Web Application Firewall (WAF) A web application firewall (WAF) protects web &#8230; <\/p>","protected":false},"author":1,"featured_media":0,"parent":1839,"menu_order":0,"comment_status":"closed","ping_status":"closed","template":"","meta":{"footnotes":""},"class_list":["post-1856","page","type-page","status-publish","hentry"],"_links":{"self":[{"href":"https:\/\/smartit.ws\/az\/wp-json\/wp\/v2\/pages\/1856","targetHints":{"allow":["GET"]}}],"collection":[{"href":"https:\/\/smartit.ws\/az\/wp-json\/wp\/v2\/pages"}],"about":[{"href":"https:\/\/smartit.ws\/az\/wp-json\/wp\/v2\/types\/page"}],"author":[{"embeddable":true,"href":"https:\/\/smartit.ws\/az\/wp-json\/wp\/v2\/users\/1"}],"replies":[{"embeddable":true,"href":"https:\/\/smartit.ws\/az\/wp-json\/wp\/v2\/comments?post=1856"}],"version-history":[{"count":3,"href":"https:\/\/smartit.ws\/az\/wp-json\/wp\/v2\/pages\/1856\/revisions"}],"predecessor-version":[{"id":3749,"href":"https:\/\/smartit.ws\/az\/wp-json\/wp\/v2\/pages\/1856\/revisions\/3749"}],"up":[{"embeddable":true,"href":"https:\/\/smartit.ws\/az\/wp-json\/wp\/v2\/pages\/1839"}],"wp:attachment":[{"href":"https:\/\/smartit.ws\/az\/wp-json\/wp\/v2\/media?parent=1856"}],"curies":[{"name":"wp","href":"https:\/\/api.w.org\/{rel}","templated":true}]}}