{"id":1854,"date":"2022-04-18T17:02:58","date_gmt":"2022-04-18T17:02:58","guid":{"rendered":"https:\/\/smartit.ws\/?page_id=1854"},"modified":"2022-10-18T15:12:50","modified_gmt":"2022-10-18T15:12:50","slug":"secure-email-gateway-seg","status":"publish","type":"page","link":"https:\/\/smartit.ws\/az\/solutions\/perimeter-security-solutions\/secure-email-gateway-seg\/","title":{"rendered":"Elektron po\u00e7t t\u0259hl\u00fck\u0259sizlik \u015fl\u00fcz\u00fc (SEG)"},"content":{"rendered":"<div data-elementor-type=\"wp-page\" data-elementor-id=\"1854\" class=\"elementor elementor-1854\" data-elementor-settings=\"{&quot;ha_cmc_init_switcher&quot;:&quot;no&quot;}\" data-elementor-post-type=\"page\">\n\t\t\t\t\t\t<section class=\"elementor-section elementor-top-section elementor-element elementor-element-6090fb7 elementor-section-boxed elementor-section-height-default elementor-section-height-default\" data-id=\"6090fb7\" data-element_type=\"section\" data-e-type=\"section\">\n\t\t\t\t\t\t<div class=\"elementor-container elementor-column-gap-default\">\n\t\t\t\t\t<div class=\"elementor-column elementor-col-100 elementor-top-column elementor-element elementor-element-0a1f969\" data-id=\"0a1f969\" data-element_type=\"column\" data-e-type=\"column\" data-settings=\"{&quot;background_background&quot;:&quot;classic&quot;}\">\n\t\t\t<div class=\"elementor-widget-wrap elementor-element-populated\">\n\t\t\t\t\t\t<section class=\"elementor-section elementor-inner-section elementor-element elementor-element-78612da elementor-section-boxed elementor-section-height-default elementor-section-height-default\" data-id=\"78612da\" data-element_type=\"section\" data-e-type=\"section\">\n\t\t\t\t\t\t<div class=\"elementor-container elementor-column-gap-default\">\n\t\t\t\t\t<div class=\"elementor-column elementor-col-50 elementor-inner-column elementor-element elementor-element-5847e70\" data-id=\"5847e70\" data-element_type=\"column\" data-e-type=\"column\">\n\t\t\t<div class=\"elementor-widget-wrap elementor-element-populated\">\n\t\t\t\t\t\t<div class=\"elementor-element elementor-element-f0ceb5a elementor-widget elementor-widget-image\" data-id=\"f0ceb5a\" data-element_type=\"widget\" data-e-type=\"widget\" data-widget_type=\"image.default\">\n\t\t\t\t<div class=\"elementor-widget-container\">\n\t\t\t\t\t\t\t\t\t\t\t\t\t\t\t<img decoding=\"async\" width=\"37\" height=\"36\" src=\"https:\/\/smartit.ws\/wp-content\/uploads\/2022\/08\/Secure-Email-Gateway.png\" class=\"attachment-full size-full wp-image-2846\" alt=\"\" \/>\t\t\t\t\t\t\t\t\t\t\t\t\t\t\t<\/div>\n\t\t\t\t<\/div>\n\t\t\t\t\t<\/div>\n\t\t<\/div>\n\t\t\t\t<div class=\"elementor-column elementor-col-50 elementor-inner-column elementor-element elementor-element-cd3cdac\" data-id=\"cd3cdac\" data-element_type=\"column\" data-e-type=\"column\">\n\t\t\t<div class=\"elementor-widget-wrap elementor-element-populated\">\n\t\t\t\t\t\t<div class=\"elementor-element elementor-element-d4e571d elementor-widget elementor-widget-heading\" data-id=\"d4e571d\" data-element_type=\"widget\" data-e-type=\"widget\" data-widget_type=\"heading.default\">\n\t\t\t\t<div class=\"elementor-widget-container\">\n\t\t\t\t\t<h2 class=\"elementor-heading-title elementor-size-default\">Elektron po\u00e7t t\u0259hl\u00fck\u0259sizlik \u015fl\u00fcz\u00fc (SEG)<\/h2>\t\t\t\t<\/div>\n\t\t\t\t<\/div>\n\t\t\t\t\t<\/div>\n\t\t<\/div>\n\t\t\t\t\t<\/div>\n\t\t<\/section>\n\t\t\t\t<div class=\"elementor-element elementor-element-dbe1aa5 elementor-widget elementor-widget-text-editor\" data-id=\"dbe1aa5\" data-element_type=\"widget\" data-e-type=\"widget\" data-widget_type=\"text-editor.default\">\n\t\t\t\t<div class=\"elementor-widget-container\">\n\t\t\t\t\t\t\t\t\t<p>Elektron po\u00e7t \u015fl\u00fczl\u0259ri t\u0259\u015fkilatlar\u0131n v\u0259 ya istifad\u0259\u00e7il\u0259rin daxili elektron po\u00e7t serverl\u0259rini qoruyan bir h\u0259ll n\u00f6v\u00fcd\u00fcr. Bu h\u0259ll\u0259r h\u0259r bir daxil olan v\u0259 k\u0259nara g\u00f6nd\u0259ril\u0259n elektron m\u0259ktubun ke\u00e7diyi bir \u015fl\u00fcz rolunu oynay\u0131r. Secure Email Gateway (SEG) g\u00f6nd\u0259ril\u0259n v\u0259 q\u0259bul edil\u0259n elektron m\u0259ktubun monitorinqi \u00fc\u00e7\u00fcn istifad\u0259 olunan cihaz v\u0259 ya proqramd\u0131r. E-po\u00e7t \u015fl\u00fcz\u00fcn\u00fcn qorunmas\u0131 arzuolunmaz e-po\u00e7tun qar\u015f\u0131s\u0131n\u0131n al\u0131nmas\u0131 v\u0259 t\u0259miz (z\u0259r\u0259rverici olmayan) m\u0259ktublar\u0131n \u00e7atd\u0131r\u0131lmas\u0131 \u00fc\u00e7\u00fcn n\u0259z\u0259rd\u0259 tutulmu\u015fdur. Arzuolunmayan mesaj tipl\u0259rin\u0259 spam, fi\u015finq h\u00fccumlar\u0131, z\u0259r\u0259rli proqram v\u0259 ya saxta m\u0259zmunlu elektron m\u0259ktublar daxildir. H\u0259ssas m\u0259lumatlar\u0131n t\u0259\u015fkilatdan \u00e7\u0131xmas\u0131n\u0131n qar\u015f\u0131s\u0131n\u0131 almaq v\u0259 ya h\u0259ssas m\u0259lumatlar da\u015f\u0131yan m\u0259ktublar\u0131 avtomatik \u015fifr\u0259l\u0259m\u0259k \u00fc\u00e7\u00fcn g\u00f6nd\u0259ril\u0259n mesajlar t\u0259hlil edil\u0259 bil\u0259r. SEG funksionall\u0131\u011f\u0131 t\u0259l\u0259bl\u0259rd\u0259n as\u0131l\u0131 olaraq bulud xidm\u0259ti v\u0259 ya yerli (on-premises) cihaz kimi yerl\u0259\u015fdiril\u0259 bil\u0259r.<\/p><p>SEG z\u0259r\u0259rli m\u0259zmunlu elektron m\u0259ktublar\u0131n g\u00f6nd\u0259ril\u0259n al\u0131c\u0131ya \u00e7atmas\u0131n\u0131n qar\u015f\u0131s\u0131n\u0131 almaq \u00fc\u00e7\u00fcn n\u0259z\u0259rd\u0259 tutulmu\u015fdur. Z\u0259r\u0259rli m\u0259ktublar\u0131 karantin\u0259 yerl\u0259\u015fdirm\u0259kl\u0259 v\u0259 ya g\u00f6nd\u0259ricinin elektron \u00fcnvan\u0131n\u0131 bloklamaqla t\u0259hl\u00fck\u0259siz e-po\u00e7t \u015fl\u00fcz\u00fc istifad\u0259\u00e7i m\u0259lumatlar\u0131n\u0131n (credentials), e-po\u00e7t hostlar\u0131n\u0131n v\u0259 h\u0259ssas \u015firk\u0259t m\u0259lumatlar\u0131n\u0131n \u0259l\u0259 ke\u00e7irilm\u0259sinin say\u0131n\u0131 \u0259h\u0259miyy\u0259tli d\u0259r\u0259c\u0259d\u0259 azald\u0131r.<\/p><p>SEG-l\u0259r \u0259sas\u0259n iki formada i\u015fl\u0259m\u0259k \u00fc\u00e7\u00fcn n\u0259z\u0259rd\u0259 tutulmu\u015fdur. Onlar elektron m\u0259ktubun g\u00f6nd\u0259ricisini domen identifikasiyas\u0131 v\u0259 g\u00f6nd\u0259rici reputasiyas\u0131 vasit\u0259sil\u0259 t\u0259sdiql\u0259m\u0259y\u0259 \u00e7al\u0131\u015f\u0131rlar, h\u0259m\u00e7inin, Threat Intelligence, antivirus v\u0259 m\u0259zmun t\u0259hlili al\u0259tl\u0259rind\u0259n istifad\u0259 ed\u0259r\u0259k m\u0259ktubun m\u0259zmununu t\u0259sdiql\u0259m\u0259y\u0259 \u00e7al\u0131\u015f\u0131rlar.<\/p>\t\t\t\t\t\t\t\t<\/div>\n\t\t\t\t<\/div>\n\t\t\t\t\t<\/div>\n\t\t<\/div>\n\t\t\t\t\t<\/div>\n\t\t<\/section>\n\t\t\t\t<\/div>","protected":false},"excerpt":{"rendered":"<p>Secure Email Gateway (SEG) An email gateway is a type of &#8230; <\/p>","protected":false},"author":1,"featured_media":0,"parent":1839,"menu_order":0,"comment_status":"closed","ping_status":"closed","template":"","meta":{"footnotes":""},"class_list":["post-1854","page","type-page","status-publish","hentry"],"_links":{"self":[{"href":"https:\/\/smartit.ws\/az\/wp-json\/wp\/v2\/pages\/1854","targetHints":{"allow":["GET"]}}],"collection":[{"href":"https:\/\/smartit.ws\/az\/wp-json\/wp\/v2\/pages"}],"about":[{"href":"https:\/\/smartit.ws\/az\/wp-json\/wp\/v2\/types\/page"}],"author":[{"embeddable":true,"href":"https:\/\/smartit.ws\/az\/wp-json\/wp\/v2\/users\/1"}],"replies":[{"embeddable":true,"href":"https:\/\/smartit.ws\/az\/wp-json\/wp\/v2\/comments?post=1854"}],"version-history":[{"count":6,"href":"https:\/\/smartit.ws\/az\/wp-json\/wp\/v2\/pages\/1854\/revisions"}],"predecessor-version":[{"id":3758,"href":"https:\/\/smartit.ws\/az\/wp-json\/wp\/v2\/pages\/1854\/revisions\/3758"}],"up":[{"embeddable":true,"href":"https:\/\/smartit.ws\/az\/wp-json\/wp\/v2\/pages\/1839"}],"wp:attachment":[{"href":"https:\/\/smartit.ws\/az\/wp-json\/wp\/v2\/media?parent=1854"}],"curies":[{"name":"wp","href":"https:\/\/api.w.org\/{rel}","templated":true}]}}