{"id":1846,"date":"2022-04-18T16:55:52","date_gmt":"2022-04-18T16:55:52","guid":{"rendered":"https:\/\/smartit.ws\/?page_id=1846"},"modified":"2022-10-18T15:12:41","modified_gmt":"2022-10-18T15:12:41","slug":"next-generation-firewall-ngfw","status":"publish","type":"page","link":"https:\/\/smartit.ws\/az\/solutions\/perimeter-security-solutions\/next-generation-firewall-ngfw\/","title":{"rendered":"Yeni n\u0259sil \u015f\u0259b\u0259k\u0259l\u0259raras\u0131 ekranlar (NGFW)"},"content":{"rendered":"<div data-elementor-type=\"wp-page\" data-elementor-id=\"1846\" class=\"elementor elementor-1846\" data-elementor-settings=\"{&quot;ha_cmc_init_switcher&quot;:&quot;no&quot;}\" data-elementor-post-type=\"page\">\n\t\t\t\t\t\t<section class=\"elementor-section elementor-top-section elementor-element elementor-element-6090fb7 elementor-section-boxed elementor-section-height-default elementor-section-height-default\" data-id=\"6090fb7\" data-element_type=\"section\" data-e-type=\"section\">\n\t\t\t\t\t\t<div class=\"elementor-container elementor-column-gap-default\">\n\t\t\t\t\t<div class=\"elementor-column elementor-col-100 elementor-top-column elementor-element elementor-element-0a1f969\" data-id=\"0a1f969\" data-element_type=\"column\" data-e-type=\"column\" data-settings=\"{&quot;background_background&quot;:&quot;classic&quot;}\">\n\t\t\t<div class=\"elementor-widget-wrap elementor-element-populated\">\n\t\t\t\t\t\t<section class=\"elementor-section elementor-inner-section elementor-element elementor-element-2e2eeae elementor-section-boxed elementor-section-height-default elementor-section-height-default\" data-id=\"2e2eeae\" data-element_type=\"section\" data-e-type=\"section\">\n\t\t\t\t\t\t<div class=\"elementor-container elementor-column-gap-default\">\n\t\t\t\t\t<div class=\"elementor-column elementor-col-50 elementor-inner-column elementor-element elementor-element-3f5b656\" data-id=\"3f5b656\" data-element_type=\"column\" data-e-type=\"column\">\n\t\t\t<div class=\"elementor-widget-wrap elementor-element-populated\">\n\t\t\t\t\t\t<div class=\"elementor-element elementor-element-db52d99 elementor-widget elementor-widget-image\" data-id=\"db52d99\" data-element_type=\"widget\" data-e-type=\"widget\" data-widget_type=\"image.default\">\n\t\t\t\t<div class=\"elementor-widget-container\">\n\t\t\t\t\t\t\t\t\t\t\t\t\t\t\t<img decoding=\"async\" width=\"36\" height=\"36\" src=\"https:\/\/smartit.ws\/wp-content\/uploads\/2022\/08\/Next-Generation-Firewall.png\" class=\"attachment-full size-full wp-image-2842\" alt=\"\" \/>\t\t\t\t\t\t\t\t\t\t\t\t\t\t\t<\/div>\n\t\t\t\t<\/div>\n\t\t\t\t\t<\/div>\n\t\t<\/div>\n\t\t\t\t<div class=\"elementor-column elementor-col-50 elementor-inner-column elementor-element elementor-element-c691a8f\" data-id=\"c691a8f\" data-element_type=\"column\" data-e-type=\"column\">\n\t\t\t<div class=\"elementor-widget-wrap elementor-element-populated\">\n\t\t\t\t\t\t<div class=\"elementor-element elementor-element-b5eb667 elementor-widget elementor-widget-heading\" data-id=\"b5eb667\" data-element_type=\"widget\" data-e-type=\"widget\" data-widget_type=\"heading.default\">\n\t\t\t\t<div class=\"elementor-widget-container\">\n\t\t\t\t\t<h2 class=\"elementor-heading-title elementor-size-default\">Yeni n\u0259sil \u015f\u0259b\u0259k\u0259l\u0259raras\u0131 ekranlar (NGFW)<\/h2>\t\t\t\t<\/div>\n\t\t\t\t<\/div>\n\t\t\t\t\t<\/div>\n\t\t<\/div>\n\t\t\t\t\t<\/div>\n\t\t<\/section>\n\t\t\t\t<div class=\"elementor-element elementor-element-dbe1aa5 elementor-widget elementor-widget-text-editor\" data-id=\"dbe1aa5\" data-element_type=\"widget\" data-e-type=\"widget\" data-widget_type=\"text-editor.default\">\n\t\t\t\t<div class=\"elementor-widget-container\">\n\t\t\t\t\t\t\t\t\t<p>Yeni n\u0259sil \u015f\u0259b\u0259k\u0259l\u0259raras\u0131 ekranlar (Next-generation firewalls, NGFW) proqram v\u0259 ya apparat \u00fcz\u0259rind\u0259n i\u015fl\u0259y\u0259n v\u0259 protokol, port v\u0259 t\u0259tbiq s\u0259viyy\u0259sind\u0259 t\u0259hl\u00fck\u0259sizlik t\u0259dbirl\u0259rini h\u0259yata ke\u00e7irm\u0259kl\u0259 m\u00fcr\u0259kk\u0259b h\u00fccumlar\u0131 a\u015fkar etm\u0259k v\u0259 bloklamaq imkan\u0131 olan bir firewall sinfidir.<\/p><p>Standart firewall v\u0259 NGFW aras\u0131ndak\u0131 f\u0259rq ondan ibar\u0259tdir ki, NGFW yoxlaman\u0131 daha d\u0259rind\u0259n v\u0259 daha a\u011f\u0131ll\u0131 \u00fcsullarla h\u0259yata ke\u00e7irir. NGFW h\u0259m\u00e7inin active directory il\u0259 inteqrasiya d\u0259st\u0259yi, SSH v\u0259 SSL yoxlamas\u0131 v\u0259 reputasiya \u0259sas\u0131nda z\u0259r\u0259rli proqramlar\u0131n filtrasiyas\u0131 kimi \u0259lav\u0259 funksiyalar t\u0259qdim edir.<\/p><p>NGFW, co\u011frafi \u0259razi v\u0259 ya cihaz n\u00f6v\u00fcnd\u0259n as\u0131l\u0131 olmayaraq, b\u00fct\u00fcn trafiki (t\u0259tbiql\u0259r, t\u0259hl\u00fck\u0259l\u0259r v\u0259 kontent) yoxlay\u0131r, onu istifad\u0259\u00e7i il\u0259 ba\u011flamaqla proqramlar\u0131 t\u0259hl\u00fck\u0259siz \u015f\u0259kild\u0259 i\u015f\u0259 sal\u0131r v\u0259 m\u00fcasir t\u0259hl\u00fck\u0259l\u0259rin qar\u015f\u0131s\u0131n\u0131 al\u0131r. T\u0259tbiq, kontent v\u0259 istifad\u0259\u00e7i \u2013 biznesinizi aparan elementl\u0259r olaraq sizin T\u0259hl\u00fck\u0259sizlik siyas\u0259tinizin ayr\u0131lmaz komponentl\u0259rin\u0259 \u00e7evrilir. Bu, t\u0259hl\u00fck\u0259sizliyinizi \u0259sas biznes t\u0259\u015f\u0259bb\u00fcsl\u0259rinizl\u0259 uy\u011funla\u015fd\u0131rma\u011fa imkan verir. Yeni n\u0259sil t\u0259hl\u00fck\u0259sizlik platformas\u0131 il\u0259 siz insidentl\u0259r\u0259 cavab vaxtlar\u0131n\u0131 azald\u0131r, nam\u0259lum t\u0259hl\u00fck\u0259l\u0259ri k\u0259\u015ff edir v\u0259 t\u0259hl\u00fck\u0259sizlik \u015f\u0259b\u0259k\u0259sinin yerl\u0259\u015fdirilm\u0259sini sad\u0259l\u0259\u015fdirirsiniz.<\/p><p>- B\u00fct\u00fcn trafiki klassifikasiya etm\u0259kl\u0259 v\u0259 biznes keysl\u0259ri m\u00fc\u0259yy\u0259n etm\u0259kl\u0259 m\u00fcvafiq t\u0259tbiql\u0259r \u00fc\u00e7\u00fcn giri\u015fl\u0259r\u0259 icaz\u0259 verir v\u0259 onlar\u0131 qorumaq \u00fc\u00e7\u00fcn siyas\u0259tl\u0259r t\u0259yin edir, t\u0259tbiql\u0259ri, istifad\u0259\u00e7il\u0259ri v\u0259 kontenti t\u0259hl\u00fck\u0259siz \u015f\u0259kild\u0259 aktivl\u0259\u015fdirir.<\/p><p>- T\u0259hl\u00fck\u0259l\u0259ri azaltmaq \u00fc\u00e7\u00fcn arzuolunmaz proqramlar\u0131 aradan qald\u0131rmaqla t\u0259hdidl\u0259rin qar\u015f\u0131s\u0131n\u0131 al\u0131r v\u0259 m\u0259lum eksploitl\u0259ri, viruslar\u0131, botnetl\u0259ri v\u0259 nam\u0259lum z\u0259r\u0259rli proqramlar\u0131 (APT) bloklamaq \u00fc\u00e7\u00fcn h\u0259d\u0259fl\u0259nmi\u015f T\u0259hl\u00fck\u0259sizlik siyas\u0259ti qaydalar\u0131n\u0131 t\u0259tbiq edir.<\/p><p>- T\u0259tbiql\u0259rin yoxlan\u0131lmas\u0131, m\u0259lumatlar\u0131n t\u0259crid edilm\u0259si, saxta proqramlara n\u0259zar\u0259t edilm\u0259si v\u0259 t\u0259hl\u00fck\u0259l\u0259rin d\u0259rhal qar\u015f\u0131s\u0131n\u0131n al\u0131nmas\u0131 il\u0259 m\u0259lumat m\u0259rk\u0259zl\u0259rinizi qoruyur.<\/p><p>- Geni\u015fl\u0259ndirilmi\u015f bax\u0131\u015f v\u0259 n\u0259zar\u0259tl\u0259 \u201cpublic\u201d v\u0259 \u201cprivate\u201d bulud hesablama m\u00fchitl\u0259rini qoruyur; T\u0259hl\u00fck\u0259sizlik siyas\u0259ti qaydalar\u0131n\u0131 virtual ma\u015f\u0131nlar\u0131n\u0131zla eyni s\u00fcr\u0259tl\u0259 yerl\u0259\u015fdirin, t\u0259tbiq edin v\u0259 qoruyun.<\/p>\t\t\t\t\t\t\t\t<\/div>\n\t\t\t\t<\/div>\n\t\t\t\t\t<\/div>\n\t\t<\/div>\n\t\t\t\t\t<\/div>\n\t\t<\/section>\n\t\t\t\t<\/div>","protected":false},"excerpt":{"rendered":"<p>Next Generation Firewall (NGFW) Next-generation firewalls are a class of firewall &#8230; <\/p>","protected":false},"author":1,"featured_media":0,"parent":1839,"menu_order":0,"comment_status":"closed","ping_status":"closed","template":"","meta":{"footnotes":""},"class_list":["post-1846","page","type-page","status-publish","hentry"],"_links":{"self":[{"href":"https:\/\/smartit.ws\/az\/wp-json\/wp\/v2\/pages\/1846","targetHints":{"allow":["GET"]}}],"collection":[{"href":"https:\/\/smartit.ws\/az\/wp-json\/wp\/v2\/pages"}],"about":[{"href":"https:\/\/smartit.ws\/az\/wp-json\/wp\/v2\/types\/page"}],"author":[{"embeddable":true,"href":"https:\/\/smartit.ws\/az\/wp-json\/wp\/v2\/users\/1"}],"replies":[{"embeddable":true,"href":"https:\/\/smartit.ws\/az\/wp-json\/wp\/v2\/comments?post=1846"}],"version-history":[{"count":6,"href":"https:\/\/smartit.ws\/az\/wp-json\/wp\/v2\/pages\/1846\/revisions"}],"predecessor-version":[{"id":3755,"href":"https:\/\/smartit.ws\/az\/wp-json\/wp\/v2\/pages\/1846\/revisions\/3755"}],"up":[{"embeddable":true,"href":"https:\/\/smartit.ws\/az\/wp-json\/wp\/v2\/pages\/1839"}],"wp:attachment":[{"href":"https:\/\/smartit.ws\/az\/wp-json\/wp\/v2\/media?parent=1846"}],"curies":[{"name":"wp","href":"https:\/\/api.w.org\/{rel}","templated":true}]}}