{"id":1839,"date":"2022-04-18T16:40:34","date_gmt":"2022-04-18T16:40:34","guid":{"rendered":"https:\/\/smartit.ws\/?page_id=1839"},"modified":"2022-10-18T09:31:59","modified_gmt":"2022-10-18T09:31:59","slug":"perimeter-security-solutions","status":"publish","type":"page","link":"https:\/\/smartit.ws\/az\/solutions\/perimeter-security-solutions\/","title":{"rendered":"Perimetr t\u0259hl\u00fck\u0259sizliyi h\u0259ll\u0259ri"},"content":{"rendered":"<div data-elementor-type=\"wp-page\" data-elementor-id=\"1839\" class=\"elementor elementor-1839\" data-elementor-settings=\"{&quot;ha_cmc_init_switcher&quot;:&quot;no&quot;}\" data-elementor-post-type=\"page\">\n\t\t\t\t\t\t<section class=\"elementor-section elementor-top-section elementor-element elementor-element-6090fb7 elementor-section-boxed elementor-section-height-default elementor-section-height-default\" data-id=\"6090fb7\" data-element_type=\"section\" data-e-type=\"section\">\n\t\t\t\t\t\t<div class=\"elementor-container elementor-column-gap-default\">\n\t\t\t\t\t<div class=\"elementor-column elementor-col-50 elementor-top-column elementor-element elementor-element-ef1b3d0\" data-id=\"ef1b3d0\" data-element_type=\"column\" data-e-type=\"column\" data-settings=\"{&quot;background_background&quot;:&quot;classic&quot;}\">\n\t\t\t<div class=\"elementor-widget-wrap elementor-element-populated\">\n\t\t\t\t\t\t<div class=\"elementor-element elementor-element-25a0db5 elementor-widget elementor-widget-cz_title\" data-id=\"25a0db5\" data-element_type=\"widget\" data-e-type=\"widget\" data-widget_type=\"cz_title.default\">\n\t\t\t\t<div class=\"elementor-widget-container\">\n\t\t\t\t\t\t\r\n\t\t<div>\r\n\t\t\t<div class=\"cz_title clr cz_mobile_text_center cz_title_pos_inline\"><div class=\"cz_title_content\"><div class=\"cz_wpe_content\"><h2>Perimetr t\u0259hl\u00fck\u0259sizliyi h\u0259ll\u0259ri<\/h2><\/div><\/div><\/div>\r\n\t\t<\/div>\r\n\t\t\r\n\t\t\t\t\t\t<\/div>\n\t\t\t\t<\/div>\n\t\t\t\t\t<\/div>\n\t\t<\/div>\n\t\t\t\t<div class=\"elementor-column elementor-col-50 elementor-top-column elementor-element elementor-element-0a1f969\" data-id=\"0a1f969\" data-element_type=\"column\" data-e-type=\"column\" data-settings=\"{&quot;background_background&quot;:&quot;classic&quot;}\">\n\t\t\t<div class=\"elementor-widget-wrap elementor-element-populated\">\n\t\t\t\t\t\t<div class=\"elementor-element elementor-element-c5b42e4 elementor-widget elementor-widget-cz_stylish_list\" data-id=\"c5b42e4\" data-element_type=\"widget\" data-e-type=\"widget\" data-widget_type=\"cz_stylish_list.default\">\n\t\t\t\t<div class=\"elementor-widget-container\">\n\t\t\t\t\t<ul class=\"cz_stylish_list clr center_on_mobile cz_sl_icon_hover_blur\"><li class=\"elementor-repeater-item-11e7155 clr\"><a href=\"https:\/\/smartit.ws\/az\/services\/perimeter-security-solutions\/next-generation-firewall-ngfw\/\"><div class=\"cz_sl_icon cz_sl_image\"><i class=\"mr10\"><img decoding=\"async\" width=\"36\" height=\"36\" src=\"https:\/\/smartit.ws\/wp-content\/uploads\/2022\/08\/Next-Generation-Firewall.png\" class=\"attachment-full size-full wp-image-2842\" alt=\"\" \/><\/i><\/div><div><span>Yeni n\u0259sil \u015f\u0259b\u0259k\u0259l\u0259raras\u0131 ekranlar (NGFW)<\/span><\/div><\/a><\/li><li class=\"elementor-repeater-item-75ecdbe clr\"><a href=\"https:\/\/smartit.ws\/az\/services\/perimeter-security-solutions\/secure-email-gateway-seg\/\"><div class=\"cz_sl_icon cz_sl_image\"><i class=\"mr10\"><img decoding=\"async\" width=\"37\" height=\"36\" src=\"https:\/\/smartit.ws\/wp-content\/uploads\/2022\/08\/Secure-Email-Gateway.png\" class=\"attachment-full size-full wp-image-2846\" alt=\"\" \/><\/i><\/div><div><span>Elektron po\u00e7t t\u0259hl\u00fck\u0259sizlik \u015fl\u00fcz\u00fc (SEG)<\/span><\/div><\/a><\/li><li class=\"elementor-repeater-item-346944f clr\"><a href=\"https:\/\/smartit.ws\/az\/services\/perimeter-security-solutions\/web-application-firewall-waf\/\"><div class=\"cz_sl_icon cz_sl_image\"><i class=\"mr10\"><img decoding=\"async\" width=\"37\" height=\"36\" src=\"https:\/\/smartit.ws\/wp-content\/uploads\/2022\/08\/Web-Application-Firewall.png\" class=\"attachment-full size-full wp-image-2850\" alt=\"\" \/><\/i><\/div><div><span>Veb t\u0259tbiql\u0259r \u00fc\u00e7\u00fcn \u015f\u0259b\u0259k\u0259l\u0259raras\u0131 ekranlar (WAF)<\/span><\/div><\/a><\/li><li class=\"elementor-repeater-item-1ddc32e clr\"><a href=\"https:\/\/smartit.ws\/az\/services\/perimeter-security-solutions\/sandbox\/\"><div class=\"cz_sl_icon cz_sl_image\"><i class=\"mr10\"><img loading=\"lazy\" decoding=\"async\" width=\"37\" height=\"36\" src=\"https:\/\/smartit.ws\/wp-content\/uploads\/2022\/08\/Sandbox.png\" class=\"attachment-full size-full wp-image-2854\" alt=\"\" \/><\/i><\/div><div><span>Sandbox<\/span><\/div><\/a><\/li><li class=\"elementor-repeater-item-9e68afa clr\"><a href=\"https:\/\/smartit.ws\/az\/services\/perimeter-security-solutions\/deception-for-threat-defence\/\"><div class=\"cz_sl_icon cz_sl_image\"><i class=\"mr10\"><img loading=\"lazy\" decoding=\"async\" width=\"36\" height=\"36\" src=\"https:\/\/smartit.ws\/wp-content\/uploads\/2022\/08\/Deception-for-Threat-Defence.png\" class=\"attachment-full size-full wp-image-2858\" alt=\"\" \/><\/i><\/div><div><span>Aldatma sisteml\u0259ri<\/span><\/div><\/a><\/li><\/ul>\t\t\t\t<\/div>\n\t\t\t\t<\/div>\n\t\t\t\t\t<\/div>\n\t\t<\/div>\n\t\t\t\t\t<\/div>\n\t\t<\/section>\n\t\t\t\t<\/div>","protected":false},"excerpt":{"rendered":"<p>Perimeter security solutions Next Generation Firewall (NGFW) Secure Email Gateway (SEG) &#8230; <\/p>","protected":false},"author":1,"featured_media":0,"parent":11,"menu_order":0,"comment_status":"closed","ping_status":"closed","template":"","meta":{"footnotes":""},"class_list":["post-1839","page","type-page","status-publish","hentry"],"_links":{"self":[{"href":"https:\/\/smartit.ws\/az\/wp-json\/wp\/v2\/pages\/1839","targetHints":{"allow":["GET"]}}],"collection":[{"href":"https:\/\/smartit.ws\/az\/wp-json\/wp\/v2\/pages"}],"about":[{"href":"https:\/\/smartit.ws\/az\/wp-json\/wp\/v2\/types\/page"}],"author":[{"embeddable":true,"href":"https:\/\/smartit.ws\/az\/wp-json\/wp\/v2\/users\/1"}],"replies":[{"embeddable":true,"href":"https:\/\/smartit.ws\/az\/wp-json\/wp\/v2\/comments?post=1839"}],"version-history":[{"count":9,"href":"https:\/\/smartit.ws\/az\/wp-json\/wp\/v2\/pages\/1839\/revisions"}],"predecessor-version":[{"id":3656,"href":"https:\/\/smartit.ws\/az\/wp-json\/wp\/v2\/pages\/1839\/revisions\/3656"}],"up":[{"embeddable":true,"href":"https:\/\/smartit.ws\/az\/wp-json\/wp\/v2\/pages\/11"}],"wp:attachment":[{"href":"https:\/\/smartit.ws\/az\/wp-json\/wp\/v2\/media?parent=1839"}],"curies":[{"name":"wp","href":"https:\/\/api.w.org\/{rel}","templated":true}]}}